{"id":940999,"date":"2023-11-13T16:41:43","date_gmt":"2023-11-13T15:41:43","guid":{"rendered":"https:\/\/www.claret.cat\/llibre\/cuento-de-navidad-9788419507594\/"},"modified":"2023-11-22T17:55:47","modified_gmt":"2023-11-22T16:55:47","slug":"cuento-de-navidad-9788419507594","status":"publish","type":"product","link":"https:\/\/www.claret.cat\/es\/libro\/cuento-de-navidad-9788419507594\/","title":{"rendered":"CUENTO DE NAVIDAD"},"content":{"rendered":"<p>Impecable edici\u00f3n \u00edntegra e ilustrada de la colecci\u00f3n \u00abAlfaguara Cl\u00e1sicos\u00bb de este cl\u00e1sico cuento navide\u00f1o del maestro de la narrativa inglesa. Unas Navidades, Ebenezer Scrooge, un avaro empresario bastante amargado, vive una gran aventura. En Nochebuena le visitan tres misteriosos fantasmas que le mostrar\u00e1n el Pasado, el Presente y el Futuro, y que le cambiar\u00e1n la vida para siempre. Un cuento entra\u00f1able, con texto \u00edntegro y preciosas ilustraciones, que nos recuerda el verdadero esp\u00edritu de la Navidad: el amor, la empat\u00eda y la importancia de compartir con los dem\u00e1s. Cl\u00e1sicos inolvidables para disfrutar, compartir y dejar volar la imaginaci\u00f3n.<\/p>\n","protected":false},"excerpt":{"rendered":"<p>DICKENS, CHARLES<\/p>\n","protected":false},"featured_media":941000,"template":"","meta":{"_acf_changed":false,"om_disable_all_campaigns":false,"rs_blank_template":"","rs_page_bg_color":"","slide_template_v7":"","inline_featured_image":false,"_monsterinsights_skip_tracking":false,"_monsterinsights_sitenote_active":false,"_monsterinsights_sitenote_note":"","_monsterinsights_sitenote_category":0},"product_brand":[],"product_cat":[133,132,362,363],"product_tag":[],"class_list":{"0":"post-940999","1":"product","2":"type-product","3":"status-publish","4":"has-post-thumbnail","6":"product_cat-lectures-per-adolescents-12-18-anys","7":"product_cat-lectures-per-preadolescents-6-12-anys","8":"product_cat-libros-preadolescentes-6-12-anos","9":"product_cat-lecturas-por-adolescentes-12-18-anos","11":"first","12":"instock","13":"taxable","14":"shipping-taxable","15":"purchasable","16":"product-type-simple"},"acf":{"autor":"DICKENS, CHARLES","codart":"841950759","libros-coleccion":"Alfaguara Cl\u00e1sicos","ediciones":"1","encuadernacion":"Carton\u00e9","fecha_de_publicacion":"01\/11\/2023","novedad":"1","paginas":"119","subtitulo":"","orden":"0","portada":"0","idioma":"spa","editorial":[{"ID":6118,"post_author":"3","post_date":"2022-07-28 17:45:17","post_date_gmt":"2022-07-28 15:45:17","post_content":"","post_title":"ALFAGUARA","post_excerpt":"","post_status":"publish","comment_status":"closed","ping_status":"closed","post_password":"","post_name":"alfaguara","to_ping":"","pinged":"","post_modified":"2022-07-28 17:45:17","post_modified_gmt":"2022-07-28 15:45:17","post_content_filtered":"","post_parent":0,"guid":"http:\/\/dev.claret.cat\/editorial\/alfaguara\/","menu_order":0,"post_type":"editorial","post_mime_type":"","comment_count":"0","filter":"raw"}],"autores-libros":[{"ID":152762,"post_author":"3","post_date":"2022-10-14 14:51:22","post_date_gmt":"2022-10-14 12:51:22","post_content":"","post_title":"CHARLES DICKENS","post_excerpt":"","post_status":"publish","comment_status":"closed","ping_status":"closed","post_password":"","post_name":"charles-dickens","to_ping":"","pinged":"","post_modified":"2022-10-14 14:51:22","post_modified_gmt":"2022-10-14 12:51:22","post_content_filtered":"","post_parent":0,"guid":"http:\/\/dev.claret.cat\/autor\/charles-dickens\/","menu_order":0,"post_type":"autor","post_mime_type":"","comment_count":"0","filter":"raw"}]},"aioseo_notices":[],"_links":{"self":[{"href":"https:\/\/www.claret.cat\/es\/wp-json\/wp\/v2\/product\/940999","targetHints":{"allow":["GET"]}}],"collection":[{"href":"https:\/\/www.claret.cat\/es\/wp-json\/wp\/v2\/product"}],"about":[{"href":"https:\/\/www.claret.cat\/es\/wp-json\/wp\/v2\/types\/product"}],"wp:featuredmedia":[{"embeddable":true,"href":"https:\/\/www.claret.cat\/es\/wp-json\/wp\/v2\/media\/941000"}],"wp:attachment":[{"href":"https:\/\/www.claret.cat\/es\/wp-json\/wp\/v2\/media?parent=940999"}],"wp:term":[{"taxonomy":"product_brand","embeddable":true,"href":"https:\/\/www.claret.cat\/es\/wp-json\/wp\/v2\/product_brand?post=940999"},{"taxonomy":"product_cat","embeddable":true,"href":"https:\/\/www.claret.cat\/es\/wp-json\/wp\/v2\/product_cat?post=940999"},{"taxonomy":"product_tag","embeddable":true,"href":"https:\/\/www.claret.cat\/es\/wp-json\/wp\/v2\/product_tag?post=940999"}],"curies":[{"name":"wp","href":"https:\/\/api.w.org\/{rel}","templated":true}]}}