{"id":941018,"date":"2023-11-13T16:45:44","date_gmt":"2023-11-13T15:45:44","guid":{"rendered":"https:\/\/www.claret.cat\/llibre\/cuentos-de-navidad-9788439731665\/"},"modified":"2023-11-24T19:35:14","modified_gmt":"2023-11-24T18:35:14","slug":"cuentos-de-navidad-9788439731665","status":"publish","type":"product","link":"https:\/\/www.claret.cat\/es\/libro\/cuentos-de-navidad-9788439731665\/","title":{"rendered":"CUENTOS DE NAVIDAD"},"content":{"rendered":"<p>Un volumen con todos los relatos navide\u00f1os de Charles Dickens, incluido el c\u00e9lebre \u00abCanci\u00f3n de Navidad\u00bb.  Traducci\u00f3n de Nuria Salinas Introducci\u00f3n de Michael Slater, profesor de la Universidad de Londres Se ha dicho que Charles Dickens invent\u00f3 la celebraci\u00f3n de la Navidad tal y como la conocemos, y tal vez ning\u00fan otro escritor ha evocado con tanta maestr\u00eda el esp\u00edritu a la vez jubiloso y eleg\u00edaco de esa fecha. Inspirado en la edici\u00f3n inglesa de 1852, el presente volumen re\u00fane el c\u00e9lebre \u00abCanci\u00f3n de Navidad\u00bb y otros cuatro relatos de ambientaci\u00f3n navide\u00f1a: \u00abLas campanas\u00bb, \u00abEl Grillo del Hogar\u00bb, \u00abLa batalla de la vida\u00bb y \u00abEl hechizado\u00bb. En todos ellos destacan los temas principales del universo dickensiano: la caridad, la infancia, las leyendas populares, las desigualdades sociales, los sue\u00f1os y la redenci\u00f3n personal.Adem\u00e1s de la cuidada traducci\u00f3n de Nuria Salinas, esta edici\u00f3n incluye la introducci\u00f3n de Michael Slater, catedr\u00e1tico em\u00e9rito de literatura victoriana en Birkbeck College de la Universidad de Londres y uno de los mayores expertos mundiales en la vida y la obra del autor ingl\u00e9s. Gracias a sus notas, la belleza de una obra de ficci\u00f3n imprescindible llega acompa\u00f1ada del conocimiento preciso de toda una \u00e9poca.<\/p>\n","protected":false},"excerpt":{"rendered":"<p>DICKENS, CHARLES<\/p>\n","protected":false},"featured_media":941632,"template":"","meta":{"_acf_changed":false,"om_disable_all_campaigns":false,"rs_blank_template":"","rs_page_bg_color":"","slide_template_v7":"","inline_featured_image":false,"_monsterinsights_skip_tracking":false,"_monsterinsights_sitenote_active":false,"_monsterinsights_sitenote_note":"","_monsterinsights_sitenote_category":0},"product_brand":[],"product_cat":[354,123],"product_tag":[],"class_list":{"0":"post-941018","1":"product","2":"type-product","3":"status-publish","4":"has-post-thumbnail","6":"product_cat-clasica","7":"product_cat-classica","9":"first","10":"instock","11":"taxable","12":"shipping-taxable","13":"purchasable","14":"product-type-simple"},"acf":{"autor":"DICKENS, CHARLES","codart":"843973166","libros-coleccion":"GRANDES CLASICOS","ediciones":"1","encuadernacion":"Carton\u00e9","fecha_de_publicacion":"01\/11\/2016","novedad":"1","paginas":"521","subtitulo":"","orden":"0","portada":"0","idioma":"spa","editorial":[{"ID":6290,"post_author":"3","post_date":"2022-07-28 17:49:01","post_date_gmt":"2022-07-28 15:49:01","post_content":"","post_title":"LITERATURA RANDOM HOUSE","post_excerpt":"","post_status":"publish","comment_status":"closed","ping_status":"closed","post_password":"","post_name":"literatura-random-house","to_ping":"","pinged":"","post_modified":"2022-07-28 17:49:01","post_modified_gmt":"2022-07-28 15:49:01","post_content_filtered":"","post_parent":0,"guid":"http:\/\/dev.claret.cat\/editorial\/literatura-random-house\/","menu_order":0,"post_type":"editorial","post_mime_type":"","comment_count":"0","filter":"raw"}],"autores-libros":[{"ID":152762,"post_author":"3","post_date":"2022-10-14 14:51:22","post_date_gmt":"2022-10-14 12:51:22","post_content":"","post_title":"CHARLES DICKENS","post_excerpt":"","post_status":"publish","comment_status":"closed","ping_status":"closed","post_password":"","post_name":"charles-dickens","to_ping":"","pinged":"","post_modified":"2022-10-14 14:51:22","post_modified_gmt":"2022-10-14 12:51:22","post_content_filtered":"","post_parent":0,"guid":"http:\/\/dev.claret.cat\/autor\/charles-dickens\/","menu_order":0,"post_type":"autor","post_mime_type":"","comment_count":"0","filter":"raw"}]},"aioseo_notices":[],"_links":{"self":[{"href":"https:\/\/www.claret.cat\/es\/wp-json\/wp\/v2\/product\/941018","targetHints":{"allow":["GET"]}}],"collection":[{"href":"https:\/\/www.claret.cat\/es\/wp-json\/wp\/v2\/product"}],"about":[{"href":"https:\/\/www.claret.cat\/es\/wp-json\/wp\/v2\/types\/product"}],"wp:featuredmedia":[{"embeddable":true,"href":"https:\/\/www.claret.cat\/es\/wp-json\/wp\/v2\/media\/941632"}],"wp:attachment":[{"href":"https:\/\/www.claret.cat\/es\/wp-json\/wp\/v2\/media?parent=941018"}],"wp:term":[{"taxonomy":"product_brand","embeddable":true,"href":"https:\/\/www.claret.cat\/es\/wp-json\/wp\/v2\/product_brand?post=941018"},{"taxonomy":"product_cat","embeddable":true,"href":"https:\/\/www.claret.cat\/es\/wp-json\/wp\/v2\/product_cat?post=941018"},{"taxonomy":"product_tag","embeddable":true,"href":"https:\/\/www.claret.cat\/es\/wp-json\/wp\/v2\/product_tag?post=941018"}],"curies":[{"name":"wp","href":"https:\/\/api.w.org\/{rel}","templated":true}]}}