{"id":941098,"date":"2023-11-13T17:55:10","date_gmt":"2023-11-13T16:55:10","guid":{"rendered":"https:\/\/www.claret.cat\/llibre\/alicia-en-el-pais-de-las-maravillas-9788432165894\/"},"modified":"2024-05-24T04:02:41","modified_gmt":"2024-05-24T02:02:41","slug":"alicia-en-el-pais-de-las-maravillas-9788432165894","status":"publish","type":"product","link":"https:\/\/www.claret.cat\/es\/libro\/alicia-en-el-pais-de-las-maravillas-9788432165894\/","title":{"rendered":"ALICIA EN EL PA\u00cdS DE LAS MARAVILLAS"},"content":{"rendered":"<p>ALICIA NO ES CONSCIENTE DE LAS AVENTURAS FANT\u00c1STICAS QUE LE ESPERAN MIENTRAS PERSIGUE A UN CONEJO BLANCO. A PARTIR DE AH\u00cd CONOCER\u00c1 A PERSONAJES EXC\u00c9NTRICOS Y VIVIR\u00c1 SITUACIONES SORPRENDENTES.<\/p>\n<p><strong>Alicia<\/strong>&nbsp;no es consciente de las&nbsp;<strong>aventuras fant\u00e1sticas<\/strong>&nbsp;que le esperan mientras persigue a un&nbsp;<strong>Conejo Blanco<\/strong>&nbsp;que habla solo. A partir de ese momento conocer\u00e1 a personajes exc\u00e9ntricos como el Sombrerero Loco, la Reina de Corazones o el Gato de Cheshire, y vivir\u00e1 situaciones y desaf\u00edos sorprendentes.<\/p>\n<p>Este&nbsp;<strong>cl\u00e1sico de la literatura universal<\/strong>&nbsp;es un viaje a trav\u00e9s de la imaginaci\u00f3n, y cuya historia sigue fascinando a lectores de todas las edades.<\/p>\n","protected":false},"excerpt":{"rendered":"<p> CARROLL, LEWIS<\/p>\n","protected":false},"featured_media":941630,"template":"","meta":{"_acf_changed":false,"om_disable_all_campaigns":false,"rs_blank_template":"","rs_page_bg_color":"","slide_template_v7":"","inline_featured_image":false,"_monsterinsights_skip_tracking":false,"_monsterinsights_sitenote_active":false,"_monsterinsights_sitenote_note":"","_monsterinsights_sitenote_category":0},"product_brand":[],"product_cat":[354,123],"product_tag":[],"class_list":{"0":"post-941098","1":"product","2":"type-product","3":"status-publish","4":"has-post-thumbnail","6":"product_cat-clasica","7":"product_cat-classica","9":"first","10":"instock","11":"taxable","12":"shipping-taxable","13":"purchasable","14":"product-type-simple"},"acf":{"autor":" CARROLL, LEWIS","codart":"843216589","libros-coleccion":"FORA DE COL.LECCI\u00d3","ediciones":"1","encuadernacion":"R\u00fastica","fecha_de_publicacion":"13\/11\/2023","novedad":"1","paginas":"202","subtitulo":"","orden":"0","portada":"0","idioma":"spa","editorial":[{"ID":6348,"post_author":"3","post_date":"2022-07-28 17:50:16","post_date_gmt":"2022-07-28 15:50:16","post_content":"","post_title":"Rialp","post_excerpt":"","post_status":"publish","comment_status":"closed","ping_status":"closed","post_password":"","post_name":"rialp","to_ping":"","pinged":"","post_modified":"2022-07-28 17:50:16","post_modified_gmt":"2022-07-28 15:50:16","post_content_filtered":"","post_parent":0,"guid":"http:\/\/dev.claret.cat\/editorial\/rialp\/","menu_order":0,"post_type":"editorial","post_mime_type":"","comment_count":"0","filter":"raw"}],"autores-libros":[{"ID":162167,"post_author":"3","post_date":"2022-10-14 17:28:53","post_date_gmt":"2022-10-14 15:28:53","post_content":"","post_title":"LEWIS CARROLL","post_excerpt":"","post_status":"publish","comment_status":"closed","ping_status":"closed","post_password":"","post_name":"lewis-carroll","to_ping":"","pinged":"","post_modified":"2022-10-14 17:28:53","post_modified_gmt":"2022-10-14 15:28:53","post_content_filtered":"","post_parent":0,"guid":"http:\/\/dev.claret.cat\/autor\/lewis-carroll\/","menu_order":0,"post_type":"autor","post_mime_type":"","comment_count":"0","filter":"raw"}]},"aioseo_notices":[],"_links":{"self":[{"href":"https:\/\/www.claret.cat\/es\/wp-json\/wp\/v2\/product\/941098","targetHints":{"allow":["GET"]}}],"collection":[{"href":"https:\/\/www.claret.cat\/es\/wp-json\/wp\/v2\/product"}],"about":[{"href":"https:\/\/www.claret.cat\/es\/wp-json\/wp\/v2\/types\/product"}],"wp:featuredmedia":[{"embeddable":true,"href":"https:\/\/www.claret.cat\/es\/wp-json\/wp\/v2\/media\/941630"}],"wp:attachment":[{"href":"https:\/\/www.claret.cat\/es\/wp-json\/wp\/v2\/media?parent=941098"}],"wp:term":[{"taxonomy":"product_brand","embeddable":true,"href":"https:\/\/www.claret.cat\/es\/wp-json\/wp\/v2\/product_brand?post=941098"},{"taxonomy":"product_cat","embeddable":true,"href":"https:\/\/www.claret.cat\/es\/wp-json\/wp\/v2\/product_cat?post=941098"},{"taxonomy":"product_tag","embeddable":true,"href":"https:\/\/www.claret.cat\/es\/wp-json\/wp\/v2\/product_tag?post=941098"}],"curies":[{"name":"wp","href":"https:\/\/api.w.org\/{rel}","templated":true}]}}