{"id":941101,"date":"2023-11-13T17:55:24","date_gmt":"2023-11-13T16:55:24","guid":{"rendered":"https:\/\/www.claret.cat\/llibre\/kierkegaard-una-introduccion-9788432165115\/"},"modified":"2024-05-24T04:05:34","modified_gmt":"2024-05-24T02:05:34","slug":"kierkegaard-una-introduccion-9788432165115","status":"publish","type":"product","link":"https:\/\/www.claret.cat\/es\/libro\/kierkegaard-una-introduccion-9788432165115\/","title":{"rendered":"KIERKEGAARD UNA INTRODUCCI\u00d3N"},"content":{"rendered":"<p>FAZIO OFRECE AQU\u00cd UNA GU\u00cdA Y UN MARCO BIOGR\u00c1FICO QUE AYUDE A ACCEDER AL CORAZ\u00d3N DEL PENSAMIENTO DE KIERKEGAARD.<\/p>\n<p>En la&nbsp;<strong>Dinamarca del siglo XIX<\/strong>,&nbsp;<strong>Kierkegaard<\/strong>&nbsp;interpela a sus contempor\u00e1neos con preguntas de plena actualidad y de enorme atractivo para nuestra sociedad secularizada: \u00bfsigue existiendo el cristianismo? \u00bfHay alguien que viva de un modo coherente su fe? La obra del fil\u00f3sofo dan\u00e9s es un bosque denso, y Fazio ofrece aqu\u00ed una gu\u00eda y un marco biogr\u00e1fico que ayude a acceder al coraz\u00f3n de su pensamiento.<\/p>\n<p>Este libro, publicado en italiano en 2000, ha sido revisado y mejorado por su autor en ediciones posteriores, hasta ver ahora la luz en su versi\u00f3n m\u00e1s definitiva.<\/p>\n","protected":false},"excerpt":{"rendered":"<p>FAZIO FERN\u00c1NDEZ, MARIANO<\/p>\n","protected":false},"featured_media":941102,"template":"","meta":{"_acf_changed":false,"om_disable_all_campaigns":false,"rs_blank_template":"","rs_page_bg_color":"","slide_template_v7":"","inline_featured_image":false,"_monsterinsights_skip_tracking":false,"_monsterinsights_sitenote_active":false,"_monsterinsights_sitenote_note":"","_monsterinsights_sitenote_category":0},"product_brand":[],"product_cat":[373,166],"product_tag":[],"class_list":{"0":"post-941101","1":"product","2":"type-product","3":"status-publish","4":"has-post-thumbnail","6":"product_cat-autores","7":"product_cat-autors-filosofia","9":"first","10":"instock","11":"taxable","12":"shipping-taxable","13":"purchasable","14":"product-type-simple"},"acf":{"autor":"FAZIO FERN\u00c1NDEZ, MARIANO","codart":"843216511","libros-coleccion":"Pensamiento Actual","ediciones":"1","encuadernacion":"R\u00fastica","fecha_de_publicacion":"13\/11\/2023","novedad":"1","paginas":"196","subtitulo":"UNA INTRODUCCI\u00d3N","orden":"0","portada":"0","idioma":"spa","editorial":[{"ID":6348,"post_author":"3","post_date":"2022-07-28 17:50:16","post_date_gmt":"2022-07-28 15:50:16","post_content":"","post_title":"Rialp","post_excerpt":"","post_status":"publish","comment_status":"closed","ping_status":"closed","post_password":"","post_name":"rialp","to_ping":"","pinged":"","post_modified":"2022-07-28 17:50:16","post_modified_gmt":"2022-07-28 15:50:16","post_content_filtered":"","post_parent":0,"guid":"http:\/\/dev.claret.cat\/editorial\/rialp\/","menu_order":0,"post_type":"editorial","post_mime_type":"","comment_count":"0","filter":"raw"}],"autores-libros":[{"ID":163853,"post_author":"3","post_date":"2022-10-14 17:42:23","post_date_gmt":"2022-10-14 15:42:23","post_content":"","post_title":"MARIANO FAZIO FERN\u00c1NDEZ","post_excerpt":"","post_status":"publish","comment_status":"closed","ping_status":"closed","post_password":"","post_name":"mariano-fazio-fernandez","to_ping":"","pinged":"","post_modified":"2022-10-14 17:42:23","post_modified_gmt":"2022-10-14 15:42:23","post_content_filtered":"","post_parent":0,"guid":"http:\/\/dev.claret.cat\/autor\/mariano-fazio-fernandez\/","menu_order":0,"post_type":"autor","post_mime_type":"","comment_count":"0","filter":"raw"}]},"aioseo_notices":[],"_links":{"self":[{"href":"https:\/\/www.claret.cat\/es\/wp-json\/wp\/v2\/product\/941101","targetHints":{"allow":["GET"]}}],"collection":[{"href":"https:\/\/www.claret.cat\/es\/wp-json\/wp\/v2\/product"}],"about":[{"href":"https:\/\/www.claret.cat\/es\/wp-json\/wp\/v2\/types\/product"}],"wp:featuredmedia":[{"embeddable":true,"href":"https:\/\/www.claret.cat\/es\/wp-json\/wp\/v2\/media\/941102"}],"wp:attachment":[{"href":"https:\/\/www.claret.cat\/es\/wp-json\/wp\/v2\/media?parent=941101"}],"wp:term":[{"taxonomy":"product_brand","embeddable":true,"href":"https:\/\/www.claret.cat\/es\/wp-json\/wp\/v2\/product_brand?post=941101"},{"taxonomy":"product_cat","embeddable":true,"href":"https:\/\/www.claret.cat\/es\/wp-json\/wp\/v2\/product_cat?post=941101"},{"taxonomy":"product_tag","embeddable":true,"href":"https:\/\/www.claret.cat\/es\/wp-json\/wp\/v2\/product_tag?post=941101"}],"curies":[{"name":"wp","href":"https:\/\/api.w.org\/{rel}","templated":true}]}}