{"id":941187,"date":"2023-11-14T10:20:16","date_gmt":"2023-11-14T09:20:16","guid":{"rendered":"https:\/\/www.claret.cat\/llibre\/reconocer-y-superar-las-relaciones-toxicas-y-la-dependencia-emocional-9788433032393\/"},"modified":"2025-09-19T17:26:11","modified_gmt":"2025-09-19T15:26:11","slug":"reconocer-y-superar-las-relaciones-toxicas-y-la-dependencia-emocional-9788433032393","status":"publish","type":"product","link":"https:\/\/www.claret.cat\/es\/libro\/reconocer-y-superar-las-relaciones-toxicas-y-la-dependencia-emocional-9788433032393\/","title":{"rendered":"RECONOCER Y SUPERAR LAS RELACIONES T\u00d3XICAS Y LA DEPENDENCIA EMOCIONAL"},"content":{"rendered":"<p>Este libro presenta una perspectiva innovadora sobre las relaciones de pareja, basada en una comprensi\u00f3n renovada del apego adulto. Explica c\u00f3mo la emoci\u00f3n predominante en cada individuo influye en nuestra forma de relacionarnos con los dem\u00e1s, ya sea en amistades, entornos laborales o relaciones sentimentales.<\/p>\n<p>Siguiendo el modelo Parcuve, se analizan diversas estrategias de personalidad relacionadas con la necesidad excesiva de conexi\u00f3n o el miedo a esta. La rabia puede llevar a la dependencia y la sumisi\u00f3n cuando se reprime, o a la agresi\u00f3n y al control sobre los dem\u00e1s cuando se utiliza para ejercer poder sobre ellos.<\/p>\n<p>La culpa puede impulsar a las personas a querer rescatar a los dem\u00e1s, lo que a menudo los arrastra hacia la codependencia. La verg\u00fcenza, por su parte, puede manifestarse como una baja autoestima que fomenta la dependencia, o puede ser utilizada para avergonzar a otros como una forma de asegurarse de que no ser\u00e1n abandonados.<\/p>\n<p>En definitiva, esta obra presenta una visi\u00f3n comprehensiva de c\u00f3mo nuestras emociones y patrones de apego influyen en nuestras relaciones personales y proporciona herramientas para comprender y mejorar estas din\u00e1micas en distintos \u00e1mbitos de nuestra vida.<\/p>\n","protected":false},"excerpt":{"rendered":"<p>HERN\u00c1NDEZ PACHECO, MANUEL<\/p>\n","protected":false},"featured_media":941188,"template":"","meta":{"_acf_changed":false,"om_disable_all_campaigns":false,"rs_blank_template":"","rs_page_bg_color":"","slide_template_v7":"","inline_featured_image":false,"_monsterinsights_skip_tracking":false,"_monsterinsights_sitenote_active":false,"_monsterinsights_sitenote_note":"","_monsterinsights_sitenote_category":0},"product_brand":[],"product_cat":[179,377],"product_tag":[],"class_list":{"0":"post-941187","1":"product","2":"type-product","3":"status-publish","4":"has-post-thumbnail","6":"product_cat-autoajuda-i-salut-mental","7":"product_cat-autoayuda-y-salud-mental","9":"first","10":"instock","11":"taxable","12":"shipping-taxable","13":"purchasable","14":"product-type-simple"},"acf":{"autor":"HERN\u00c1NDEZ PACHECO, MANUEL","codart":"843303239","libros-coleccion":"","ediciones":"1","encuadernacion":"R\u00fastica","fecha_de_publicacion":"14\/11\/2023","novedad":"1","paginas":"320","subtitulo":"EL APEGO ADULTO Y EL MODELO PARCUVE","orden":"0","portada":"0","idioma":"spa","editorial":[{"ID":6179,"post_author":"3","post_date":"2022-07-28 17:46:36","post_date_gmt":"2022-07-28 15:46:36","post_content":"","post_title":"DESCLEE DE BROUWER","post_excerpt":"","post_status":"publish","comment_status":"closed","ping_status":"closed","post_password":"","post_name":"desclee-de-brouwer","to_ping":"","pinged":"","post_modified":"2022-07-28 17:46:36","post_modified_gmt":"2022-07-28 15:46:36","post_content_filtered":"","post_parent":0,"guid":"http:\/\/dev.claret.cat\/editorial\/desclee-de-brouwer\/","menu_order":0,"post_type":"editorial","post_mime_type":"","comment_count":"0","filter":"raw"}],"autores-libros":[{"ID":163168,"post_author":"3","post_date":"2022-10-14 17:36:52","post_date_gmt":"2022-10-14 15:36:52","post_content":"","post_title":"MANUEL HERN\u00c1NDEZ PACHECO","post_excerpt":"","post_status":"publish","comment_status":"closed","ping_status":"closed","post_password":"","post_name":"manuel-hernandez-pacheco","to_ping":"","pinged":"","post_modified":"2022-10-14 17:36:52","post_modified_gmt":"2022-10-14 15:36:52","post_content_filtered":"","post_parent":0,"guid":"http:\/\/dev.claret.cat\/autor\/manuel-hernandez-pacheco\/","menu_order":0,"post_type":"autor","post_mime_type":"","comment_count":"0","filter":"raw"}],"booktrailer":"","resenas":""},"aioseo_notices":[],"_links":{"self":[{"href":"https:\/\/www.claret.cat\/es\/wp-json\/wp\/v2\/product\/941187","targetHints":{"allow":["GET"]}}],"collection":[{"href":"https:\/\/www.claret.cat\/es\/wp-json\/wp\/v2\/product"}],"about":[{"href":"https:\/\/www.claret.cat\/es\/wp-json\/wp\/v2\/types\/product"}],"wp:featuredmedia":[{"embeddable":true,"href":"https:\/\/www.claret.cat\/es\/wp-json\/wp\/v2\/media\/941188"}],"wp:attachment":[{"href":"https:\/\/www.claret.cat\/es\/wp-json\/wp\/v2\/media?parent=941187"}],"wp:term":[{"taxonomy":"product_brand","embeddable":true,"href":"https:\/\/www.claret.cat\/es\/wp-json\/wp\/v2\/product_brand?post=941187"},{"taxonomy":"product_cat","embeddable":true,"href":"https:\/\/www.claret.cat\/es\/wp-json\/wp\/v2\/product_cat?post=941187"},{"taxonomy":"product_tag","embeddable":true,"href":"https:\/\/www.claret.cat\/es\/wp-json\/wp\/v2\/product_tag?post=941187"}],"curies":[{"name":"wp","href":"https:\/\/api.w.org\/{rel}","templated":true}]}}