{"id":941208,"date":"2023-11-14T10:55:04","date_gmt":"2023-11-14T09:55:04","guid":{"rendered":"https:\/\/www.claret.cat\/llibre\/imposturas-intelectuales-9788449305313\/"},"modified":"2025-08-27T16:30:40","modified_gmt":"2025-08-27T14:30:40","slug":"imposturas-intelectuales-9788449305313","status":"publish","type":"product","link":"https:\/\/www.claret.cat\/es\/libro\/imposturas-intelectuales-9788449305313\/","title":{"rendered":"IMPOSTURAS INTELECTUALES"},"content":{"rendered":"<p>En la primavera de 1996 una revista americana de prestigio \u2013la Social Text- public\u00f3 un art\u00edculo bajo el inquietante t\u00edtulo de &#8216;Transgredir las fronteras: hacia una hermen\u00e9utica transformativa de la gravitaci\u00f3n cu\u00e1ntica&#8217;. Su autor, Alan Sokal, reforzaba sus divagaciones con citas de intelectuales, franceses y americanos, c\u00e9lebres. Posteriormente \u00e9l mismo revel\u00f3 que se trataba de una parodia. Su intenci\u00f3n era desenmascarar, a trav\u00e9s de su s\u00e1tira, el uso intempestivo de terminolog\u00eda cient\u00edfica y las extrapolaciones abusivas de las ciencias exactas a las humanas. De un modo m\u00e1s general, Sokal hab\u00eda querido denunciar con su art\u00edculo el relativismo posmoderno para el cual la objetividad es una mera convenci\u00f3n social. Esta parodia desencaden\u00f3 un intenso debate entre los intelectuales m\u00e1s relevantes de Francia y de otros pa\u00edses. En este libro los autores recogen y comentan textos que ilustran las mistificaciones f\u00edsico-matem\u00e1ticas de autores como Jacques Lacan, Julia Kristeva, Luce Irigaray, Bruno Latour, Jean Baudri<\/p>\n","protected":false},"excerpt":{"rendered":"<p>SOKAL, ALAN<\/p>\n","protected":false},"featured_media":1048893,"template":"","meta":{"_acf_changed":false,"om_disable_all_campaigns":false,"rs_blank_template":"","rs_page_bg_color":"","slide_template_v7":"","inline_featured_image":false,"_monsterinsights_skip_tracking":false,"_monsterinsights_sitenote_active":false,"_monsterinsights_sitenote_note":"","_monsterinsights_sitenote_category":0},"product_brand":[],"product_cat":[90,540],"product_tag":[],"class_list":{"0":"post-941208","1":"product","2":"type-product","3":"status-publish","4":"has-post-thumbnail","6":"product_cat-altres","7":"product_cat-otros","9":"first","10":"outofstock","11":"taxable","12":"shipping-taxable","13":"purchasable","14":"product-type-simple"},"acf":{"autor":"SOKAL, ALAN","codart":"844930531","libros-coleccion":"FORA DE COL.LECCI\u00d3","ediciones":"1","encuadernacion":"R\u00fastica","fecha_de_publicacion":"01\/04\/1999","novedad":"0","paginas":"320","subtitulo":"","orden":"999","portada":"0","idioma":"spa","editorial":[{"ID":148619,"post_author":"3","post_date":"2022-10-14 11:59:40","post_date_gmt":"2022-10-14 09:59:40","post_content":"","post_title":"PAIDOS, EDITORIAL","post_excerpt":"","post_status":"publish","comment_status":"closed","ping_status":"closed","post_password":"","post_name":"paidos-editorial","to_ping":"","pinged":"","post_modified":"2022-10-14 11:59:40","post_modified_gmt":"2022-10-14 09:59:40","post_content_filtered":"","post_parent":0,"guid":"http:\/\/dev.claret.cat\/editorial\/paidos-editorial\/","menu_order":0,"post_type":"editorial","post_mime_type":"","comment_count":"0","filter":"raw"}],"autores-libros":[{"ID":941207,"post_author":"3","post_date":"2023-11-14 10:55:01","post_date_gmt":"2023-11-14 09:55:01","post_content":"","post_title":"ALAN SOKAL","post_excerpt":"","post_status":"publish","comment_status":"closed","ping_status":"closed","post_password":"","post_name":"alan-sokal","to_ping":"","pinged":"","post_modified":"2023-11-14 10:55:01","post_modified_gmt":"2023-11-14 09:55:01","post_content_filtered":"","post_parent":0,"guid":"https:\/\/www.claret.cat\/autor\/alan-sokal\/","menu_order":0,"post_type":"autor","post_mime_type":"","comment_count":"0","filter":"raw"}],"booktrailer":"","resenas":""},"aioseo_notices":[],"_links":{"self":[{"href":"https:\/\/www.claret.cat\/es\/wp-json\/wp\/v2\/product\/941208","targetHints":{"allow":["GET"]}}],"collection":[{"href":"https:\/\/www.claret.cat\/es\/wp-json\/wp\/v2\/product"}],"about":[{"href":"https:\/\/www.claret.cat\/es\/wp-json\/wp\/v2\/types\/product"}],"wp:featuredmedia":[{"embeddable":true,"href":"https:\/\/www.claret.cat\/es\/wp-json\/wp\/v2\/media\/1048893"}],"wp:attachment":[{"href":"https:\/\/www.claret.cat\/es\/wp-json\/wp\/v2\/media?parent=941208"}],"wp:term":[{"taxonomy":"product_brand","embeddable":true,"href":"https:\/\/www.claret.cat\/es\/wp-json\/wp\/v2\/product_brand?post=941208"},{"taxonomy":"product_cat","embeddable":true,"href":"https:\/\/www.claret.cat\/es\/wp-json\/wp\/v2\/product_cat?post=941208"},{"taxonomy":"product_tag","embeddable":true,"href":"https:\/\/www.claret.cat\/es\/wp-json\/wp\/v2\/product_tag?post=941208"}],"curies":[{"name":"wp","href":"https:\/\/api.w.org\/{rel}","templated":true}]}}