{"id":941241,"date":"2023-11-14T14:20:02","date_gmt":"2023-11-14T13:20:02","guid":{"rendered":"https:\/\/www.claret.cat\/llibre\/magic-animals-4-el-monstruo-de-los-hielos-9788408279334\/"},"modified":"2025-07-09T17:55:12","modified_gmt":"2025-07-09T15:55:12","slug":"magic-animals-4-el-monstruo-de-los-hielos-9788408279334","status":"publish","type":"product","link":"https:\/\/www.claret.cat\/es\/libro\/magic-animals-4-el-monstruo-de-los-hielos-9788408279334\/","title":{"rendered":"MAGIC ANIMALS 4. EL MONSTRUO DE LOS HIELOS"},"content":{"rendered":"<p>MAGIC ANIMALS\u00a0es la serie que re\u00fane todos los ingredientes para triunfar e ilusionar a los peque\u00f1os lectores en un mundo lleno de ni\u00f1os y ni\u00f1as, magia, aventuras,\u00a0seres fant\u00e1sticos\u2026 y animales.\u00a0<br \/> En el misterioso valle de Blim habitan seres fant\u00e1sticos capaces de adoptar forma de ni\u00f1o y de animal. Seres que, a trav\u00e9s de un amuleto m\u00e1gico, pueden transformarse en MAGIC ANIMALS con poderes incre\u00edbles. Ahora te presentamos el tercer t\u00edtulo.<\/p>\n<p> Magic Animals 4. El monstruo de los hielos<br \/> El invierno ha llegado al valle de Blim. Abi, \u00c9ric, Yuna, Cloe y Nico se marchan de convivencias a la Sierra de las Nieves junto a sus compa\u00f1eros de clase. Pero lo que ten\u00eda que ser una excursi\u00f3n para disfrutar de la nieve se convierte en una escalofriante aventura\u2026 Seg\u00fan cuenta la leyenda, existe un ser gigantesco al que llaman Monstruo de los Hielos que lleva dormido m\u00e1s de cien a\u00f1os, pero ahora algo podr\u00eda haberlo despertado\u2026 \u00bfEst\u00e1n preparados los Magic Animals para enfrentarse a esa terrible criatura?<br \/> Una colecci\u00f3n para primeros lectores, con cap\u00edtulos breves, letra grande y lenguaje adaptado al nivel lector.<br \/> Una serie de libros ideal para\u00a0aprender a leer,\u00a0con\u00a0parte narrativa y parte de c\u00f3mic\u00a0y perfecta para pasar horas de diversi\u00f3n y entretenimiento.<br \/> Ilustraciones a todo color y con p\u00e1ginas en\u00a0formato c\u00f3mic, que facilitan la lectura y la comprensi\u00f3n del lector,\u00a0creadas por\u00a0Carles Dalmau, un joven ilustrador que se han hecho un hueco destacado en el mundo de la ilustraci\u00f3n, el c\u00f3mic y el manga. Cuenta con m\u00e1s de 600.000 seguidores en sus redes.<br \/> Una colecci\u00f3n llena de magia, poderes, animales, ni\u00f1os y ni\u00f1as, misterios\u00a0recomendada para ni\u00f1os de 6 a 8 a\u00f1os. Perfecta para ni\u00f1os y ni\u00f1as lectores de\u00a0Anna Kadabra y Marcus Pocus.<br \/> G\u00c9NERO<\/p>\n<p> Acci\u00f3n y aventura<br \/> Misterios y magia<br \/> Animales y poderes\u00a0<br \/> Humor y diversi\u00f3n<\/p>\n<p> \u00a0<br \/> LA AUTORA<br \/> Susanna Isern\u00a0es una de las autoras m\u00e1s importantes del panorama de la literatura infantil. Ha publicado m\u00e1s de 90 t\u00edtulos que se han traducido a m\u00e1s de 30 idiomas y lleva m\u00e1s de 1.000.000 de ejemplares vendidos a nivel mundial.<br \/> Algunos de sus t\u00edtulos m\u00e1s destacados son:<\/p>\n<p> Daniela pirata<br \/> El gran libro de los superpoderes<br \/> Abecemociones<br \/> Aqua Marina<\/p>\n","protected":false},"excerpt":{"rendered":"<p>ISERN, SUSANNA \/ DALMAU, CARLES<\/p>\n","protected":false},"featured_media":941242,"template":"","meta":{"_acf_changed":false,"om_disable_all_campaigns":false,"rs_blank_template":"","rs_page_bg_color":"","slide_template_v7":"","inline_featured_image":false,"_monsterinsights_skip_tracking":false,"_monsterinsights_sitenote_active":false,"_monsterinsights_sitenote_note":"","_monsterinsights_sitenote_category":0},"product_brand":[],"product_cat":[132,362],"product_tag":[],"class_list":{"0":"post-941241","1":"product","2":"type-product","3":"status-publish","4":"has-post-thumbnail","6":"product_cat-lectures-per-preadolescents-6-12-anys","7":"product_cat-libros-preadolescentes-6-12-anos","9":"first","10":"instock","11":"taxable","12":"shipping-taxable","13":"purchasable","14":"product-type-simple"},"acf":{"autor":"ISERN, SUSANNA \/ DALMAU, CARLES","codart":"840827933","libros-coleccion":"FORA DE COL.LECCI\u00d3","ediciones":"1","encuadernacion":"R\u00fastica","fecha_de_publicacion":"01\/11\/2023","novedad":"1","paginas":"124","subtitulo":"","orden":"0","portada":"0","idioma":"cat","editorial":[{"ID":6233,"post_author":"3","post_date":"2022-07-28 17:47:48","post_date_gmt":"2022-07-28 15:47:48","post_content":"","post_title":"EDITORIAL PLANETA","post_excerpt":"","post_status":"publish","comment_status":"closed","ping_status":"closed","post_password":"","post_name":"editorial-planeta","to_ping":"","pinged":"","post_modified":"2022-07-28 17:47:48","post_modified_gmt":"2022-07-28 15:47:48","post_content_filtered":"","post_parent":0,"guid":"http:\/\/dev.claret.cat\/editorial\/editorial-planeta\/","menu_order":0,"post_type":"editorial","post_mime_type":"","comment_count":"0","filter":"raw"}],"autores-libros":[{"ID":169977,"post_author":"3","post_date":"2022-10-14 22:31:33","post_date_gmt":"2022-10-14 20:31:33","post_content":"","post_title":"SUSANNA ISERN","post_excerpt":"","post_status":"publish","comment_status":"closed","ping_status":"closed","post_password":"","post_name":"susanna-isern","to_ping":"","pinged":"","post_modified":"2022-10-14 22:31:33","post_modified_gmt":"2022-10-14 20:31:33","post_content_filtered":"","post_parent":0,"guid":"http:\/\/dev.claret.cat\/autor\/susanna-isern\/","menu_order":0,"post_type":"autor","post_mime_type":"","comment_count":"0","filter":"raw"},{"ID":418978,"post_author":"3","post_date":"2023-05-05 13:05:40","post_date_gmt":"2023-05-05 11:05:40","post_content":"","post_title":"CARLES DALMAU","post_excerpt":"","post_status":"publish","comment_status":"closed","ping_status":"closed","post_password":"","post_name":"carles-dalmau-2","to_ping":"","pinged":"","post_modified":"2023-05-05 13:05:40","post_modified_gmt":"2023-05-05 11:05:40","post_content_filtered":"","post_parent":0,"guid":"https:\/\/www.claret.cat\/autor\/carles-dalmau-2\/","menu_order":0,"post_type":"autor","post_mime_type":"","comment_count":"0","filter":"raw"}],"booktrailer":"","resenas":""},"aioseo_notices":[],"_links":{"self":[{"href":"https:\/\/www.claret.cat\/es\/wp-json\/wp\/v2\/product\/941241","targetHints":{"allow":["GET"]}}],"collection":[{"href":"https:\/\/www.claret.cat\/es\/wp-json\/wp\/v2\/product"}],"about":[{"href":"https:\/\/www.claret.cat\/es\/wp-json\/wp\/v2\/types\/product"}],"wp:featuredmedia":[{"embeddable":true,"href":"https:\/\/www.claret.cat\/es\/wp-json\/wp\/v2\/media\/941242"}],"wp:attachment":[{"href":"https:\/\/www.claret.cat\/es\/wp-json\/wp\/v2\/media?parent=941241"}],"wp:term":[{"taxonomy":"product_brand","embeddable":true,"href":"https:\/\/www.claret.cat\/es\/wp-json\/wp\/v2\/product_brand?post=941241"},{"taxonomy":"product_cat","embeddable":true,"href":"https:\/\/www.claret.cat\/es\/wp-json\/wp\/v2\/product_cat?post=941241"},{"taxonomy":"product_tag","embeddable":true,"href":"https:\/\/www.claret.cat\/es\/wp-json\/wp\/v2\/product_tag?post=941241"}],"curies":[{"name":"wp","href":"https:\/\/api.w.org\/{rel}","templated":true}]}}