{"id":941259,"date":"2023-11-14T15:50:38","date_gmt":"2023-11-14T14:50:38","guid":{"rendered":"https:\/\/www.claret.cat\/llibre\/el-mundo-secreto-de-la-microbiota-9788408280125\/"},"modified":"2024-01-10T10:56:48","modified_gmt":"2024-01-10T09:56:48","slug":"el-mundo-secreto-de-la-microbiota-9788408280125","status":"publish","type":"product","link":"https:\/\/www.claret.cat\/es\/libro\/el-mundo-secreto-de-la-microbiota-9788408280125\/","title":{"rendered":"EL MUNDO SECRETO DE LA MICROBIOTA"},"content":{"rendered":"<p>Un libro ilustrado para explicar la microbiota a los m\u00e1s peque\u00f1os (y no tan peque\u00f1os).Akmu y Bifi son dos microorganismos que nos quieren transmitir un mensaje muy importante: cuidar de la microbiota es imprescindible para crecer sanos y fuertes. Sin embargo, muchas veces nos olvidamos de prestarle atenci\u00f3n\u2026 Por eso, estos dos personajes tienen una misi\u00f3n: que las ni\u00f1as y ni\u00f1os entiendan c\u00f3mo funciona su cuerpo y les ayuden a difundir su mensaje.<br \/> \u00a1Hola! Somos bacterias de tu microbiota. La microbiota forma parte de ti: la formamos nosotras y miles de millones de otros microorganismos.<br \/> Nos llaman microorganismos porque somos seres vivos muy muy, pero que muy muy peque\u00f1os. Tan peque\u00f1os que no nos puedes ver a simple vista.<br \/> A lo mejor te hab\u00edan dicho que todos los bichitos min\u00fasculos somos malos. Hasta nos insultan y nos llaman g\u00e9rmenes. Es verdad que algunos microorganismos son nocivos, pero no son la mayor\u00eda. Si nos cuidas a nosotros, los buenos que formamos parte de ti, te ayudaremos a sentirte bien.<br \/> En forma de di\u00e1logo y con muchas vi\u00f1etas divertidas llenas de bichitos, Akmu y Bifi nos explican:<\/p>\n<p> Ejemplos de microorganismos concretos, sus funciones y c\u00f3mo ayudan o perjudican a nuestra salud. Por ejemplo, aprender\u00e1s el proceso de digesti\u00f3n y por qu\u00e9 a veces tienes diarrea o v\u00f3mitos, \u00a1\u00a1\u00a1o hasta lombrices!!!<br \/> C\u00f3mo cambia la microbiota a lo largo de los a\u00f1os.<br \/> C\u00f3mo crea el sistema inmunitario sus defensas.<br \/> An\u00e9cdotas sobre las c\u00e9lulas y por qu\u00e9 algunas son tan \u00fanicas y especiales.<br \/> Los componentes y vitaminas de ciertos alimentos.<\/p>\n<p> \u00a0Adem\u00e1s, tambi\u00e9n encontrar\u00e1s consejos para:<\/p>\n<p> Luchar contra el estr\u00e9s.<br \/> Cuidar de tu salud bucal.<br \/> Evitar h\u00e1bitos que perjudican a tu mente y a tu cuerpo.<\/p>\n<p> Gracias a Sari Arponen, doctora en Ciencias Biom\u00e9dicas, especialista en Medicina Interna y experta en microbiota, y a las ingeniosas ilustraciones de Lirios Bou, los ni\u00f1os y las ni\u00f1as aprender\u00e1n a cuidar de su microbiota desde bien peque\u00f1os para evitar muchos problemas de salud futuros.<br \/> \u00a1Un libro lleno de humor, bichos e informaci\u00f3n para aprender sobre el funcionamiento de nuestro cuerpo!<br \/> Recomendado a partir de 6 a\u00f1os.<\/p>\n","protected":false},"excerpt":{"rendered":"<p>ARPONEN, SARI \/ BOU, LIRIOS<\/p>\n","protected":false},"featured_media":941260,"template":"","meta":{"_acf_changed":false,"om_disable_all_campaigns":false,"rs_blank_template":"","rs_page_bg_color":"","slide_template_v7":"","inline_featured_image":false,"_monsterinsights_skip_tracking":false,"_monsterinsights_sitenote_active":false,"_monsterinsights_sitenote_note":"","_monsterinsights_sitenote_category":0},"product_brand":[],"product_cat":[90,540],"product_tag":[],"class_list":{"0":"post-941259","1":"product","2":"type-product","3":"status-publish","4":"has-post-thumbnail","6":"product_cat-altres","7":"product_cat-otros","9":"first","10":"instock","11":"taxable","12":"shipping-taxable","13":"purchasable","14":"product-type-simple"},"acf":{"autor":"ARPONEN, SARI \/ BOU, LIRIOS","codart":"840828012","libros-coleccion":"FORA DE COL.LECCI\u00d3","ediciones":"1","encuadernacion":"Carton\u00e9","fecha_de_publicacion":"01\/11\/2023","novedad":"1","paginas":"79","subtitulo":"UN LIBRO PARA SUPERORGANISMOS DE TODAS LAS EDADES","orden":"0","portada":"0","idioma":"spa","editorial":[{"ID":6233,"post_author":"3","post_date":"2022-07-28 17:47:48","post_date_gmt":"2022-07-28 15:47:48","post_content":"","post_title":"EDITORIAL PLANETA","post_excerpt":"","post_status":"publish","comment_status":"closed","ping_status":"closed","post_password":"","post_name":"editorial-planeta","to_ping":"","pinged":"","post_modified":"2022-07-28 17:47:48","post_modified_gmt":"2022-07-28 15:47:48","post_content_filtered":"","post_parent":0,"guid":"http:\/\/dev.claret.cat\/editorial\/editorial-planeta\/","menu_order":0,"post_type":"editorial","post_mime_type":"","comment_count":"0","filter":"raw"}],"autores-libros":[{"ID":162252,"post_author":"3","post_date":"2022-10-14 17:29:33","post_date_gmt":"2022-10-14 15:29:33","post_content":"","post_title":"LIRIOS BOU","post_excerpt":"","post_status":"publish","comment_status":"closed","ping_status":"closed","post_password":"","post_name":"lirios-bou","to_ping":"","pinged":"","post_modified":"2022-10-14 17:29:33","post_modified_gmt":"2022-10-14 15:29:33","post_content_filtered":"","post_parent":0,"guid":"http:\/\/dev.claret.cat\/autor\/lirios-bou\/","menu_order":0,"post_type":"autor","post_mime_type":"","comment_count":"0","filter":"raw"},{"ID":169175,"post_author":"3","post_date":"2022-10-14 22:25:05","post_date_gmt":"2022-10-14 20:25:05","post_content":"","post_title":"SARI ARPONEN","post_excerpt":"","post_status":"publish","comment_status":"closed","ping_status":"closed","post_password":"","post_name":"sari-arponen","to_ping":"","pinged":"","post_modified":"2022-10-14 22:25:05","post_modified_gmt":"2022-10-14 20:25:05","post_content_filtered":"","post_parent":0,"guid":"http:\/\/dev.claret.cat\/autor\/sari-arponen\/","menu_order":0,"post_type":"autor","post_mime_type":"","comment_count":"0","filter":"raw"}]},"aioseo_notices":[],"_links":{"self":[{"href":"https:\/\/www.claret.cat\/es\/wp-json\/wp\/v2\/product\/941259","targetHints":{"allow":["GET"]}}],"collection":[{"href":"https:\/\/www.claret.cat\/es\/wp-json\/wp\/v2\/product"}],"about":[{"href":"https:\/\/www.claret.cat\/es\/wp-json\/wp\/v2\/types\/product"}],"wp:featuredmedia":[{"embeddable":true,"href":"https:\/\/www.claret.cat\/es\/wp-json\/wp\/v2\/media\/941260"}],"wp:attachment":[{"href":"https:\/\/www.claret.cat\/es\/wp-json\/wp\/v2\/media?parent=941259"}],"wp:term":[{"taxonomy":"product_brand","embeddable":true,"href":"https:\/\/www.claret.cat\/es\/wp-json\/wp\/v2\/product_brand?post=941259"},{"taxonomy":"product_cat","embeddable":true,"href":"https:\/\/www.claret.cat\/es\/wp-json\/wp\/v2\/product_cat?post=941259"},{"taxonomy":"product_tag","embeddable":true,"href":"https:\/\/www.claret.cat\/es\/wp-json\/wp\/v2\/product_tag?post=941259"}],"curies":[{"name":"wp","href":"https:\/\/api.w.org\/{rel}","templated":true}]}}