{"id":941265,"date":"2023-11-14T15:51:20","date_gmt":"2023-11-14T14:51:20","guid":{"rendered":"https:\/\/www.claret.cat\/llibre\/los-privilegios-del-angel-9788423364190\/"},"modified":"2023-11-14T17:05:36","modified_gmt":"2023-11-14T16:05:36","slug":"los-privilegios-del-angel-9788423364190","status":"publish","type":"product","link":"https:\/\/www.claret.cat\/es\/libro\/los-privilegios-del-angel-9788423364190\/","title":{"rendered":"LOS PRIVILEGIOS DEL \u00c1NGEL"},"content":{"rendered":"<p>LA PRIMERA NOVELA DE DOLORES REDONDO. <br \/> LA AUTORA QUE A ENAMORADO A M\u00c1S DE 4 MILLONES DE LECTORESEn la humilde bah\u00eda pesquera de Pasajes, en los a\u00f1os setenta, rodeada de muelles de pesca, estibadores, humedad y salaz\u00f3n, se forja la fuerte amistad de Pakutxa y Celeste, dos ni\u00f1as de cinco a\u00f1os. Entre juegos, complicidades y travesuras, la desdicha se cruza en su camino y una tr\u00e1gica fatalidad las separa. Celeste, la protagonista de esta historia, sufrir\u00e1 un<br \/>trauma que se prolongar\u00e1 durante buena parte de su vida, con consecuencias terribles para ella misma y para cuantos la rodean. Vivir\u00e1 la soledad de una personalidad et\u00e9rea mientras una parad\u00f3jica lucha<br \/>se desencadena en su interior, en un intento desesperado por hallar respuestas.<br \/> \u00abHay mil aspectos sobre los que ya os he hablado en<br \/>mis novelas y millones que me quedan por contaros,<br \/>pero el primero con el que tuve que ponerme en paz<br \/>fue con la muerte, y lo hice en esta novela, la primera<br \/>que escrib\u00ed.\u00bb Dolores Redondo<br \/> (Incluye pr\u00f3logo de la autora)<\/p>\n","protected":false},"excerpt":{"rendered":"<p>REDONDO, DOLORES<\/p>\n","protected":false},"featured_media":941367,"template":"","meta":{"_acf_changed":false,"om_disable_all_campaigns":false,"rs_blank_template":"","rs_page_bg_color":"","slide_template_v7":"","inline_featured_image":false,"_monsterinsights_skip_tracking":false,"_monsterinsights_sitenote_active":false,"_monsterinsights_sitenote_note":"","_monsterinsights_sitenote_category":0},"product_brand":[],"product_cat":[127,357],"product_tag":[],"class_list":{"0":"post-941265","1":"product","2":"type-product","3":"status-publish","4":"has-post-thumbnail","6":"product_cat-novella-contemporania","7":"product_cat-novela-contemporanea","9":"first","10":"instock","11":"taxable","12":"shipping-taxable","13":"purchasable","14":"product-type-simple"},"acf":{"autor":"REDONDO, DOLORES","codart":"842336419","libros-coleccion":"\u00c1ncora & Delf\u00edn","ediciones":"1","encuadernacion":"Carton\u00e9","fecha_de_publicacion":"01\/11\/2023","novedad":"1","paginas":"349","subtitulo":"","orden":"0","portada":"0","idioma":"spa","editorial":[{"ID":6182,"post_author":"3","post_date":"2022-07-28 17:46:40","post_date_gmt":"2022-07-28 15:46:40","post_content":"","post_title":"DESTINO, S.L.","post_excerpt":"","post_status":"publish","comment_status":"closed","ping_status":"closed","post_password":"","post_name":"destino-s-l","to_ping":"","pinged":"","post_modified":"2022-07-28 17:46:40","post_modified_gmt":"2022-07-28 15:46:40","post_content_filtered":"","post_parent":0,"guid":"http:\/\/dev.claret.cat\/editorial\/destino-s-l\/","menu_order":0,"post_type":"editorial","post_mime_type":"","comment_count":"0","filter":"raw"}],"autores-libros":[{"ID":154233,"post_author":"3","post_date":"2022-10-14 15:03:10","post_date_gmt":"2022-10-14 13:03:10","post_content":"","post_title":"DOLORES REDONDO","post_excerpt":"","post_status":"publish","comment_status":"closed","ping_status":"closed","post_password":"","post_name":"dolores-redondo-2","to_ping":"","pinged":"","post_modified":"2022-10-14 15:03:10","post_modified_gmt":"2022-10-14 13:03:10","post_content_filtered":"","post_parent":0,"guid":"http:\/\/dev.claret.cat\/autor\/dolores-redondo-2\/","menu_order":0,"post_type":"autor","post_mime_type":"","comment_count":"0","filter":"raw"}]},"aioseo_notices":[],"_links":{"self":[{"href":"https:\/\/www.claret.cat\/es\/wp-json\/wp\/v2\/product\/941265","targetHints":{"allow":["GET"]}}],"collection":[{"href":"https:\/\/www.claret.cat\/es\/wp-json\/wp\/v2\/product"}],"about":[{"href":"https:\/\/www.claret.cat\/es\/wp-json\/wp\/v2\/types\/product"}],"wp:featuredmedia":[{"embeddable":true,"href":"https:\/\/www.claret.cat\/es\/wp-json\/wp\/v2\/media\/941367"}],"wp:attachment":[{"href":"https:\/\/www.claret.cat\/es\/wp-json\/wp\/v2\/media?parent=941265"}],"wp:term":[{"taxonomy":"product_brand","embeddable":true,"href":"https:\/\/www.claret.cat\/es\/wp-json\/wp\/v2\/product_brand?post=941265"},{"taxonomy":"product_cat","embeddable":true,"href":"https:\/\/www.claret.cat\/es\/wp-json\/wp\/v2\/product_cat?post=941265"},{"taxonomy":"product_tag","embeddable":true,"href":"https:\/\/www.claret.cat\/es\/wp-json\/wp\/v2\/product_tag?post=941265"}],"curies":[{"name":"wp","href":"https:\/\/api.w.org\/{rel}","templated":true}]}}