{"id":941290,"date":"2023-11-14T16:00:52","date_gmt":"2023-11-14T15:00:52","guid":{"rendered":"https:\/\/www.claret.cat\/llibre\/el-club-arcoiris-5-el-plan-de-pluvia-9788408275527\/"},"modified":"2023-11-14T16:10:17","modified_gmt":"2023-11-14T15:10:17","slug":"el-club-arcoiris-5-el-plan-de-pluvia-9788408275527","status":"publish","type":"product","link":"https:\/\/www.claret.cat\/es\/libro\/el-club-arcoiris-5-el-plan-de-pluvia-9788408275527\/","title":{"rendered":"EL CLUB ARCO\u00cdRIS 5. EL PLAN DE PLUVIA"},"content":{"rendered":"<p>Aprende a leer a solas en una nueva aventura en LETRAS MAY\u00daSCULAS del Club Arco\u00edris.Pluvia, la ninfa de la lluvia, se re\u00fane con sus amigas en el mundo de los humanos por orden de la Reina. \u00a1El Club ya est\u00e1 al completo! Para celebrarlo, las cinco ninfas y Marina dan un paseo por el mercadillo, pero\u2026 \u00bfqui\u00e9n ha pintado a esos pollitos? La pintura les sienta muy mal. \u00a1Hay que salvarlos!<br \/> \u00a1\u00danete a las ninfas del Club Arco\u00edris y aprende a leer a solas con sus aventuras!<br \/> &#8211; Adaptaci\u00f3n de la serie original en letra may\u00fascula para lectores que ya leen solos Las Fantasticotas pero que todav\u00eda no est\u00e1n preparados para leer Anna Kadabra.<br \/> &#8211; Reducci\u00f3n de texto para incentivar la lectura \u00e1gil.<br \/> &#8211; Historias con principio y final que presentan a cada ninfa del Club.<br \/> &#8211; Ideal para ni\u00f1os entre 6 y 7 a\u00f1os.<\/p>\n","protected":false},"excerpt":{"rendered":"<p>GAL\u00c1N, ANA<\/p>\n","protected":false},"featured_media":941291,"template":"","meta":{"_acf_changed":false,"om_disable_all_campaigns":false,"rs_blank_template":"","rs_page_bg_color":"","slide_template_v7":"","inline_featured_image":false,"_monsterinsights_skip_tracking":false,"_monsterinsights_sitenote_active":false,"_monsterinsights_sitenote_note":"","_monsterinsights_sitenote_category":0},"product_brand":[],"product_cat":[90,540],"product_tag":[],"class_list":{"0":"post-941290","1":"product","2":"type-product","3":"status-publish","4":"has-post-thumbnail","6":"product_cat-altres","7":"product_cat-otros","9":"first","10":"instock","11":"taxable","12":"shipping-taxable","13":"purchasable","14":"product-type-simple"},"acf":{"autor":"GAL\u00c1N, ANA","codart":"840827552","libros-coleccion":"FORA DE COL.LECCI\u00d3","ediciones":"1","encuadernacion":"R\u00fastica","fecha_de_publicacion":"01\/11\/2023","novedad":"1","paginas":"62","subtitulo":"","orden":"0","portada":"0","idioma":"spa","editorial":[{"ID":6233,"post_author":"3","post_date":"2022-07-28 17:47:48","post_date_gmt":"2022-07-28 15:47:48","post_content":"","post_title":"EDITORIAL PLANETA","post_excerpt":"","post_status":"publish","comment_status":"closed","ping_status":"closed","post_password":"","post_name":"editorial-planeta","to_ping":"","pinged":"","post_modified":"2022-07-28 17:47:48","post_modified_gmt":"2022-07-28 15:47:48","post_content_filtered":"","post_parent":0,"guid":"http:\/\/dev.claret.cat\/editorial\/editorial-planeta\/","menu_order":0,"post_type":"editorial","post_mime_type":"","comment_count":"0","filter":"raw"}],"autores-libros":[{"ID":150071,"post_author":"3","post_date":"2022-10-14 14:29:59","post_date_gmt":"2022-10-14 12:29:59","post_content":"","post_title":"ANA GALAN","post_excerpt":"","post_status":"publish","comment_status":"closed","ping_status":"closed","post_password":"","post_name":"ana-galan","to_ping":"","pinged":"","post_modified":"2022-10-14 14:29:59","post_modified_gmt":"2022-10-14 12:29:59","post_content_filtered":"","post_parent":0,"guid":"http:\/\/dev.claret.cat\/autor\/ana-galan\/","menu_order":0,"post_type":"autor","post_mime_type":"","comment_count":"0","filter":"raw"}]},"aioseo_notices":[],"_links":{"self":[{"href":"https:\/\/www.claret.cat\/es\/wp-json\/wp\/v2\/product\/941290","targetHints":{"allow":["GET"]}}],"collection":[{"href":"https:\/\/www.claret.cat\/es\/wp-json\/wp\/v2\/product"}],"about":[{"href":"https:\/\/www.claret.cat\/es\/wp-json\/wp\/v2\/types\/product"}],"wp:featuredmedia":[{"embeddable":true,"href":"https:\/\/www.claret.cat\/es\/wp-json\/wp\/v2\/media\/941291"}],"wp:attachment":[{"href":"https:\/\/www.claret.cat\/es\/wp-json\/wp\/v2\/media?parent=941290"}],"wp:term":[{"taxonomy":"product_brand","embeddable":true,"href":"https:\/\/www.claret.cat\/es\/wp-json\/wp\/v2\/product_brand?post=941290"},{"taxonomy":"product_cat","embeddable":true,"href":"https:\/\/www.claret.cat\/es\/wp-json\/wp\/v2\/product_cat?post=941290"},{"taxonomy":"product_tag","embeddable":true,"href":"https:\/\/www.claret.cat\/es\/wp-json\/wp\/v2\/product_tag?post=941290"}],"curies":[{"name":"wp","href":"https:\/\/api.w.org\/{rel}","templated":true}]}}