{"id":941293,"date":"2023-11-14T16:05:11","date_gmt":"2023-11-14T15:05:11","guid":{"rendered":"https:\/\/www.claret.cat\/llibre\/cocina-de-10-con-karlos-arguinano-9788408279259\/"},"modified":"2024-05-10T14:25:06","modified_gmt":"2024-05-10T12:25:06","slug":"cocina-de-10-con-karlos-arguinano-9788408279259","status":"publish","type":"product","link":"https:\/\/www.claret.cat\/es\/libro\/cocina-de-10-con-karlos-arguinano-9788408279259\/","title":{"rendered":"COCINA DE 10 CON KARLOS ARGUI\u00d1ANO"},"content":{"rendered":"<p>Vuelve Argui\u00f1ano, el gran cl\u00e1sico de la Navidad y top 1 en ventas. Un nuevo recetario, f\u00e1cil y sabroso, para entregarse a los fogones y celebrar su d\u00e9cimo libro en Planeta<br \/> Con m\u00e1s de un mill\u00f3n de ejemplares vendidos de todos sus libros, este a\u00f1o Karlos Argui\u00f1ano alcanza una cifra redonda: su t\u00edtulo n\u00famero 10 publicado en editorial Planeta. Y qu\u00e9 mejor para hacerlo que un nuevo recetario donde el truco, de nuevo, reside en la sencillez, en reivindicar la cocina casera, de mercado, sana y sin elaboraciones que nos compliquen la vida, pero con unos resultados que no bajan del 10. Ese es el principal reto que nuestro cocinero m\u00e1s querido se ha propuesto en Cocina de 10 con Karlos Argui\u00f1ano, un libro pr\u00e1ctico con las recetas m\u00e1s exitosas del programa, entre las que destacan algunos platos con los que se te har\u00e1 la boca agua: desde los cogollos de lechuga con salsa t\u00e1rtara a la suculenta tortilla de berenjena y chistorra o ese espagueti con morcilla y manzana para darse un homenaje. Sin olvidar, claro, los bollos de calabaza, el pan con espinacas, jam\u00f3n y queso o el popular brioche de chocolate de Joseba Argui\u00f1ano \u2014heredero del talento gastron\u00f3mico de su padre\u2014 que alegran la mesa y el paladar.<\/p>\n","protected":false},"excerpt":{"rendered":"<p>ARGUI\u00d1ANO, KARLOS<\/p>\n","protected":false},"featured_media":941294,"template":"","meta":{"_acf_changed":false,"om_disable_all_campaigns":false,"rs_blank_template":"","rs_page_bg_color":"","slide_template_v7":"","inline_featured_image":false,"_monsterinsights_skip_tracking":false,"_monsterinsights_sitenote_active":false,"_monsterinsights_sitenote_note":"","_monsterinsights_sitenote_category":0},"product_brand":[],"product_cat":[553,103],"product_tag":[],"class_list":{"0":"post-941293","1":"product","2":"type-product","3":"status-publish","4":"has-post-thumbnail","6":"product_cat-cocina","7":"product_cat-cuina","9":"first","10":"instock","11":"taxable","12":"shipping-taxable","13":"purchasable","14":"product-type-simple"},"acf":{"autor":"ARGUI\u00d1ANO, KARLOS","codart":"840827925","libros-coleccion":"Planeta Cocina","ediciones":"1","encuadernacion":"Carton\u00e9","fecha_de_publicacion":"01\/11\/2023","novedad":"1","paginas":"700","subtitulo":"","orden":"0","portada":"0","idioma":"spa","editorial":[{"ID":6233,"post_author":"3","post_date":"2022-07-28 17:47:48","post_date_gmt":"2022-07-28 15:47:48","post_content":"","post_title":"EDITORIAL PLANETA","post_excerpt":"","post_status":"publish","comment_status":"closed","ping_status":"closed","post_password":"","post_name":"editorial-planeta","to_ping":"","pinged":"","post_modified":"2022-07-28 17:47:48","post_modified_gmt":"2022-07-28 15:47:48","post_content_filtered":"","post_parent":0,"guid":"http:\/\/dev.claret.cat\/editorial\/editorial-planeta\/","menu_order":0,"post_type":"editorial","post_mime_type":"","comment_count":"0","filter":"raw"}],"autores-libros":[{"ID":161453,"post_author":"3","post_date":"2022-10-14 17:18:20","post_date_gmt":"2022-10-14 15:18:20","post_content":"","post_title":"KARLOS ARGUI\u00d1ANO","post_excerpt":"","post_status":"publish","comment_status":"closed","ping_status":"closed","post_password":"","post_name":"karlos-arguinano","to_ping":"","pinged":"","post_modified":"2022-10-14 17:18:20","post_modified_gmt":"2022-10-14 15:18:20","post_content_filtered":"","post_parent":0,"guid":"http:\/\/dev.claret.cat\/autor\/karlos-arguinano\/","menu_order":0,"post_type":"autor","post_mime_type":"","comment_count":"0","filter":"raw"}]},"aioseo_notices":[],"_links":{"self":[{"href":"https:\/\/www.claret.cat\/es\/wp-json\/wp\/v2\/product\/941293","targetHints":{"allow":["GET"]}}],"collection":[{"href":"https:\/\/www.claret.cat\/es\/wp-json\/wp\/v2\/product"}],"about":[{"href":"https:\/\/www.claret.cat\/es\/wp-json\/wp\/v2\/types\/product"}],"wp:featuredmedia":[{"embeddable":true,"href":"https:\/\/www.claret.cat\/es\/wp-json\/wp\/v2\/media\/941294"}],"wp:attachment":[{"href":"https:\/\/www.claret.cat\/es\/wp-json\/wp\/v2\/media?parent=941293"}],"wp:term":[{"taxonomy":"product_brand","embeddable":true,"href":"https:\/\/www.claret.cat\/es\/wp-json\/wp\/v2\/product_brand?post=941293"},{"taxonomy":"product_cat","embeddable":true,"href":"https:\/\/www.claret.cat\/es\/wp-json\/wp\/v2\/product_cat?post=941293"},{"taxonomy":"product_tag","embeddable":true,"href":"https:\/\/www.claret.cat\/es\/wp-json\/wp\/v2\/product_tag?post=941293"}],"curies":[{"name":"wp","href":"https:\/\/api.w.org\/{rel}","templated":true}]}}