{"id":941306,"date":"2023-11-14T16:12:53","date_gmt":"2023-11-14T15:12:53","guid":{"rendered":"https:\/\/www.claret.cat\/llibre\/contes-escollits-9788419657367\/"},"modified":"2024-01-31T20:53:07","modified_gmt":"2024-01-31T19:53:07","slug":"contes-escollits-9788419657367","status":"publish","type":"product","link":"https:\/\/www.claret.cat\/es\/libro\/contes-escollits-9788419657367\/","title":{"rendered":"CONTES ESCOLLITS"},"content":{"rendered":"<p>L&#8217;antologia m\u00e9s nodrida i representativa de Tx\u00e9khov. 35 contes triats i prologats per Vicen\u00e7 P\u00e0g\u00e8s Jord\u00e0 i tradu\u00efts per X\u00e8nia DyakonovaTx\u00e9khov \u00e9s el gran contista rus i un dels imprescindibles de la literatura universal. Per\u00f2 potser per la vast\u00edssima extensi\u00f3 de la seva obra, que afavoreix aproximacions parcials, se&#8217;l coneix poc o sota punts de vista diferents: hi ha molts tx\u00e9khovs i cadasc\u00fa t\u00e9 el seu.\u00a0Vicen\u00e7 Pag\u00e8s Jord\u00e0 va preparar aquesta tria de trenta-cinc contes, que ha tradu\u00eft espl\u00e8ndidament X\u00e8nia Dyakonova i que constitueixen l&#8217;antologia m\u00e9s\u00a0nodrida i representativa de l&#8217;autor que s&#8217;ha publicat en catal\u00e0. Llegir aquests contes en ordre cronol\u00f2gic permet resseguir totes les etapes creatives de l&#8217;autor, la transformaci\u00f3 dels seus interessos, la maduraci\u00f3 del tema i del to. Hi figuren uns quants dels seus contes m\u00e9s coneguts, per\u00f2 no n&#8217;exclou d&#8217;altres que exploren l\u00ednies que no va prosseguir. I entre el primer conte i l&#8217;\u00faltim dels que va publicar, s&#8217;obre tot el ventall de temes i textures de l&#8217;art narratiu de Tx\u00e9khov.<br \/> \u00abPer llegir-lo no cal saber rus, ni hist\u00f2ria, ni haver estudiat literatura comparada. Els seus contes es resisteixen a les an\u00e0lisis perqu\u00e8, m\u00e9s que un t\u00e8cnic, \u00e9s un savi \u2014de vegades un amic\u00bb. Del pr\u00f2leg de Vicen\u00e7 Pag\u00e8s Jord\u00e0<\/p>\n","protected":false},"excerpt":{"rendered":"<p>TX\u00c8KHOV, ANTON<\/p>\n","protected":false},"featured_media":941411,"template":"","meta":{"_acf_changed":false,"om_disable_all_campaigns":false,"rs_blank_template":"","rs_page_bg_color":"","slide_template_v7":"","inline_featured_image":false,"_monsterinsights_skip_tracking":false,"_monsterinsights_sitenote_active":false,"_monsterinsights_sitenote_note":"","_monsterinsights_sitenote_category":0},"product_brand":[],"product_cat":[354,123],"product_tag":[],"class_list":{"0":"post-941306","1":"product","2":"type-product","3":"status-publish","4":"has-post-thumbnail","6":"product_cat-clasica","7":"product_cat-classica","9":"first","10":"instock","11":"taxable","12":"shipping-taxable","13":"purchasable","14":"product-type-simple"},"acf":{"autor":"TX\u00c8KHOV, ANTON","codart":"841965736","libros-coleccion":"A TOT VENT","ediciones":"1","encuadernacion":"Carton\u00e9","fecha_de_publicacion":"01\/11\/2023","novedad":"1","paginas":"403","subtitulo":"","orden":"0","portada":"0","idioma":"cat","editorial":[{"ID":6336,"post_author":"3","post_date":"2022-07-28 17:50:00","post_date_gmt":"2022-07-28 15:50:00","post_content":"","post_title":"Proa","post_excerpt":"","post_status":"publish","comment_status":"closed","ping_status":"closed","post_password":"","post_name":"proa","to_ping":"","pinged":"","post_modified":"2022-07-28 17:50:00","post_modified_gmt":"2022-07-28 15:50:00","post_content_filtered":"","post_parent":0,"guid":"http:\/\/dev.claret.cat\/editorial\/proa\/","menu_order":0,"post_type":"editorial","post_mime_type":"","comment_count":"0","filter":"raw"}],"autores-libros":[{"ID":150796,"post_author":"3","post_date":"2022-10-14 14:35:49","post_date_gmt":"2022-10-14 12:35:49","post_content":"","post_title":"ANTON TXEKHOV","post_excerpt":"","post_status":"publish","comment_status":"closed","ping_status":"closed","post_password":"","post_name":"anton-txekhov","to_ping":"","pinged":"","post_modified":"2022-10-14 14:35:49","post_modified_gmt":"2022-10-14 12:35:49","post_content_filtered":"","post_parent":0,"guid":"http:\/\/dev.claret.cat\/autor\/anton-txekhov\/","menu_order":0,"post_type":"autor","post_mime_type":"","comment_count":"0","filter":"raw"}]},"aioseo_notices":[],"_links":{"self":[{"href":"https:\/\/www.claret.cat\/es\/wp-json\/wp\/v2\/product\/941306","targetHints":{"allow":["GET"]}}],"collection":[{"href":"https:\/\/www.claret.cat\/es\/wp-json\/wp\/v2\/product"}],"about":[{"href":"https:\/\/www.claret.cat\/es\/wp-json\/wp\/v2\/types\/product"}],"wp:featuredmedia":[{"embeddable":true,"href":"https:\/\/www.claret.cat\/es\/wp-json\/wp\/v2\/media\/941411"}],"wp:attachment":[{"href":"https:\/\/www.claret.cat\/es\/wp-json\/wp\/v2\/media?parent=941306"}],"wp:term":[{"taxonomy":"product_brand","embeddable":true,"href":"https:\/\/www.claret.cat\/es\/wp-json\/wp\/v2\/product_brand?post=941306"},{"taxonomy":"product_cat","embeddable":true,"href":"https:\/\/www.claret.cat\/es\/wp-json\/wp\/v2\/product_cat?post=941306"},{"taxonomy":"product_tag","embeddable":true,"href":"https:\/\/www.claret.cat\/es\/wp-json\/wp\/v2\/product_tag?post=941306"}],"curies":[{"name":"wp","href":"https:\/\/api.w.org\/{rel}","templated":true}]}}