{"id":941321,"date":"2023-11-14T16:16:01","date_gmt":"2023-11-14T15:16:01","guid":{"rendered":"https:\/\/www.claret.cat\/llibre\/magic-animals-4-el-monstre-dels-gels-9788413896908\/"},"modified":"2026-04-18T12:12:16","modified_gmt":"2026-04-18T10:12:16","slug":"magic-animals-4-el-monstre-dels-gels-9788413896908","status":"publish","type":"product","link":"https:\/\/www.claret.cat\/es\/libro\/magic-animals-4-el-monstre-dels-gels-9788413896908\/","title":{"rendered":"MAGIC ANIMALS 4. EL MONSTRE DELS GELS"},"content":{"rendered":"<p>Meitat nen, meitat animal, amb poders incre\u00efbles! S\u00f3n els Magic Animals!MAGIC ANIMALS\u00a0\u00e9s la s\u00e8rie que reuneix tots els ingredients per triomfar i il\u00b7lusionar els petits lectors en un m\u00f3n ple de nens i nenes, m\u00e0gia, aventures, \u00e9ssers fant\u00e0stics\u2026 i animals.\u00a0<br \/> En la misteriosa vall de Blim habiten \u00e9ssers fant\u00e0stics capa\u00e7os d&#8221;adoptar forma de nen i d&#8221;animal. \u00c9ssers que, a trav\u00e9s d&#8221;un amulet m\u00e0gic, poden transformar-se en MAGIC ANIMALS amb poders incre\u00efbles. Ara et presentem el quart t\u00edtol.<br \/> \u00a0<br \/> Magic Animals 4. El monstre dels gels<br \/> L&#8221;hivern ha arribat a la vall de Blim. L&#8221;Abi, l&#8221;\u00c8ric, la Yuna, la Cloe i el Nico se&#8221;n van de conviv\u00e8ncies a la Serra de les Neus\u00a0juntament amb els seus companys de classe. Per\u00f2 el que havia de ser una excursi\u00f3 per gaudir de la neu es converteix en una aventura esgarrifosa\u2026 Segons explica la llegenda, existeix un \u00e9sser gegantesc anomenat\u00a0Monstre dels Gels\u00a0que fa m\u00e9s de cent anys que est\u00e0 adormit, per\u00f2 ara alguna cosa el podria haver despertat\u2026 Estan preparats els Magic Animals per enfrontar-se a aquesta terrible criatura?<br \/> Una col\u00b7lecci\u00f3 per a primers lectors, amb cap\u00edtols breus, lletra grossa i llenguatge adaptat al nivell lector.<br \/> Una s\u00e8rie de llibres ideal per\u00a0aprendre a llegir,\u00a0amb una\u00a0part narrativa i una part de c\u00f2mic,\u00a0i perfecta per passar hores de diversi\u00f3 i entreteniment.<br \/> Il\u00b7lustracions en color i amb p\u00e0gines en\u00a0format c\u00f2mic que faciliten la lectura i la comprensi\u00f3 del lector,\u00a0creades per\u00a0Carles Dalmau, un jove il\u00b7lustrador\u00a0que s&#8221;ha fet un lloc destacat en el m\u00f3n de la il\u00b7lustraci\u00f3, el c\u00f2mic i el manga. T\u00e9 m\u00e9s de 600.000 seguidors a les xarxes.<br \/> Una col\u00b7lecci\u00f3 plena de m\u00e0gia, poders, animals, nens i nenes i misteris,\u00a0recomanada per a nens i nenes de 6 a 8 anys. Perfecta per a lectors d&#8221;Anna Kadabra i Marcus Pocus.<br \/> \u00a0G\u00c8NERE<\/p>\n<p> Acci\u00f3 i aventura<br \/> Misteris i m\u00e0gia<br \/> Animals i poders\u00a0<br \/> Humor i diversi\u00f3<\/p>\n<p> \u00a0<br \/> L&#8221;AUTORA<br \/> Susanna Isern\u00a0\u00e9s una de les autores m\u00e9s importants del panorama de la literatura infantil. Ha publicat m\u00e9s de 90 t\u00edtols que s&#8221;han tradu\u00eft a m\u00e9s de 30 idiomes i ha venut m\u00e9s d&#8221;1.000.000 d&#8221;exemplars arreu del m\u00f3n.<br \/> Alguns dels seus t\u00edtols m\u00e9s destacats s\u00f3n:<\/p>\n<p> Daniela pirata<br \/> El gran libro de los superpoderes<br \/> Abecemociones<br \/> Aqua Marina<\/p>\n","protected":false},"excerpt":{"rendered":"<p>ISERN, SUSANNA \/ TORRAS DALMAU, CARLES<\/p>\n","protected":false},"featured_media":970510,"template":"","meta":{"_acf_changed":false,"om_disable_all_campaigns":false,"rs_blank_template":"","rs_page_bg_color":"","slide_template_v7":"","inline_featured_image":false,"_monsterinsights_skip_tracking":false,"_monsterinsights_sitenote_active":false,"_monsterinsights_sitenote_note":"","_monsterinsights_sitenote_category":0},"product_brand":[],"product_cat":[132,362],"product_tag":[],"class_list":{"0":"post-941321","1":"product","2":"type-product","3":"status-publish","4":"has-post-thumbnail","6":"product_cat-lectures-per-preadolescents-6-12-anys","7":"product_cat-libros-preadolescentes-6-12-anos","9":"first","10":"instock","11":"taxable","12":"shipping-taxable","13":"purchasable","14":"product-type-simple"},"acf":{"autor":"ISERN, SUSANNA \/ TORRAS DALMAU, CARLES","codart":"841389690","libros-coleccion":"Primers lectors","ediciones":"1","encuadernacion":"R\u00fastica","fecha_de_publicacion":"01\/11\/2023","novedad":"1","paginas":"120","subtitulo":"","orden":"0","portada":"0","idioma":"spa","editorial":[{"ID":6249,"post_author":"3","post_date":"2022-07-28 17:48:09","post_date_gmt":"2022-07-28 15:48:09","post_content":"","post_title":"Estrella Polar","post_excerpt":"","post_status":"publish","comment_status":"closed","ping_status":"closed","post_password":"","post_name":"estrella-polar","to_ping":"","pinged":"","post_modified":"2022-07-28 17:48:09","post_modified_gmt":"2022-07-28 15:48:09","post_content_filtered":"","post_parent":0,"guid":"http:\/\/dev.claret.cat\/editorial\/estrella-polar\/","menu_order":0,"post_type":"editorial","post_mime_type":"","comment_count":"0","filter":"raw"}],"autores-libros":[{"ID":169977,"post_author":"3","post_date":"2022-10-14 22:31:33","post_date_gmt":"2022-10-14 20:31:33","post_content":"","post_title":"SUSANNA ISERN","post_excerpt":"","post_status":"publish","comment_status":"closed","ping_status":"closed","post_password":"","post_name":"susanna-isern","to_ping":"","pinged":"","post_modified":"2022-10-14 22:31:33","post_modified_gmt":"2022-10-14 20:31:33","post_content_filtered":"","post_parent":0,"guid":"http:\/\/dev.claret.cat\/autor\/susanna-isern\/","menu_order":0,"post_type":"autor","post_mime_type":"","comment_count":"0","filter":"raw"},{"ID":418570,"post_author":"3","post_date":"2023-05-03 13:10:02","post_date_gmt":"2023-05-03 11:10:02","post_content":"","post_title":"CARLES TORRAS DALMAU","post_excerpt":"","post_status":"publish","comment_status":"closed","ping_status":"closed","post_password":"","post_name":"carles-torras-dalmau","to_ping":"","pinged":"","post_modified":"2023-05-03 13:10:02","post_modified_gmt":"2023-05-03 11:10:02","post_content_filtered":"","post_parent":0,"guid":"https:\/\/www.claret.cat\/autor\/carles-torras-dalmau\/","menu_order":0,"post_type":"autor","post_mime_type":"","comment_count":"0","filter":"raw"}],"booktrailer":"","resenas":""},"aioseo_notices":[],"_links":{"self":[{"href":"https:\/\/www.claret.cat\/es\/wp-json\/wp\/v2\/product\/941321","targetHints":{"allow":["GET"]}}],"collection":[{"href":"https:\/\/www.claret.cat\/es\/wp-json\/wp\/v2\/product"}],"about":[{"href":"https:\/\/www.claret.cat\/es\/wp-json\/wp\/v2\/types\/product"}],"wp:featuredmedia":[{"embeddable":true,"href":"https:\/\/www.claret.cat\/es\/wp-json\/wp\/v2\/media\/970510"}],"wp:attachment":[{"href":"https:\/\/www.claret.cat\/es\/wp-json\/wp\/v2\/media?parent=941321"}],"wp:term":[{"taxonomy":"product_brand","embeddable":true,"href":"https:\/\/www.claret.cat\/es\/wp-json\/wp\/v2\/product_brand?post=941321"},{"taxonomy":"product_cat","embeddable":true,"href":"https:\/\/www.claret.cat\/es\/wp-json\/wp\/v2\/product_cat?post=941321"},{"taxonomy":"product_tag","embeddable":true,"href":"https:\/\/www.claret.cat\/es\/wp-json\/wp\/v2\/product_tag?post=941321"}],"curies":[{"name":"wp","href":"https:\/\/api.w.org\/{rel}","templated":true}]}}