{"id":941332,"date":"2023-11-14T16:25:18","date_gmt":"2023-11-14T15:25:18","guid":{"rendered":"https:\/\/www.claret.cat\/llibre\/el-origen-de-la-hermeneutica-de-si-9789876296274\/"},"modified":"2024-05-22T13:57:08","modified_gmt":"2024-05-22T11:57:08","slug":"el-origen-de-la-hermeneutica-de-si-9789876296274","status":"publish","type":"product","link":"https:\/\/www.claret.cat\/es\/libro\/el-origen-de-la-hermeneutica-de-si-9789876296274\/","title":{"rendered":"EL ORIGEN DE LA HERMEN\u00c9UTICA DE S\u00cd"},"content":{"rendered":"<p>\u00bfDe d\u00f3nde viene ese impulso que nos lleva a buscar la verdad dentro de nosotros mismos, a conocernos y verbalizar ese conocimiento ante otros? Esta pr\u00e1ctica de desciframiento, de bucear en los propios pensamientos y sentimientos para someterlos a una interpretaci\u00f3n ilimitada, que Foucault llama \u201chermen\u00e9utica de s\u00ed\u201d, es el eje de las dos conferencias y de las dos intervenciones reunidas en este libro, que tuvieron lugar en los Estados Unidos en 1980 y han sido recientemente publicadas en Francia.<\/p>\n<p>Ellas marcan un momento decisivo en el proyecto de trazar una genealog\u00eda del sujeto. Foucault muestra c\u00f3mo se constituy\u00f3 hist\u00f3ricamente el tan mentado sujeto moderno y c\u00f3mo no basta con tener en cuenta las t\u00e9cnicas de dominaci\u00f3n o coerci\u00f3n (en hospitales, asilos, prisiones), sino que es necesario incorporar tambi\u00e9n las \u201ct\u00e9cnicas de s\u00ed\u201d, los modos en que el sujeto act\u00faa sobre s\u00ed mismo, sobre su propio cuerpo, su \u201calma\u201d y sus conductas.<\/p>\n<p>En exposiciones orales que exhiben una argumentaci\u00f3n tan rigurosa como l\u00edmpida y fluida, rastrea en los textos de la Antigu?edad grecorromana y del cristianismo primitivo las t\u00e9cnicas que ligan el sujeto a su verdad. Describe c\u00f3mo funcionan el examen de s\u00ed, la direcci\u00f3n de conciencia y la confesi\u00f3n. Y advierte una oposici\u00f3n, una discontinuidad radical, entre la tradici\u00f3n socr\u00e1tica del \u201ccon\u00f3cete a ti mismo\u201d, que no buscaba extraer una verdad oculta en el fondo del sujeto, sino ayudarlo a reconocer c\u00f3mo podr\u00eda actuar mejor, y el precepto cristiano \u201cconfiesa a tu gu\u00eda espiritual cada uno de tus pensamientos\u201d, que insta a escrutar los secretos m\u00e1s hondos y a una obediencia y automortificaci\u00f3n constantes por las faltas cometidas. Es aqu\u00ed, en esta discontinuidad marcada por la confesi\u00f3n cristiana, donde Foucault sit\u00faa el origen de esa hermen\u00e9utica de s\u00ed que atravesar\u00e1 luego las instituciones judiciales, m\u00e9dicas, psicoanal\u00edticas y psiqui\u00e1tricas, y que se nos propone incluso hoy.<\/p>\n<p>Estas conferencias no s\u00f3lo sirven como una v\u00eda de acceso a los \u00faltimos cursos y libros de Foucault, sino como una pieza fundamental en su proyecto \u00e9tico-pol\u00edtico de desandar una hermen\u00e9utica de s\u00ed que puede cerrar el paso a la posibilidad de vivir de otra manera, de ir m\u00e1s all\u00e1 de los l\u00edmites que parece imponernos nuestra herencia hist\u00f3rica.<\/p>\n","protected":false},"excerpt":{"rendered":"<p>FOUCAULT, MICHEL<\/p>\n","protected":false},"featured_media":941393,"template":"","meta":{"_acf_changed":false,"om_disable_all_campaigns":false,"rs_blank_template":"","rs_page_bg_color":"","slide_template_v7":"","inline_featured_image":false,"_monsterinsights_skip_tracking":false,"_monsterinsights_sitenote_active":false,"_monsterinsights_sitenote_note":"","_monsterinsights_sitenote_category":0},"product_brand":[],"product_cat":[373,166],"product_tag":[],"class_list":{"0":"post-941332","1":"product","2":"type-product","3":"status-publish","4":"has-post-thumbnail","6":"product_cat-autores","7":"product_cat-autors-filosofia","9":"first","10":"instock","11":"taxable","12":"shipping-taxable","13":"purchasable","14":"product-type-simple"},"acf":{"autor":"FOUCAULT, MICHEL","codart":"987629627","libros-coleccion":"FORA DE COL.LECCI\u00d3","ediciones":"1","encuadernacion":"R\u00fastica","fecha_de_publicacion":"14\/11\/2023","novedad":"1","paginas":"160","subtitulo":"CONFERENCIAS DE DARTMOUTH, 1980","orden":"0","portada":"0","idioma":"spa","editorial":[{"ID":6115,"post_author":"3","post_date":"2022-07-28 17:45:13","post_date_gmt":"2022-07-28 15:45:13","post_content":"","post_title":"AKAL, EDICIONES S.A.","post_excerpt":"","post_status":"publish","comment_status":"closed","ping_status":"closed","post_password":"","post_name":"akal-ediciones-s-a","to_ping":"","pinged":"","post_modified":"2022-07-28 17:45:13","post_modified_gmt":"2022-07-28 15:45:13","post_content_filtered":"","post_parent":0,"guid":"http:\/\/dev.claret.cat\/editorial\/akal-ediciones-s-a\/","menu_order":0,"post_type":"editorial","post_mime_type":"","comment_count":"0","filter":"raw"}],"autores-libros":[{"ID":164851,"post_author":"3","post_date":"2022-10-14 17:50:23","post_date_gmt":"2022-10-14 15:50:23","post_content":"","post_title":"MICHEL FOUCAULT","post_excerpt":"","post_status":"publish","comment_status":"closed","ping_status":"closed","post_password":"","post_name":"michel-foucault","to_ping":"","pinged":"","post_modified":"2022-10-14 17:50:23","post_modified_gmt":"2022-10-14 15:50:23","post_content_filtered":"","post_parent":0,"guid":"http:\/\/dev.claret.cat\/autor\/michel-foucault\/","menu_order":0,"post_type":"autor","post_mime_type":"","comment_count":"0","filter":"raw"}]},"aioseo_notices":[],"_links":{"self":[{"href":"https:\/\/www.claret.cat\/es\/wp-json\/wp\/v2\/product\/941332","targetHints":{"allow":["GET"]}}],"collection":[{"href":"https:\/\/www.claret.cat\/es\/wp-json\/wp\/v2\/product"}],"about":[{"href":"https:\/\/www.claret.cat\/es\/wp-json\/wp\/v2\/types\/product"}],"wp:featuredmedia":[{"embeddable":true,"href":"https:\/\/www.claret.cat\/es\/wp-json\/wp\/v2\/media\/941393"}],"wp:attachment":[{"href":"https:\/\/www.claret.cat\/es\/wp-json\/wp\/v2\/media?parent=941332"}],"wp:term":[{"taxonomy":"product_brand","embeddable":true,"href":"https:\/\/www.claret.cat\/es\/wp-json\/wp\/v2\/product_brand?post=941332"},{"taxonomy":"product_cat","embeddable":true,"href":"https:\/\/www.claret.cat\/es\/wp-json\/wp\/v2\/product_cat?post=941332"},{"taxonomy":"product_tag","embeddable":true,"href":"https:\/\/www.claret.cat\/es\/wp-json\/wp\/v2\/product_tag?post=941332"}],"curies":[{"name":"wp","href":"https:\/\/api.w.org\/{rel}","templated":true}]}}