{"id":941504,"date":"2023-11-15T12:35:10","date_gmt":"2023-11-15T11:35:10","guid":{"rendered":"https:\/\/www.claret.cat\/llibre\/aprender-con-destreza-9788428840712\/"},"modified":"2024-05-24T10:06:10","modified_gmt":"2024-05-24T08:06:10","slug":"aprender-con-destreza-9788428840712","status":"publish","type":"product","link":"https:\/\/www.claret.cat\/es\/libro\/aprender-con-destreza-9788428840712\/","title":{"rendered":"APRENDER CON DESTREZA"},"content":{"rendered":"<p><span>Aprender con destreza&#8217; se presenta como una interesante propuesta pedag\u00f3gica basada en la metodolog\u00eda Thinking Based Learning, ofreciendo la posibilidad de dotar de un enfoque din\u00e1mico en el tratamiento y transmisi\u00f3n de los contenidos curriculares de la asignatura de Religi\u00f3n. De este modo, nutrida de t\u00e9cnicas multidisciplinares y orientaciones manejables, cada actividad servida en esta obra fomenta el desarrollo eficaz de los procesos de aprendizaje del alumno.<\/span><\/p>\n","protected":false},"excerpt":{"rendered":"<p>SOCORRO FUNETES, MARIA DEL<\/p>\n","protected":false},"featured_media":941507,"template":"","meta":{"_acf_changed":false,"om_disable_all_campaigns":false,"rs_blank_template":"","rs_page_bg_color":"","slide_template_v7":"","inline_featured_image":false,"_monsterinsights_skip_tracking":false,"_monsterinsights_sitenote_active":false,"_monsterinsights_sitenote_note":"","_monsterinsights_sitenote_category":0},"product_brand":[],"product_cat":[225,483],"product_tag":[],"class_list":{"0":"post-941504","1":"product","2":"type-product","3":"status-publish","4":"has-post-thumbnail","6":"product_cat-catecismes","7":"product_cat-catecismos","9":"first","10":"instock","11":"taxable","12":"shipping-taxable","13":"purchasable","14":"product-type-simple"},"acf":{"autor":"SOCORRO FUNETES, MARIA DEL","codart":"842884071","libros-coleccion":"Educar Pr\u00e1ctico","ediciones":"1","encuadernacion":"R\u00fastica","fecha_de_publicacion":"15\/11\/2023","novedad":"1","paginas":"192","subtitulo":"LA METODOLOG\u00cdA TBL APLICADA AL \u00c1REA DE RELIGI\u00d3N CAT\u00d3LICA. 3\u00ba Y 4\u00ba DE ESO","orden":"0","portada":"0","idioma":"spa","editorial":[{"ID":6335,"post_author":"3","post_date":"2022-07-28 17:49:59","post_date_gmt":"2022-07-28 15:49:59","post_content":"","post_title":"PPC altres","post_excerpt":"","post_status":"publish","comment_status":"closed","ping_status":"closed","post_password":"","post_name":"ppc-altres","to_ping":"","pinged":"","post_modified":"2022-07-28 17:49:59","post_modified_gmt":"2022-07-28 15:49:59","post_content_filtered":"","post_parent":0,"guid":"http:\/\/dev.claret.cat\/editorial\/ppc-altres\/","menu_order":0,"post_type":"editorial","post_mime_type":"","comment_count":"0","filter":"raw"}],"autores-libros":[{"ID":453852,"post_author":"3","post_date":"2023-07-26 10:10:03","post_date_gmt":"2023-07-26 08:10:03","post_content":"","post_title":"MARIA DEL SOCORRO FUNETES","post_excerpt":"","post_status":"publish","comment_status":"closed","ping_status":"closed","post_password":"","post_name":"maria-del-socorro-funetes","to_ping":"","pinged":"","post_modified":"2023-07-26 10:10:03","post_modified_gmt":"2023-07-26 08:10:03","post_content_filtered":"","post_parent":0,"guid":"https:\/\/www.claret.cat\/autor\/maria-del-socorro-funetes\/","menu_order":0,"post_type":"autor","post_mime_type":"","comment_count":"0","filter":"raw"}]},"aioseo_notices":[],"_links":{"self":[{"href":"https:\/\/www.claret.cat\/es\/wp-json\/wp\/v2\/product\/941504","targetHints":{"allow":["GET"]}}],"collection":[{"href":"https:\/\/www.claret.cat\/es\/wp-json\/wp\/v2\/product"}],"about":[{"href":"https:\/\/www.claret.cat\/es\/wp-json\/wp\/v2\/types\/product"}],"wp:featuredmedia":[{"embeddable":true,"href":"https:\/\/www.claret.cat\/es\/wp-json\/wp\/v2\/media\/941507"}],"wp:attachment":[{"href":"https:\/\/www.claret.cat\/es\/wp-json\/wp\/v2\/media?parent=941504"}],"wp:term":[{"taxonomy":"product_brand","embeddable":true,"href":"https:\/\/www.claret.cat\/es\/wp-json\/wp\/v2\/product_brand?post=941504"},{"taxonomy":"product_cat","embeddable":true,"href":"https:\/\/www.claret.cat\/es\/wp-json\/wp\/v2\/product_cat?post=941504"},{"taxonomy":"product_tag","embeddable":true,"href":"https:\/\/www.claret.cat\/es\/wp-json\/wp\/v2\/product_tag?post=941504"}],"curies":[{"name":"wp","href":"https:\/\/api.w.org\/{rel}","templated":true}]}}