{"id":941515,"date":"2023-11-15T12:56:04","date_gmt":"2023-11-15T11:56:04","guid":{"rendered":"https:\/\/www.claret.cat\/llibre\/a-traves-de-los-muros-9788419158574\/"},"modified":"2023-11-15T13:21:17","modified_gmt":"2023-11-15T12:21:17","slug":"a-traves-de-los-muros-9788419158574","status":"publish","type":"product","link":"https:\/\/www.claret.cat\/es\/libro\/a-traves-de-los-muros-9788419158574\/","title":{"rendered":"A TRAV\u00c9S DE LOS MUROS"},"content":{"rendered":"<p>En el momento en que enviamos este libro a imprenta, el Ej\u00e9rcito israel\u00ed prepara su ataque terrestre sobre la Franja de Gaza, que ha prometido devastador como represalia contra la ofensiva de las milicias de Ham\u00e1s sobre su territorio. Sabemos que Israel no encontrar\u00e1 en Gaza un ej\u00e9rcito, sino un sistema de guerrilla que se apoya en su inmejorable conocimiento del terreno y en una extensa red de t\u00faneles. Se desconoce, sin embargo, si en esta ocasi\u00f3n las tropas israel\u00edes replicar\u00e1n la ins\u00f3lita estrategia militar a la que recurrieron en el pasado, durante cerca de una d\u00e9cada, coincidiendo con la Segunda Intifada.<br \/> Por entonces, los ataques contra ciudades palestinas se orquestaron mediante el desarrollo de una t\u00e1ctica absolutamente in\u00e9dita: en lugar de progresar por las tortuosas v\u00edas de los distintos barrios o campamentos de refugiados, los soldados avanzaban pasando de casa en casa, atravesando muros, suelos, techos, salones, habitaciones y cuartos de ba\u00f1o, sin pisar nunca las calles. As\u00ed, transformando por completo el concepto de espacio (transfigurando el interior en exterior y viceversa), se proteg\u00edan del punto de mira de los combatientes palestinos y convert\u00edan los hogares de los civiles, de forma traum\u00e1tica y humillante, en el verdadero campo de batalla. Pero \u00bfc\u00f3mo concibi\u00f3 el alto mando militar israel\u00ed una idea semejante?<br \/> La t\u00e1ctica militar de la \u00abgeometr\u00eda inversa\u00bb, complementada con conceptos como el de \u00abinteligencia de enjambre\u00bb, \u00abataque desjerarquizado\u00bb o \u00abredes polic\u00e9ntricas\u00bb, fue creada por una serie de generales israel\u00edes que trataron de apropiarse de las propuestas de pensadores cr\u00edticos y libertarios radicales como Gilles Deleuze, F\u00e9lix Guattari o Guy Debord, dando lugar a un espeluznante giro posmoderno que pretend\u00eda reinventar la guerra urbana haciendo de sus tropas una suerte de \u00abguerrilla invertida\u00bb.<br \/> Este ensayo saca por tanto a la luz uno de los programas de investigaci\u00f3n militar m\u00e1s extra\u00f1os del Ej\u00e9rcito israel\u00ed, as\u00ed como sus catastr\u00f3ficas consecuencias.<\/p>\n","protected":false},"excerpt":{"rendered":"<p>WEIZMAN, EYAL<\/p>\n","protected":false},"featured_media":941548,"template":"","meta":{"_acf_changed":false,"om_disable_all_campaigns":false,"rs_blank_template":"","rs_page_bg_color":"","slide_template_v7":"","inline_featured_image":false,"_monsterinsights_skip_tracking":false,"_monsterinsights_sitenote_active":false,"_monsterinsights_sitenote_note":"","_monsterinsights_sitenote_category":0},"product_brand":[],"product_cat":[152,429],"product_tag":[],"class_list":{"0":"post-941515","1":"product","2":"type-product","3":"status-publish","4":"has-post-thumbnail","6":"product_cat-el-mon-actual","7":"product_cat-el-mundo-actual","9":"first","10":"instock","11":"taxable","12":"shipping-taxable","13":"purchasable","14":"product-type-simple"},"acf":{"autor":"WEIZMAN, EYAL","codart":"841915857","libros-coleccion":"LA MUCHACHA DE DOS CABEZAS","ediciones":"1","encuadernacion":"R\u00fastica","fecha_de_publicacion":"01\/11\/2023","novedad":"1","paginas":"106","subtitulo":"C\u00d3MO EL EJ\u00c9RCITO ISRAEL\u00cd SE APROPI\u00d3 DE LA TEOR\u00cdA CR\u00cdTICA POSMODERNA Y REINVENT\u00d3","orden":"0","portada":"0","idioma":"spa","editorial":[{"ID":148106,"post_author":"3","post_date":"2022-10-14 11:55:41","post_date_gmt":"2022-10-14 09:55:41","post_content":"","post_title":"ERRATA NATURAE EDITORES","post_excerpt":"","post_status":"publish","comment_status":"closed","ping_status":"closed","post_password":"","post_name":"errata-naturae-editores","to_ping":"","pinged":"","post_modified":"2022-10-14 11:55:41","post_modified_gmt":"2022-10-14 09:55:41","post_content_filtered":"","post_parent":0,"guid":"http:\/\/dev.claret.cat\/editorial\/errata-naturae-editores\/","menu_order":0,"post_type":"editorial","post_mime_type":"","comment_count":"0","filter":"raw"}],"autores-libros":[{"ID":941526,"post_author":"3","post_date":"2023-11-15 13:00:24","post_date_gmt":"2023-11-15 12:00:24","post_content":"","post_title":"EYAL WEIZMAN","post_excerpt":"","post_status":"publish","comment_status":"closed","ping_status":"closed","post_password":"","post_name":"eyal-weizman","to_ping":"","pinged":"","post_modified":"2023-11-15 13:00:24","post_modified_gmt":"2023-11-15 12:00:24","post_content_filtered":"","post_parent":0,"guid":"https:\/\/www.claret.cat\/autor\/eyal-weizman\/","menu_order":0,"post_type":"autor","post_mime_type":"","comment_count":"0","filter":"raw"}]},"aioseo_notices":[],"_links":{"self":[{"href":"https:\/\/www.claret.cat\/es\/wp-json\/wp\/v2\/product\/941515","targetHints":{"allow":["GET"]}}],"collection":[{"href":"https:\/\/www.claret.cat\/es\/wp-json\/wp\/v2\/product"}],"about":[{"href":"https:\/\/www.claret.cat\/es\/wp-json\/wp\/v2\/types\/product"}],"wp:featuredmedia":[{"embeddable":true,"href":"https:\/\/www.claret.cat\/es\/wp-json\/wp\/v2\/media\/941548"}],"wp:attachment":[{"href":"https:\/\/www.claret.cat\/es\/wp-json\/wp\/v2\/media?parent=941515"}],"wp:term":[{"taxonomy":"product_brand","embeddable":true,"href":"https:\/\/www.claret.cat\/es\/wp-json\/wp\/v2\/product_brand?post=941515"},{"taxonomy":"product_cat","embeddable":true,"href":"https:\/\/www.claret.cat\/es\/wp-json\/wp\/v2\/product_cat?post=941515"},{"taxonomy":"product_tag","embeddable":true,"href":"https:\/\/www.claret.cat\/es\/wp-json\/wp\/v2\/product_tag?post=941515"}],"curies":[{"name":"wp","href":"https:\/\/api.w.org\/{rel}","templated":true}]}}