{"id":941598,"date":"2023-11-15T17:10:14","date_gmt":"2023-11-15T16:10:14","guid":{"rendered":"https:\/\/www.claret.cat\/llibre\/linea-del-tiempo-de-la-historia-la-9786075575148\/"},"modified":"2023-12-28T13:05:06","modified_gmt":"2023-12-28T12:05:06","slug":"linea-del-tiempo-de-la-historia-la-9786075575148","status":"publish","type":"product","link":"https:\/\/www.claret.cat\/es\/libro\/linea-del-tiempo-de-la-historia-la-9786075575148\/","title":{"rendered":"LINEA DEL TIEMPO DE LA HISTORIA, LA"},"content":{"rendered":"<p>La Historia, con \u201cH\u201d may\u00fascula, es aquella que estudia los sucesos m\u00e1s importantes que han llevado a la humanidad hasta nuestros d\u00edas. En este libro encontraremos una ilustrativa s\u00edntesis sobre las muchas civilizaciones que han existido y desaparecido a lo largo del tiempo en todo el mundo.<\/p>\n<p>Desde la historia natural de nuestro planeta hasta la de la humanidad, dividida en Asia, norte de \u00c1frica (Medio Oriente), Europa, Am\u00e9rica, \u00c1frica Subsahariana, y Ocean\u00eda.<\/p>\n<p>Al final, se complementa con un peque\u00f1o peri\u00f3dico de 18 p\u00e1ginas en el que se relatan momentos hist\u00f3ricos destacables de la Historia, junto con un par de actividades para que el lector pueda descubrir cu\u00e1nto recuerda o vuelva a sumergirse en esta obra.<\/p>\n","protected":false},"excerpt":{"rendered":"<p>ANDY FORSHAW<\/p>\n","protected":false},"featured_media":941599,"template":"","meta":{"_acf_changed":false,"om_disable_all_campaigns":false,"rs_blank_template":"","rs_page_bg_color":"","slide_template_v7":"","inline_featured_image":false,"_monsterinsights_skip_tracking":false,"_monsterinsights_sitenote_active":false,"_monsterinsights_sitenote_note":"","_monsterinsights_sitenote_category":0},"product_brand":[],"product_cat":[133,132,362,363],"product_tag":[],"class_list":{"0":"post-941598","1":"product","2":"type-product","3":"status-publish","4":"has-post-thumbnail","6":"product_cat-lectures-per-adolescents-12-18-anys","7":"product_cat-lectures-per-preadolescents-6-12-anys","8":"product_cat-libros-preadolescentes-6-12-anos","9":"product_cat-lecturas-por-adolescentes-12-18-anos","11":"first","12":"instock","13":"taxable","14":"shipping-taxable","15":"purchasable","16":"product-type-simple"},"acf":{"autor":"ANDY FORSHAW","codart":"607557514","libros-coleccion":"","ediciones":"1","encuadernacion":"Carton\u00e9","fecha_de_publicacion":"01\/09\/2023","novedad":"1","paginas":"250","subtitulo":"","orden":"0","portada":"0","idioma":"spa","editorial":[{"ID":147738,"post_author":"3","post_date":"2022-10-14 11:52:51","post_date_gmt":"2022-10-14 09:52:51","post_content":"","post_title":"DISTRIBUCIONES ALFAOMEGA","post_excerpt":"","post_status":"publish","comment_status":"closed","ping_status":"closed","post_password":"","post_name":"distribuciones-alfaomega","to_ping":"","pinged":"","post_modified":"2022-10-14 11:52:51","post_modified_gmt":"2022-10-14 09:52:51","post_content_filtered":"","post_parent":0,"guid":"http:\/\/dev.claret.cat\/editorial\/distribuciones-alfaomega\/","menu_order":0,"post_type":"editorial","post_mime_type":"","comment_count":"0","filter":"raw"}],"autores-libros":[{"ID":941597,"post_author":"3","post_date":"2023-11-15 17:10:10","post_date_gmt":"2023-11-15 16:10:10","post_content":"","post_title":"ANDY FORSHAW","post_excerpt":"","post_status":"publish","comment_status":"closed","ping_status":"closed","post_password":"","post_name":"andy-forshaw","to_ping":"","pinged":"","post_modified":"2023-11-15 17:10:10","post_modified_gmt":"2023-11-15 16:10:10","post_content_filtered":"","post_parent":0,"guid":"https:\/\/www.claret.cat\/autor\/andy-forshaw\/","menu_order":0,"post_type":"autor","post_mime_type":"","comment_count":"0","filter":"raw"}]},"aioseo_notices":[],"_links":{"self":[{"href":"https:\/\/www.claret.cat\/es\/wp-json\/wp\/v2\/product\/941598","targetHints":{"allow":["GET"]}}],"collection":[{"href":"https:\/\/www.claret.cat\/es\/wp-json\/wp\/v2\/product"}],"about":[{"href":"https:\/\/www.claret.cat\/es\/wp-json\/wp\/v2\/types\/product"}],"wp:featuredmedia":[{"embeddable":true,"href":"https:\/\/www.claret.cat\/es\/wp-json\/wp\/v2\/media\/941599"}],"wp:attachment":[{"href":"https:\/\/www.claret.cat\/es\/wp-json\/wp\/v2\/media?parent=941598"}],"wp:term":[{"taxonomy":"product_brand","embeddable":true,"href":"https:\/\/www.claret.cat\/es\/wp-json\/wp\/v2\/product_brand?post=941598"},{"taxonomy":"product_cat","embeddable":true,"href":"https:\/\/www.claret.cat\/es\/wp-json\/wp\/v2\/product_cat?post=941598"},{"taxonomy":"product_tag","embeddable":true,"href":"https:\/\/www.claret.cat\/es\/wp-json\/wp\/v2\/product_tag?post=941598"}],"curies":[{"name":"wp","href":"https:\/\/api.w.org\/{rel}","templated":true}]}}