{"id":941601,"date":"2023-11-15T17:15:02","date_gmt":"2023-11-15T16:15:02","guid":{"rendered":"https:\/\/www.claret.cat\/llibre\/abya-yala-9789878288918\/"},"modified":"2023-11-16T12:10:16","modified_gmt":"2023-11-16T11:10:16","slug":"abya-yala-9789878288918","status":"publish","type":"product","link":"https:\/\/www.claret.cat\/es\/libro\/abya-yala-9789878288918\/","title":{"rendered":"ABYA YALA"},"content":{"rendered":"<p>En Abya Yala, Moema Viezzer y Marcelo Grondin llevan a cabo un extenso inventario del genocidio, la resistencia y la supervivencia de los Pueblos Originarios de las Am\u00e9ricas, bas\u00e1ndose en investigadores de diferentes \u00e9pocas y regiones del mundo.<\/p>\n<p>Los autores eligieron 5 regiones del continente americano para describir c\u00f3mo los Pueblos Originarios han resistido y sobrevivido en los \u00faltimos 500 a\u00f1os: Islas del Mar Caribe, M\u00e9xico, los Andes Centrales, Brasil y Estados Unidos.<\/p>\n<p>Este es un homenaje a todos los Pueblos Ancestrales que fueron usurpados, enga\u00f1ados y destruidos. Rinde homenaje a la tenacidad y sabidur\u00eda de todas las Naciones Originarias, que contin\u00faan viviendo d\u00edas de lucha y evocan la profec\u00eda de Abya Yala, cuando el C\u00f3ndor de las tierras del Sur se encuentre con el \u00c1guila de las tierras del Norte para unirse y celebrar la Vida, construyendo un sentimiento de unidad y pertenencia en este inmenso y hermoso territorio.<\/p>\n<p>Prestar atenci\u00f3n a este pasado tan doloroso es importante para no seguir cometiendo los mismos errores y para poder construir un futuro pac\u00edfico y respetuoso con nuestras diferencias.<\/p>\n","protected":false},"excerpt":{"rendered":"<p>MARCELO GRONDIN<\/p>\n","protected":false},"featured_media":941682,"template":"","meta":{"_acf_changed":false,"om_disable_all_campaigns":false,"rs_blank_template":"","rs_page_bg_color":"","slide_template_v7":"","inline_featured_image":false,"_monsterinsights_skip_tracking":false,"_monsterinsights_sitenote_active":false,"_monsterinsights_sitenote_note":"","_monsterinsights_sitenote_category":0},"product_brand":[],"product_cat":[157,370],"product_tag":[],"class_list":{"0":"post-941601","1":"product","2":"type-product","3":"status-publish","4":"has-post-thumbnail","6":"product_cat-investigacio-i-corrents","7":"product_cat-investigacion-y-corrientes","9":"first","10":"instock","11":"taxable","12":"shipping-taxable","13":"purchasable","14":"product-type-simple"},"acf":{"autor":"MARCELO GRONDIN","codart":"987828891","libros-coleccion":"","ediciones":"1","encuadernacion":"R\u00fastica","fecha_de_publicacion":"01\/11\/2023","novedad":"1","paginas":"278","subtitulo":"GENOCIDIO, RESISTENCIAY SOBREVIVENCIA DE LOS PUEBLOS ORIGINARIOS DE LAS AM\u00c9RICAS","orden":"0","portada":"0","idioma":"spa","editorial":[{"ID":941613,"post_author":"3","post_date":"2023-11-15 17:21:09","post_date_gmt":"2023-11-15 16:21:09","post_content":"","post_title":"ECONAUTAS","post_excerpt":"","post_status":"publish","comment_status":"closed","ping_status":"closed","post_password":"","post_name":"econautas","to_ping":"","pinged":"","post_modified":"2023-11-15 17:21:09","post_modified_gmt":"2023-11-15 16:21:09","post_content_filtered":"","post_parent":0,"guid":"https:\/\/www.claret.cat\/editorial\/econautas\/","menu_order":0,"post_type":"editorial","post_mime_type":"","comment_count":"0","filter":"raw"}],"autores-libros":[{"ID":941614,"post_author":"3","post_date":"2023-11-15 17:21:11","post_date_gmt":"2023-11-15 16:21:11","post_content":"","post_title":"MARCELO GRONDIN","post_excerpt":"","post_status":"publish","comment_status":"closed","ping_status":"closed","post_password":"","post_name":"marcelo-grondin","to_ping":"","pinged":"","post_modified":"2023-11-15 17:21:11","post_modified_gmt":"2023-11-15 16:21:11","post_content_filtered":"","post_parent":0,"guid":"https:\/\/www.claret.cat\/autor\/marcelo-grondin\/","menu_order":0,"post_type":"autor","post_mime_type":"","comment_count":"0","filter":"raw"}]},"aioseo_notices":[],"_links":{"self":[{"href":"https:\/\/www.claret.cat\/es\/wp-json\/wp\/v2\/product\/941601","targetHints":{"allow":["GET"]}}],"collection":[{"href":"https:\/\/www.claret.cat\/es\/wp-json\/wp\/v2\/product"}],"about":[{"href":"https:\/\/www.claret.cat\/es\/wp-json\/wp\/v2\/types\/product"}],"wp:featuredmedia":[{"embeddable":true,"href":"https:\/\/www.claret.cat\/es\/wp-json\/wp\/v2\/media\/941682"}],"wp:attachment":[{"href":"https:\/\/www.claret.cat\/es\/wp-json\/wp\/v2\/media?parent=941601"}],"wp:term":[{"taxonomy":"product_brand","embeddable":true,"href":"https:\/\/www.claret.cat\/es\/wp-json\/wp\/v2\/product_brand?post=941601"},{"taxonomy":"product_cat","embeddable":true,"href":"https:\/\/www.claret.cat\/es\/wp-json\/wp\/v2\/product_cat?post=941601"},{"taxonomy":"product_tag","embeddable":true,"href":"https:\/\/www.claret.cat\/es\/wp-json\/wp\/v2\/product_tag?post=941601"}],"curies":[{"name":"wp","href":"https:\/\/api.w.org\/{rel}","templated":true}]}}