{"id":94161,"date":"2022-10-11T22:00:34","date_gmt":"2022-10-11T20:00:34","guid":{"rendered":"http:\/\/dev.claret.cat\/producte\/el-bosque-silvestre\/"},"modified":"2023-07-20T13:40:27","modified_gmt":"2023-07-20T11:40:27","slug":"el-bosque-silvestre-9788418075902","status":"publish","type":"product","link":"https:\/\/www.claret.cat\/es\/libro\/el-bosque-silvestre-9788418075902\/","title":{"rendered":"EL BOSQUE SILVESTRE"},"content":{"rendered":"<p>* El nuevo libro de la autora del \u00e9xito de ventas El reino animal.<br \/> * Pi\u00e9rdase en el tranquilo mundo de la vida silvestre del bosque. Ya se trate de pinos esculturales o de un bosque tropical, descubrir\u00e1 una gran cantidad de criaturas hermosas e intrigantes que habitan en los bosques del mundo, desde zorros, luci\u00e9rnagas y gamos hasta l\u00e9mures, ranas y mariquitas.<br \/> * El intrincado estilo de dibujo de Millie resultar\u00e1 irresistible para los amantes del color. D\u00e9 un paseo por un mundo de \u00e1rboles alt\u00edsimos, copas frondosas, flores exquisitas y madrigueras subterr\u00e1neas para encontrarse con una gran variedad de animales que hacen del bosque su hogar.<\/p>\n<p> Con especies de todo el planeta, esta es una celebraci\u00f3n de los bosques del mundo, vibrantes y llenos de vida, que le garantizar\u00e1n horas de relajaci\u00f3n y diversi\u00f3n.<\/p>\n<p> Si desea m\u00e1s informaci\u00f3n sobre los animales que se ilustran en este libro y desea enviar su obra a las galer\u00edas de la autora, consulte: milliemarotta.co.uk. Comparta su obra de arte en las redes sociales: #MillieMarotta<\/p>\n","protected":false},"excerpt":{"rendered":"<p>MAROTTA, MILIE<\/p>\n","protected":false},"featured_media":94162,"template":"","meta":{"_acf_changed":false,"om_disable_all_campaigns":false,"rs_blank_template":"","rs_page_bg_color":"","slide_template_v7":"","inline_featured_image":false,"_monsterinsights_skip_tracking":false,"_monsterinsights_sitenote_active":false,"_monsterinsights_sitenote_note":"","_monsterinsights_sitenote_category":0},"product_brand":[],"product_cat":[551,101],"product_tag":[],"class_list":{"0":"post-94161","1":"product","2":"type-product","3":"status-publish","4":"has-post-thumbnail","6":"product_cat-manualidades","7":"product_cat-manualitats","9":"first","10":"instock","11":"taxable","12":"shipping-taxable","13":"purchasable","14":"product-type-simple"},"acf":{"autor":"MAROTTA, MILIE","codart":"841807590","libros-coleccion":"BLUME","ediciones":"1","encuadernacion":"R\u00fastica","fecha_de_publicacion":"01\/02\/2021","novedad":"1","paginas":"120","subtitulo":"UNA AVENTURA PARA COLOREAR","orden":"0","portada":"0","idioma":"spa","editorial":[{"ID":147554,"post_author":"3","post_date":"2022-10-14 11:51:27","post_date_gmt":"2022-10-14 09:51:27","post_content":"","post_title":"BLUME (Naturart)","post_excerpt":"","post_status":"publish","comment_status":"closed","ping_status":"closed","post_password":"","post_name":"blume-naturart","to_ping":"","pinged":"","post_modified":"2022-10-14 11:51:27","post_modified_gmt":"2022-10-14 09:51:27","post_content_filtered":"","post_parent":0,"guid":"http:\/\/dev.claret.cat\/editorial\/blume-naturart\/","menu_order":0,"post_type":"editorial","post_mime_type":"","comment_count":"0","filter":"raw"}],"autores-libros":[{"ID":165098,"post_author":"3","post_date":"2022-10-14 17:52:23","post_date_gmt":"2022-10-14 15:52:23","post_content":"","post_title":"MILIE MAROTTA","post_excerpt":"","post_status":"publish","comment_status":"closed","ping_status":"closed","post_password":"","post_name":"milie-marotta","to_ping":"","pinged":"","post_modified":"2022-10-14 17:52:23","post_modified_gmt":"2022-10-14 15:52:23","post_content_filtered":"","post_parent":0,"guid":"http:\/\/dev.claret.cat\/autor\/milie-marotta\/","menu_order":0,"post_type":"autor","post_mime_type":"","comment_count":"0","filter":"raw"}]},"aioseo_notices":[],"_links":{"self":[{"href":"https:\/\/www.claret.cat\/es\/wp-json\/wp\/v2\/product\/94161","targetHints":{"allow":["GET"]}}],"collection":[{"href":"https:\/\/www.claret.cat\/es\/wp-json\/wp\/v2\/product"}],"about":[{"href":"https:\/\/www.claret.cat\/es\/wp-json\/wp\/v2\/types\/product"}],"wp:featuredmedia":[{"embeddable":true,"href":"https:\/\/www.claret.cat\/es\/wp-json\/wp\/v2\/media\/94162"}],"wp:attachment":[{"href":"https:\/\/www.claret.cat\/es\/wp-json\/wp\/v2\/media?parent=94161"}],"wp:term":[{"taxonomy":"product_brand","embeddable":true,"href":"https:\/\/www.claret.cat\/es\/wp-json\/wp\/v2\/product_brand?post=94161"},{"taxonomy":"product_cat","embeddable":true,"href":"https:\/\/www.claret.cat\/es\/wp-json\/wp\/v2\/product_cat?post=94161"},{"taxonomy":"product_tag","embeddable":true,"href":"https:\/\/www.claret.cat\/es\/wp-json\/wp\/v2\/product_tag?post=94161"}],"curies":[{"name":"wp","href":"https:\/\/api.w.org\/{rel}","templated":true}]}}