{"id":941688,"date":"2023-11-16T12:25:01","date_gmt":"2023-11-16T11:25:01","guid":{"rendered":"https:\/\/www.claret.cat\/llibre\/el-paisatge-de-la-costa-brava-9788484783701\/"},"modified":"2023-11-17T11:50:21","modified_gmt":"2023-11-17T10:50:21","slug":"el-paisatge-de-la-costa-brava-9788484783701","status":"publish","type":"product","link":"https:\/\/www.claret.cat\/es\/libro\/el-paisatge-de-la-costa-brava-9788484783701\/","title":{"rendered":"EL PAISATGE DE LA COSTA BRAVA"},"content":{"rendered":"<p>Aquest llibre es un passeig fotogr\u00e0fic que ens proposa Jordi Puig arran de mar i per racons in\u00e8dits de la Costa Brava. La selecci\u00f3 d&#8221;images \u00e9s el resultat de 20 anys caminant, mirant i fotografiant la bellesa del paisatge, de l&#8221;aigua i de la roca, en aquesta franja d\u00factil, entre el verd i el blau. Al pr\u00f2leg del llibre, l&#8221;escriptor Narc\u00eds Comadira ens diu: \u00ab[?] la Costa Brava encara existeix i podem pensar-hi encara com a parad\u00eds i com a referent, est\u00e0 viva en el seu paisatge m\u00e9s genu\u00ed, el que toca a mar [?] Jordi Puig n&#8221;ha aixecat acta. Aquestes fotografies espl\u00e8ndides s\u00f3n la prova que el paisatge de la Costa Brava, d&#8221;aquella Costa Brava que ens estim\u00e0vem tant, encara \u00e9s viu. Aquest \u00e9s un llibre que ens retorna uns espais de felicitat que ens semblaven perduts per sempre\u00bb.<\/p>\n","protected":false},"excerpt":{"rendered":"<p>PUIG CASTELLANO, JORDI \/ COMADIRA I MORAGRIEGA, NARC\u00cdS<\/p>\n","protected":false},"featured_media":941689,"template":"","meta":{"_acf_changed":false,"om_disable_all_campaigns":false,"rs_blank_template":"","rs_page_bg_color":"","slide_template_v7":"","inline_featured_image":false,"_monsterinsights_skip_tracking":false,"_monsterinsights_sitenote_active":false,"_monsterinsights_sitenote_note":"","_monsterinsights_sitenote_category":0},"product_brand":[],"product_cat":[90,540],"product_tag":[],"class_list":{"0":"post-941688","1":"product","2":"type-product","3":"status-publish","4":"has-post-thumbnail","6":"product_cat-altres","7":"product_cat-otros","9":"first","10":"instock","11":"taxable","12":"shipping-taxable","13":"purchasable","14":"product-type-simple"},"acf":{"autor":"PUIG CASTELLANO, JORDI \/ COMADIRA I MORAGRIEGA, NARC\u00cdS","codart":"848478370","libros-coleccion":"S\u00e8rie 2","ediciones":"1","encuadernacion":"Carton\u00e9","fecha_de_publicacion":"01\/06\/2012","novedad":"1","paginas":"264","subtitulo":"","orden":"0","portada":"0","idioma":"spa","editorial":[{"ID":148898,"post_author":"3","post_date":"2022-10-14 12:01:51","post_date_gmt":"2022-10-14 10:01:51","post_content":"","post_title":"TRIANGLE POSTALS","post_excerpt":"","post_status":"publish","comment_status":"closed","ping_status":"closed","post_password":"","post_name":"triangle-postals","to_ping":"","pinged":"","post_modified":"2022-10-14 12:01:51","post_modified_gmt":"2022-10-14 10:01:51","post_content_filtered":"","post_parent":0,"guid":"http:\/\/dev.claret.cat\/editorial\/triangle-postals\/","menu_order":0,"post_type":"editorial","post_mime_type":"","comment_count":"0","filter":"raw"}],"autores-libros":[{"ID":159985,"post_author":"3","post_date":"2022-10-14 15:49:21","post_date_gmt":"2022-10-14 13:49:21","post_content":"","post_title":"JORDI PUIG CASTELLANO","post_excerpt":"","post_status":"publish","comment_status":"closed","ping_status":"closed","post_password":"","post_name":"jordi-puig-castellano","to_ping":"","pinged":"","post_modified":"2022-10-14 15:49:21","post_modified_gmt":"2022-10-14 13:49:21","post_content_filtered":"","post_parent":0,"guid":"http:\/\/dev.claret.cat\/autor\/jordi-puig-castellano\/","menu_order":0,"post_type":"autor","post_mime_type":"","comment_count":"0","filter":"raw"},{"ID":941755,"post_author":"3","post_date":"2023-11-17 11:50:13","post_date_gmt":"2023-11-17 10:50:13","post_content":"","post_title":"NARC\u00cdS COMADIRA I MORAGRIEGA","post_excerpt":"","post_status":"publish","comment_status":"closed","ping_status":"closed","post_password":"","post_name":"narcis-comadira-i-moragriega","to_ping":"","pinged":"","post_modified":"2023-11-17 11:50:13","post_modified_gmt":"2023-11-17 10:50:13","post_content_filtered":"","post_parent":0,"guid":"https:\/\/www.claret.cat\/autor\/narcis-comadira-i-moragriega\/","menu_order":0,"post_type":"autor","post_mime_type":"","comment_count":"0","filter":"raw"}]},"aioseo_notices":[],"_links":{"self":[{"href":"https:\/\/www.claret.cat\/es\/wp-json\/wp\/v2\/product\/941688","targetHints":{"allow":["GET"]}}],"collection":[{"href":"https:\/\/www.claret.cat\/es\/wp-json\/wp\/v2\/product"}],"about":[{"href":"https:\/\/www.claret.cat\/es\/wp-json\/wp\/v2\/types\/product"}],"wp:featuredmedia":[{"embeddable":true,"href":"https:\/\/www.claret.cat\/es\/wp-json\/wp\/v2\/media\/941689"}],"wp:attachment":[{"href":"https:\/\/www.claret.cat\/es\/wp-json\/wp\/v2\/media?parent=941688"}],"wp:term":[{"taxonomy":"product_brand","embeddable":true,"href":"https:\/\/www.claret.cat\/es\/wp-json\/wp\/v2\/product_brand?post=941688"},{"taxonomy":"product_cat","embeddable":true,"href":"https:\/\/www.claret.cat\/es\/wp-json\/wp\/v2\/product_cat?post=941688"},{"taxonomy":"product_tag","embeddable":true,"href":"https:\/\/www.claret.cat\/es\/wp-json\/wp\/v2\/product_tag?post=941688"}],"curies":[{"name":"wp","href":"https:\/\/api.w.org\/{rel}","templated":true}]}}