{"id":941726,"date":"2023-11-16T17:20:03","date_gmt":"2023-11-16T16:20:03","guid":{"rendered":"https:\/\/www.claret.cat\/llibre\/codigo-de-derecho-canonico-9788422022909\/"},"modified":"2024-12-11T11:00:52","modified_gmt":"2024-12-11T10:00:52","slug":"codigo-de-derecho-canonico-9788422022909","status":"publish","type":"product","link":"https:\/\/www.claret.cat\/es\/libro\/codigo-de-derecho-canonico-9788422022909\/","title":{"rendered":"C\u00d3DIGO DE DERECHO CAN\u00d3NICO"},"content":{"rendered":"<p>Edici\u00f3n biling\u00fce, traducida y comentada por los profesores de las Facultades de Derecho Can\u00f3nico de la Universidad Pontificia de Salamanca.<\/p>\n<p>Esta edici\u00f3n incluye: Const. ap.&nbsp;<em>Praedicate Evangelium,<\/em>&nbsp;sobre la curia romana (19-3-1922) y Cons. ap.&nbsp;<em>Episcopalis communio,<\/em>&nbsp;sobre el S\u00ednodo de los Obispos (15-9-2018).<\/p>\n<p>Colaboradores de la 11\u00aa ed.:&nbsp;<strong>Federico Aznar Gil, Francisco J. Campos Mart\u00ednez, Myriam Cort\u00e9s Di\u00e9guez, Luis A. Garc\u00eda Matamoro, Laura Magdalena Miguel, Jos\u00e9 San Jos\u00e9 Prisco.<\/strong><\/p>\n<p>El&nbsp;<em>C\u00f3digo de Derecho Can\u00f3nico<\/em>&nbsp;es del todo necesario a la Iglesia. Por estar constituida a modo de cuerpo tambi\u00e9n social y visible, ella necesita normas para hacer visible su estructura jer\u00e1rquica y org\u00e1nica, para ordenar correctamente el ejercicio de las funciones confiadas a ella divinamente, sobre todo de la potestad sagrada y de la administraci\u00f3n de los sacramentos; para componer, seg\u00fan la justicia fundamentada en la caridad, las relaciones mutuas de los fi eles cristianos, tutelando y definiendo los derechos de cada uno; en fi n, para apoyar las iniciativas comunes que se asumen aun para vivir m\u00e1s perfectamente la vida cristiana, reforzarlas y promoverlas por medio de leyes can\u00f3nicas.<\/p>\n","protected":false},"excerpt":{"rendered":"<p>AA.VV<\/p>\n","protected":false},"featured_media":941727,"template":"","meta":{"_acf_changed":false,"om_disable_all_campaigns":false,"rs_blank_template":"","rs_page_bg_color":"","slide_template_v7":"","inline_featured_image":false,"_monsterinsights_skip_tracking":false,"_monsterinsights_sitenote_active":false,"_monsterinsights_sitenote_note":"","_monsterinsights_sitenote_category":0},"product_brand":[],"product_cat":[519,518,293,292],"product_tag":[],"class_list":{"0":"post-941726","1":"product","2":"type-product","3":"status-publish","4":"has-post-thumbnail","6":"product_cat-derecho-canonico-eclesial","7":"product_cat-derecho-canonico-en-general","8":"product_cat-dret-canonic-eclesial","9":"product_cat-dret-canonic-en-general","11":"first","12":"instock","13":"taxable","14":"shipping-taxable","15":"purchasable","16":"product-type-simple"},"acf":{"autor":"AA.VV","codart":"842202290","libros-coleccion":"MINOR","ediciones":"11","encuadernacion":"R\u00fastica","fecha_de_publicacion":"31\/10\/2023","novedad":"0","paginas":"1320","subtitulo":" Edici\u00f3n actualizada con las modificaciones del Papa Francisco hasta agosto de 2023","orden":"0","portada":"0","idioma":"spa","editorial":[{"ID":147509,"post_author":"3","post_date":"2022-10-14 11:51:07","post_date_gmt":"2022-10-14 09:51:07","post_content":"","post_title":"B.A.C.","post_excerpt":"","post_status":"publish","comment_status":"closed","ping_status":"closed","post_password":"","post_name":"b-a-c","to_ping":"","pinged":"","post_modified":"2022-10-14 11:51:07","post_modified_gmt":"2022-10-14 09:51:07","post_content_filtered":"","post_parent":0,"guid":"http:\/\/dev.claret.cat\/editorial\/b-a-c\/","menu_order":0,"post_type":"editorial","post_mime_type":"","comment_count":"0","filter":"raw"}],"autores-libros":[{"ID":5198,"post_author":"3","post_date":"2022-07-28 17:16:52","post_date_gmt":"2022-07-28 15:16:52","post_content":"","post_title":"AA.VV","post_excerpt":"","post_status":"publish","comment_status":"closed","ping_status":"closed","post_password":"","post_name":"aa-vv-2","to_ping":"","pinged":"","post_modified":"2022-07-28 17:16:52","post_modified_gmt":"2022-07-28 15:16:52","post_content_filtered":"","post_parent":0,"guid":"http:\/\/dev.claret.cat\/autor\/aa-vv-2\/","menu_order":0,"post_type":"autor","post_mime_type":"","comment_count":"0","filter":"raw"}]},"aioseo_notices":[],"_links":{"self":[{"href":"https:\/\/www.claret.cat\/es\/wp-json\/wp\/v2\/product\/941726","targetHints":{"allow":["GET"]}}],"collection":[{"href":"https:\/\/www.claret.cat\/es\/wp-json\/wp\/v2\/product"}],"about":[{"href":"https:\/\/www.claret.cat\/es\/wp-json\/wp\/v2\/types\/product"}],"wp:featuredmedia":[{"embeddable":true,"href":"https:\/\/www.claret.cat\/es\/wp-json\/wp\/v2\/media\/941727"}],"wp:attachment":[{"href":"https:\/\/www.claret.cat\/es\/wp-json\/wp\/v2\/media?parent=941726"}],"wp:term":[{"taxonomy":"product_brand","embeddable":true,"href":"https:\/\/www.claret.cat\/es\/wp-json\/wp\/v2\/product_brand?post=941726"},{"taxonomy":"product_cat","embeddable":true,"href":"https:\/\/www.claret.cat\/es\/wp-json\/wp\/v2\/product_cat?post=941726"},{"taxonomy":"product_tag","embeddable":true,"href":"https:\/\/www.claret.cat\/es\/wp-json\/wp\/v2\/product_tag?post=941726"}],"curies":[{"name":"wp","href":"https:\/\/api.w.org\/{rel}","templated":true}]}}