{"id":941729,"date":"2023-11-16T18:10:02","date_gmt":"2023-11-16T17:10:02","guid":{"rendered":"https:\/\/www.claret.cat\/llibre\/upanisad-9788413623498\/"},"modified":"2023-11-16T18:10:10","modified_gmt":"2023-11-16T17:10:10","slug":"upanisad-9788413623498","status":"publish","type":"product","link":"https:\/\/www.claret.cat\/es\/libro\/upanisad-9788413623498\/","title":{"rendered":"UPANISAD"},"content":{"rendered":"<p>Junto con la Bhagavadgita, publicada ya en esta colecci\u00f3n, las Upanisad son los textos sagrados m\u00e1s importantes del hinduismo. Un conjunto de obras que suponen la culminaci\u00f3n del pensamiento v\u00e9dico y uno de los grandes episodios de la historia del esp\u00edritu humano. Lejos de encontrar en ellas, sin embargo, un pensamiento \u00e1rido, es la ausencia de &#8216;sistema&#8217; acabado lo que les confiere un particular encanto entre lo l\u00edrico y lo filos\u00f3fico que ha fascinado a Occidente desde Schopenhauer hasta nuestros d\u00edas. En ellas encontramos di\u00e1logos, poemas, aforismos y ense\u00f1anzas, cuyo fin es vivenciar el principio y la fuerza sagrada que lo anima todo el universo. El presente volumen re\u00fane, en traducci\u00f3n directa y completa del s\u00e1nscrito, las trece principales upanisad, las m\u00e1s antiguas y le\u00eddas: Aitareya, Brhadaranyaka, Chandogya, Taittiriya, Kausitaki, Kena, Katha, Isa, Svetasvatara, Mundaka, Prasna, Mandukya y Maitri.<\/p>\n","protected":false},"excerpt":{"rendered":"<p>AN\u00d3NIMO<\/p>\n","protected":false},"featured_media":941730,"template":"","meta":{"_acf_changed":false,"om_disable_all_campaigns":false,"rs_blank_template":"","rs_page_bg_color":"","slide_template_v7":"","inline_featured_image":false,"_monsterinsights_skip_tracking":false,"_monsterinsights_sitenote_active":false,"_monsterinsights_sitenote_note":"","_monsterinsights_sitenote_category":0},"product_brand":[],"product_cat":[544,94],"product_tag":[],"class_list":{"0":"post-941729","1":"product","2":"type-product","3":"status-publish","4":"has-post-thumbnail","6":"product_cat-religiones","7":"product_cat-religions","9":"first","10":"instock","11":"taxable","12":"shipping-taxable","13":"purchasable","14":"product-type-simple"},"acf":{"autor":"AN\u00d3NIMO","codart":"841362349","libros-coleccion":"FORA DE COL.LECCI\u00d3","ediciones":"1","encuadernacion":"R\u00fastica","fecha_de_publicacion":"01\/05\/2021","novedad":"1","paginas":"592","subtitulo":"","orden":"0","portada":"0","idioma":"spa","editorial":[{"ID":6119,"post_author":"3","post_date":"2022-07-28 17:45:18","post_date_gmt":"2022-07-28 15:45:18","post_content":"","post_title":"Alianza Editorial","post_excerpt":"","post_status":"publish","comment_status":"closed","ping_status":"closed","post_password":"","post_name":"alianza-editorial","to_ping":"","pinged":"","post_modified":"2022-07-28 17:45:18","post_modified_gmt":"2022-07-28 15:45:18","post_content_filtered":"","post_parent":0,"guid":"http:\/\/dev.claret.cat\/editorial\/alianza-editorial\/","menu_order":0,"post_type":"editorial","post_mime_type":"","comment_count":"0","filter":"raw"}],"autores-libros":[{"ID":150745,"post_author":"3","post_date":"2022-10-14 14:35:24","post_date_gmt":"2022-10-14 12:35:24","post_content":"","post_title":"AN\u00d3NIMO","post_excerpt":"","post_status":"publish","comment_status":"closed","ping_status":"closed","post_password":"","post_name":"anonimo","to_ping":"","pinged":"","post_modified":"2022-10-14 14:35:24","post_modified_gmt":"2022-10-14 12:35:24","post_content_filtered":"","post_parent":0,"guid":"http:\/\/dev.claret.cat\/autor\/anonimo\/","menu_order":0,"post_type":"autor","post_mime_type":"","comment_count":"0","filter":"raw"}]},"aioseo_notices":[],"_links":{"self":[{"href":"https:\/\/www.claret.cat\/es\/wp-json\/wp\/v2\/product\/941729","targetHints":{"allow":["GET"]}}],"collection":[{"href":"https:\/\/www.claret.cat\/es\/wp-json\/wp\/v2\/product"}],"about":[{"href":"https:\/\/www.claret.cat\/es\/wp-json\/wp\/v2\/types\/product"}],"wp:featuredmedia":[{"embeddable":true,"href":"https:\/\/www.claret.cat\/es\/wp-json\/wp\/v2\/media\/941730"}],"wp:attachment":[{"href":"https:\/\/www.claret.cat\/es\/wp-json\/wp\/v2\/media?parent=941729"}],"wp:term":[{"taxonomy":"product_brand","embeddable":true,"href":"https:\/\/www.claret.cat\/es\/wp-json\/wp\/v2\/product_brand?post=941729"},{"taxonomy":"product_cat","embeddable":true,"href":"https:\/\/www.claret.cat\/es\/wp-json\/wp\/v2\/product_cat?post=941729"},{"taxonomy":"product_tag","embeddable":true,"href":"https:\/\/www.claret.cat\/es\/wp-json\/wp\/v2\/product_tag?post=941729"}],"curies":[{"name":"wp","href":"https:\/\/api.w.org\/{rel}","templated":true}]}}