{"id":941765,"date":"2023-11-17T12:20:02","date_gmt":"2023-11-17T11:20:02","guid":{"rendered":"https:\/\/www.claret.cat\/llibre\/la-reina-de-las-nieves-un-cuento-de-navidad-9788412633641\/"},"modified":"2023-11-17T13:15:15","modified_gmt":"2023-11-17T12:15:15","slug":"la-reina-de-las-nieves-un-cuento-de-navidad-9788412633641","status":"publish","type":"product","link":"https:\/\/www.claret.cat\/es\/libro\/la-reina-de-las-nieves-un-cuento-de-navidad-9788412633641\/","title":{"rendered":"LA REINA DE LAS NIEVES. UN CUENTO DE NAVIDAD"},"content":{"rendered":"<p>\u00abMiles de copos bailaban en el aire, revoloteando enloquecidos hasta posarse en el suelo. Uno de ellos, mucho mayor que los dem\u00e1s, cay\u00f3 sobre el rosal y fue creciendo lentamente hasta convertirse en una hermos\u00edsima mujer &#8230; Su cuerpo, hecho de hielo, parec\u00eda lleno de vida. Ten\u00eda el rostro delicado y los ojos radiantes, pero su mirada no era serena&#8230;\u00bb As\u00ed, de repente, aparece un d\u00eda la Reina de las Nieves, uno de los personajes m\u00e1s m\u00e1gicos de Hans Christian Andersen, que ha inspirado infinidad de adaptaciones, desde Frozen, el \u00e9xito de Disney, a la saga de La Reina de las Nieves. Un cuento de hadas maravilloso e intrigante a la vez; una historia ideal para las noches navide\u00f1as.<\/p>\n","protected":false},"excerpt":{"rendered":"<p>ANDERSEN, HANS CHRISTIAN<\/p>\n","protected":false},"featured_media":941766,"template":"","meta":{"_acf_changed":false,"om_disable_all_campaigns":false,"rs_blank_template":"","rs_page_bg_color":"","slide_template_v7":"","inline_featured_image":false,"_monsterinsights_skip_tracking":false,"_monsterinsights_sitenote_active":false,"_monsterinsights_sitenote_note":"","_monsterinsights_sitenote_category":0},"product_brand":[],"product_cat":[132,362],"product_tag":[],"class_list":{"0":"post-941765","1":"product","2":"type-product","3":"status-publish","4":"has-post-thumbnail","6":"product_cat-lectures-per-preadolescents-6-12-anys","7":"product_cat-libros-preadolescentes-6-12-anos","9":"first","10":"instock","11":"taxable","12":"shipping-taxable","13":"purchasable","14":"product-type-simple"},"acf":{"autor":"ANDERSEN, HANS CHRISTIAN","codart":"841263364","libros-coleccion":"FORA DE COL.LECCI\u00d3","ediciones":"1","encuadernacion":"Carton\u00e9","fecha_de_publicacion":"01\/11\/2023","novedad":"1","paginas":"122","subtitulo":"","orden":"0","portada":"0","idioma":"spa","editorial":[{"ID":6262,"post_author":"3","post_date":"2022-07-28 17:48:26","post_date_gmt":"2022-07-28 15:48:26","post_content":"","post_title":"Gribaudo","post_excerpt":"","post_status":"publish","comment_status":"closed","ping_status":"closed","post_password":"","post_name":"gribaudo","to_ping":"","pinged":"","post_modified":"2022-07-28 17:48:26","post_modified_gmt":"2022-07-28 15:48:26","post_content_filtered":"","post_parent":0,"guid":"http:\/\/dev.claret.cat\/editorial\/gribaudo\/","menu_order":0,"post_type":"editorial","post_mime_type":"","comment_count":"0","filter":"raw"}],"autores-libros":[{"ID":157350,"post_author":"3","post_date":"2022-10-14 15:28:08","post_date_gmt":"2022-10-14 13:28:08","post_content":"","post_title":"HANS CHRISTIAN ANDERSEN","post_excerpt":"","post_status":"publish","comment_status":"closed","ping_status":"closed","post_password":"","post_name":"hans-christian-andersen","to_ping":"","pinged":"","post_modified":"2022-10-14 15:28:08","post_modified_gmt":"2022-10-14 13:28:08","post_content_filtered":"","post_parent":0,"guid":"http:\/\/dev.claret.cat\/autor\/hans-christian-andersen\/","menu_order":0,"post_type":"autor","post_mime_type":"","comment_count":"0","filter":"raw"}]},"aioseo_notices":[],"_links":{"self":[{"href":"https:\/\/www.claret.cat\/es\/wp-json\/wp\/v2\/product\/941765","targetHints":{"allow":["GET"]}}],"collection":[{"href":"https:\/\/www.claret.cat\/es\/wp-json\/wp\/v2\/product"}],"about":[{"href":"https:\/\/www.claret.cat\/es\/wp-json\/wp\/v2\/types\/product"}],"wp:featuredmedia":[{"embeddable":true,"href":"https:\/\/www.claret.cat\/es\/wp-json\/wp\/v2\/media\/941766"}],"wp:attachment":[{"href":"https:\/\/www.claret.cat\/es\/wp-json\/wp\/v2\/media?parent=941765"}],"wp:term":[{"taxonomy":"product_brand","embeddable":true,"href":"https:\/\/www.claret.cat\/es\/wp-json\/wp\/v2\/product_brand?post=941765"},{"taxonomy":"product_cat","embeddable":true,"href":"https:\/\/www.claret.cat\/es\/wp-json\/wp\/v2\/product_cat?post=941765"},{"taxonomy":"product_tag","embeddable":true,"href":"https:\/\/www.claret.cat\/es\/wp-json\/wp\/v2\/product_tag?post=941765"}],"curies":[{"name":"wp","href":"https:\/\/api.w.org\/{rel}","templated":true}]}}