{"id":94179,"date":"2022-10-11T22:00:48","date_gmt":"2022-10-11T20:00:48","guid":{"rendered":"http:\/\/dev.claret.cat\/producte\/acuarela-metodos-y-estilos\/"},"modified":"2023-01-28T03:49:05","modified_gmt":"2023-01-28T02:49:05","slug":"acuarela-metodos-y-estilos-9788418075919","status":"publish","type":"product","link":"https:\/\/www.claret.cat\/es\/libro\/acuarela-metodos-y-estilos-9788418075919\/","title":{"rendered":"ACUARELA. M\u00c9TODOS Y ESTILOS"},"content":{"rendered":"<p>* Aprenda a pintar con el medio m\u00e1s meditativo y accesible para el artista: la acuarela. <br \/> * Inspir\u00e1ndose en pinturas pertenecientes a la colecci\u00f3n de la Tate, descubra las t\u00e9cnicas de los maestros de la pintura a la acuarela y mejore sus propias habilidades.<br \/> * Domine las t\u00e9cnicas y los estilos de destacados artistas con la ayuda de la original serie de la Tate. <\/p>\n<p> Cada uno de los t\u00edtulos de la serie se centra en un medio distinto e invita a los lectores a seguir el ejemplo de artistas muy influyentes a trav\u00e9s de 30 trabajos ic\u00f3nicos pertenecientes a la colecci\u00f3n.<\/p>\n<p> Entre los artistas que se presentan en este libro se encuentran, entre otros, Paul C\u00e9zanne, Raoul Dufy, Maggi Hambling, John Marin, Gwen John, J. M. W. Turner, Eric Ravilious, Paul Sandby, John Singer Sargent, Paul Klee.<\/p>\n","protected":false},"excerpt":{"rendered":"<p>CHANDLER, DAVID \/ TATE<\/p>\n","protected":false},"featured_media":94180,"template":"","meta":{"_acf_changed":false,"om_disable_all_campaigns":false,"rs_blank_template":"","rs_page_bg_color":"","slide_template_v7":"","inline_featured_image":false,"_monsterinsights_skip_tracking":false,"_monsterinsights_sitenote_active":false,"_monsterinsights_sitenote_note":"","_monsterinsights_sitenote_category":0},"product_brand":[],"product_cat":[110,101],"product_tag":[],"class_list":{"0":"post-94179","1":"product","2":"type-product","3":"status-publish","4":"has-post-thumbnail","6":"product_cat-art","7":"product_cat-manualitats","9":"first","10":"instock","11":"taxable","12":"shipping-taxable","13":"purchasable","14":"product-type-simple"},"acf":{"autor":"CHANDLER, DAVID \/ TATE","codart":"841807591","libros-coleccion":"FORA DE COL.LECCI\u00d3","ediciones":"1","encuadernacion":"R\u00fastica","fecha_de_publicacion":"01\/01\/2021","novedad":"1","paginas":"141","subtitulo":"","orden":"0","portada":"0","idioma":"spa","editorial":[{"ID":147554,"post_author":"3","post_date":"2022-10-14 11:51:27","post_date_gmt":"2022-10-14 09:51:27","post_content":"","post_title":"BLUME (Naturart)","post_excerpt":"","post_status":"publish","comment_status":"closed","ping_status":"closed","post_password":"","post_name":"blume-naturart","to_ping":"","pinged":"","post_modified":"2022-10-14 11:51:27","post_modified_gmt":"2022-10-14 09:51:27","post_content_filtered":"","post_parent":0,"guid":"http:\/\/dev.claret.cat\/editorial\/blume-naturart\/","menu_order":0,"post_type":"editorial","post_mime_type":"","comment_count":"0","filter":"raw"}],"autores-libros":[{"ID":170152,"post_author":"3","post_date":"2022-10-14 22:33:00","post_date_gmt":"2022-10-14 20:33:00","post_content":"","post_title":"TATE","post_excerpt":"","post_status":"publish","comment_status":"closed","ping_status":"closed","post_password":"","post_name":"tate","to_ping":"","pinged":"","post_modified":"2022-10-14 22:33:00","post_modified_gmt":"2022-10-14 20:33:00","post_content_filtered":"","post_parent":0,"guid":"http:\/\/dev.claret.cat\/autor\/tate\/","menu_order":0,"post_type":"autor","post_mime_type":"","comment_count":"0","filter":"raw"},{"ID":153775,"post_author":"3","post_date":"2022-10-14 14:59:26","post_date_gmt":"2022-10-14 12:59:26","post_content":"","post_title":"DAVID CHANDLER","post_excerpt":"","post_status":"publish","comment_status":"closed","ping_status":"closed","post_password":"","post_name":"david-chandler","to_ping":"","pinged":"","post_modified":"2022-10-14 14:59:26","post_modified_gmt":"2022-10-14 12:59:26","post_content_filtered":"","post_parent":0,"guid":"http:\/\/dev.claret.cat\/autor\/david-chandler\/","menu_order":0,"post_type":"autor","post_mime_type":"","comment_count":"0","filter":"raw"}]},"aioseo_notices":[],"_links":{"self":[{"href":"https:\/\/www.claret.cat\/es\/wp-json\/wp\/v2\/product\/94179","targetHints":{"allow":["GET"]}}],"collection":[{"href":"https:\/\/www.claret.cat\/es\/wp-json\/wp\/v2\/product"}],"about":[{"href":"https:\/\/www.claret.cat\/es\/wp-json\/wp\/v2\/types\/product"}],"wp:featuredmedia":[{"embeddable":true,"href":"https:\/\/www.claret.cat\/es\/wp-json\/wp\/v2\/media\/94180"}],"wp:attachment":[{"href":"https:\/\/www.claret.cat\/es\/wp-json\/wp\/v2\/media?parent=94179"}],"wp:term":[{"taxonomy":"product_brand","embeddable":true,"href":"https:\/\/www.claret.cat\/es\/wp-json\/wp\/v2\/product_brand?post=94179"},{"taxonomy":"product_cat","embeddable":true,"href":"https:\/\/www.claret.cat\/es\/wp-json\/wp\/v2\/product_cat?post=94179"},{"taxonomy":"product_tag","embeddable":true,"href":"https:\/\/www.claret.cat\/es\/wp-json\/wp\/v2\/product_tag?post=94179"}],"curies":[{"name":"wp","href":"https:\/\/api.w.org\/{rel}","templated":true}]}}