{"id":941800,"date":"2023-11-17T12:50:05","date_gmt":"2023-11-17T11:50:05","guid":{"rendered":"https:\/\/www.claret.cat\/llibre\/1-2-3-4-los-beatles-marcando-el-tiempo-9788418282980\/"},"modified":"2023-11-17T13:40:55","modified_gmt":"2023-11-17T12:40:55","slug":"1-2-3-4-los-beatles-marcando-el-tiempo-9788418282980","status":"publish","type":"product","link":"https:\/\/www.claret.cat\/es\/libro\/1-2-3-4-los-beatles-marcando-el-tiempo-9788418282980\/","title":{"rendered":"1, 2, 3, 4: LOS BEATLES MARCANDO EL TIEMPO"},"content":{"rendered":"<p>GANADOR DEL BAILLIE GIFFORD PRIZE AL MEJOR LIBRO DE NO FICCI\u00d3N<br \/> MEJOR LIBRO DEL A\u00d1O SEG\u00daN The Spectator, The Times, The Telegraph y The Sunday Times <\/p>\n<p> La duquesa de Windsor los adoraba. No\u00ebl Coward los despreciaba. J. R. R. Tolkien los desair\u00f3. Los Rolling Stones los copiaron. Bob Dylan los introdujo a las drogas. Leonard Bernstein los admiraba. Muhammad Ali los llam\u00f3 &#8216;mariquitas&#8217;. John Updike los compar\u00f3 con el sol saliendo en una ma\u00f1ana de Pascua. Los primeros ministros brit\u00e1nicos los adularon. Vladimir Putin dijo que escucharlos cuando era joven en la Uni\u00f3n Sovi\u00e9tica fue &#8216;un soplo de libertad&#8217;. Bruce Springsteen afirm\u00f3: &#8216;Nunca quise conocer a los Beatles. Yo quer\u00eda ser los Beatles&#8217;&#8230; Nadie ha permanecido ajeno a su m\u00fasica. Como observ\u00f3 la reina Isabel II en sus bodas de oro: &#8216;Pensemos en lo que nos habr\u00edamos perdido si jam\u00e1s los hubi\u00e9ramos escuchado&#8217;. <br \/> &#8216;1, 2, 3, 4: Los Beatles marcando el tiempo&#8217; traza la fusi\u00f3n fortuita de los cuatro elementos clave que compon\u00edan el grupo: el fuego (John Lennon), el agua (Paul McCartney), el aire (George Harrison) y la tierra (Ringo Starr). Tambi\u00e9n cuenta las historias extra\u00f1as y a menudo desafortunadas de las personas que orbitaron alrededor de los Fab Four, como Fred Lennon, Yoko Ono, el Maharishi, la t\u00eda Mimi, Helen Shapiro, el estrafalario embaucador &#8216;Magic&#8217; Alex, Phil Spector, el dentista psicod\u00e9lico John Riley o el oficial de Polic\u00eda Norman Pilcher \u2014su fallida n\u00e9mesis\u2014, entre much\u00edsimos otros.<br \/> Craig Brown compone un asombroso, hilarante e inteligent\u00edsimo crisol caleidosc\u00f3pico, mezcla de historia, etimolog\u00eda, diarios, autobiograf\u00eda, cartas de admiradoras, ensayos, vidas paralelas, fiestas legendarias, listas de todo tipo, entrevistas, anuncios, subastas e historias incre\u00edbles \u2014todo ello aderezado con unos pies de p\u00e1gina inolvidables\u2014 para dejar constancia de la enorme influencia que los Beatles tuvieron no solo sobre su tiempo, sino tambi\u00e9n sobre todos los que vinieron despu\u00e9s.<\/p>\n","protected":false},"excerpt":{"rendered":"<p>BROWN, CRAIG<\/p>\n","protected":false},"featured_media":941844,"template":"","meta":{"_acf_changed":false,"om_disable_all_campaigns":false,"rs_blank_template":"","rs_page_bg_color":"","slide_template_v7":"","inline_featured_image":false,"_monsterinsights_skip_tracking":false,"_monsterinsights_sitenote_active":false,"_monsterinsights_sitenote_note":"","_monsterinsights_sitenote_category":0},"product_brand":[],"product_cat":[111,332],"product_tag":[],"class_list":{"0":"post-941800","1":"product","2":"type-product","3":"status-publish","4":"has-post-thumbnail","6":"product_cat-musica","7":"product_cat-musica-4_escolar-spa","9":"first","10":"instock","11":"taxable","12":"shipping-taxable","13":"purchasable","14":"product-type-simple"},"acf":{"autor":"BROWN, CRAIG","codart":"841828298","libros-coleccion":"FORA DE COL.LECCI\u00d3","ediciones":"1","encuadernacion":"R\u00fastica","fecha_de_publicacion":"01\/11\/2023","novedad":"1","paginas":"656","subtitulo":"","orden":"0","portada":"0","idioma":"spa","editorial":[{"ID":147663,"post_author":"3","post_date":"2022-10-14 11:52:18","post_date_gmt":"2022-10-14 09:52:18","post_content":"","post_title":"CONTRA","post_excerpt":"","post_status":"publish","comment_status":"closed","ping_status":"closed","post_password":"","post_name":"contra","to_ping":"","pinged":"","post_modified":"2022-10-14 11:52:18","post_modified_gmt":"2022-10-14 09:52:18","post_content_filtered":"","post_parent":0,"guid":"http:\/\/dev.claret.cat\/editorial\/contra\/","menu_order":0,"post_type":"editorial","post_mime_type":"","comment_count":"0","filter":"raw"}],"autores-libros":[{"ID":941799,"post_author":"3","post_date":"2023-11-17 12:50:02","post_date_gmt":"2023-11-17 11:50:02","post_content":"","post_title":"CRAIG BROWN","post_excerpt":"","post_status":"publish","comment_status":"closed","ping_status":"closed","post_password":"","post_name":"craig-brown","to_ping":"","pinged":"","post_modified":"2023-11-17 12:50:02","post_modified_gmt":"2023-11-17 11:50:02","post_content_filtered":"","post_parent":0,"guid":"https:\/\/www.claret.cat\/autor\/craig-brown\/","menu_order":0,"post_type":"autor","post_mime_type":"","comment_count":"0","filter":"raw"}]},"aioseo_notices":[],"_links":{"self":[{"href":"https:\/\/www.claret.cat\/es\/wp-json\/wp\/v2\/product\/941800","targetHints":{"allow":["GET"]}}],"collection":[{"href":"https:\/\/www.claret.cat\/es\/wp-json\/wp\/v2\/product"}],"about":[{"href":"https:\/\/www.claret.cat\/es\/wp-json\/wp\/v2\/types\/product"}],"wp:featuredmedia":[{"embeddable":true,"href":"https:\/\/www.claret.cat\/es\/wp-json\/wp\/v2\/media\/941844"}],"wp:attachment":[{"href":"https:\/\/www.claret.cat\/es\/wp-json\/wp\/v2\/media?parent=941800"}],"wp:term":[{"taxonomy":"product_brand","embeddable":true,"href":"https:\/\/www.claret.cat\/es\/wp-json\/wp\/v2\/product_brand?post=941800"},{"taxonomy":"product_cat","embeddable":true,"href":"https:\/\/www.claret.cat\/es\/wp-json\/wp\/v2\/product_cat?post=941800"},{"taxonomy":"product_tag","embeddable":true,"href":"https:\/\/www.claret.cat\/es\/wp-json\/wp\/v2\/product_tag?post=941800"}],"curies":[{"name":"wp","href":"https:\/\/api.w.org\/{rel}","templated":true}]}}