{"id":941842,"date":"2023-11-17T13:35:01","date_gmt":"2023-11-17T12:35:01","guid":{"rendered":"https:\/\/www.claret.cat\/llibre\/el-arte-del-buen-combate-9788470576812\/"},"modified":"2026-02-25T10:56:22","modified_gmt":"2026-02-25T09:56:22","slug":"el-arte-del-buen-combate-9788470576812","status":"publish","type":"product","link":"https:\/\/www.claret.cat\/es\/libro\/el-arte-del-buen-combate-9788470576812\/","title":{"rendered":"EL ARTE DEL BUEN COMBATE"},"content":{"rendered":"<h3>La libertad interior y los ocho pensamientos malignos<\/h3>\n<p>Este libro es el resultado de treinta a\u00f1os de labor catequ\u00e9tica centrada en la educaci\u00f3n de los corazones j\u00f3venes y mayores. El texto contiene una introducci\u00f3n b\u00e1sica a la lucha interior y una explicaci\u00f3n sencilla delos ocho loghismo\u00b4i, los pensamientos malignos, que son las semillas del enga\u00f1o humano seg\u00fan la divisi\u00f3n que hizo un monje del desierto del siglo IV, Evagrius Ponticus.<\/p>\n<p>A la descripci\u00f3n de cada \u00abpensamiento maligno\u00bb, en el estilo provocativo y \u00abmordaz\u00bb de Don Fabio, le sigue tambi\u00e9n la presentaci\u00f3n de su opuesto. En resumen: la enfermedad y la cura\u2026<\/p>\n<p>El prop\u00f3sito del libro no es analizar la opresi\u00f3n, sino iluminar la libertad. Lo que importa no es el an\u00e1lisis de los errores per se, sino el descubrimiento del camino de la belleza y de la vida que ninguno de nosotros puede perder.<\/p>\n<p>El autor ofrece estas p\u00e1ginas como apoyo para vivir la Gracia de la libertad interior de los hijos de Dios.<\/p>\n","protected":false},"excerpt":{"rendered":"<p>ROSINI, FABIO<\/p>\n","protected":false},"featured_media":1086078,"template":"","meta":{"_acf_changed":false,"om_disable_all_campaigns":false,"rs_blank_template":"","rs_page_bg_color":"","slide_template_v7":"","inline_featured_image":false,"_monsterinsights_skip_tracking":false,"_monsterinsights_sitenote_active":false,"_monsterinsights_sitenote_note":"","_monsterinsights_sitenote_category":0},"product_brand":[],"product_cat":[485,232,237,488],"product_tag":[],"class_list":{"0":"post-941842","1":"product","2":"type-product","3":"status-publish","4":"has-post-thumbnail","6":"product_cat-autores-espiritualidad-1_espiritualidad","7":"product_cat-autors-espiritualitat","8":"product_cat-cami-de-perfeccionament","9":"product_cat-camino-de-perfeccionamiento","11":"first","12":"instock","13":"taxable","14":"shipping-taxable","15":"purchasable","16":"product-type-simple"},"acf":{"autor":"ROSINI, FABIO","codart":"847057681","libros-coleccion":"","ediciones":"1","encuadernacion":"R\u00fastica","fecha_de_publicacion":"10\/11\/2023","novedad":"1","paginas":"392","subtitulo":"","orden":"0","portada":"0","idioma":"spa","editorial":[{"ID":6173,"post_author":"3","post_date":"2022-07-28 17:46:28","post_date_gmt":"2022-07-28 15:46:28","post_content":"","post_title":"Cristiandad","post_excerpt":"","post_status":"publish","comment_status":"closed","ping_status":"closed","post_password":"","post_name":"cristiandad","to_ping":"","pinged":"","post_modified":"2022-07-28 17:46:28","post_modified_gmt":"2022-07-28 15:46:28","post_content_filtered":"","post_parent":0,"guid":"http:\/\/dev.claret.cat\/editorial\/cristiandad\/","menu_order":0,"post_type":"editorial","post_mime_type":"","comment_count":"0","filter":"raw"}],"autores-libros":[{"ID":155612,"post_author":"3","post_date":"2022-10-14 15:14:13","post_date_gmt":"2022-10-14 13:14:13","post_content":"","post_title":"FABIO ROSINI","post_excerpt":"","post_status":"publish","comment_status":"closed","ping_status":"closed","post_password":"","post_name":"fabio-rosini","to_ping":"","pinged":"","post_modified":"2022-10-14 15:14:13","post_modified_gmt":"2022-10-14 13:14:13","post_content_filtered":"","post_parent":0,"guid":"http:\/\/dev.claret.cat\/autor\/fabio-rosini\/","menu_order":0,"post_type":"autor","post_mime_type":"","comment_count":"0","filter":"raw"}],"booktrailer":"","resenas":""},"aioseo_notices":[],"_links":{"self":[{"href":"https:\/\/www.claret.cat\/es\/wp-json\/wp\/v2\/product\/941842","targetHints":{"allow":["GET"]}}],"collection":[{"href":"https:\/\/www.claret.cat\/es\/wp-json\/wp\/v2\/product"}],"about":[{"href":"https:\/\/www.claret.cat\/es\/wp-json\/wp\/v2\/types\/product"}],"wp:featuredmedia":[{"embeddable":true,"href":"https:\/\/www.claret.cat\/es\/wp-json\/wp\/v2\/media\/1086078"}],"wp:attachment":[{"href":"https:\/\/www.claret.cat\/es\/wp-json\/wp\/v2\/media?parent=941842"}],"wp:term":[{"taxonomy":"product_brand","embeddable":true,"href":"https:\/\/www.claret.cat\/es\/wp-json\/wp\/v2\/product_brand?post=941842"},{"taxonomy":"product_cat","embeddable":true,"href":"https:\/\/www.claret.cat\/es\/wp-json\/wp\/v2\/product_cat?post=941842"},{"taxonomy":"product_tag","embeddable":true,"href":"https:\/\/www.claret.cat\/es\/wp-json\/wp\/v2\/product_tag?post=941842"}],"curies":[{"name":"wp","href":"https:\/\/api.w.org\/{rel}","templated":true}]}}