{"id":941902,"date":"2023-11-17T16:05:02","date_gmt":"2023-11-17T15:05:02","guid":{"rendered":"https:\/\/www.claret.cat\/llibre\/la-primera-navidad-9788428568715\/"},"modified":"2025-12-18T13:50:19","modified_gmt":"2025-12-18T12:50:19","slug":"la-primera-navidad-9788428568715","status":"publish","type":"product","link":"https:\/\/www.claret.cat\/es\/libro\/la-primera-navidad-9788428568715\/","title":{"rendered":"LA PRIMERA NAVIDAD"},"content":{"rendered":"<p><span>Libro interactivo de cart\u00f3n resistente, especialmente dise\u00f1ado para ni\u00f1os a partir de 3 a\u00f1os, que narra a trav\u00e9s de sus p\u00e1ginas y de sus solapas el entra\u00f1able origen de la Navidad. Desde la aparici\u00f3n del \u00e1ngel a Mar\u00eda hasta la visita de los Reyes Magos, los m\u00e1s peque\u00f1os aprender\u00e1n los acontecimientos m\u00e1s destacados de este bonito episodio b\u00edblico. Las solapas grandes y resistentes ofrecen una fuente inagotable de sorpresas que proporcionar\u00e1n horas de entretenimiento y diversi\u00f3n alrededor de la figura del ni\u00f1o Jes\u00fas.<\/span><\/p>\n","protected":false},"excerpt":{"rendered":"<p>AN\u00d3NIMO<\/p>\n","protected":false},"featured_media":941908,"template":"","meta":{"_acf_changed":false,"om_disable_all_campaigns":false,"rs_blank_template":"","rs_page_bg_color":"","slide_template_v7":"","inline_featured_image":false,"_monsterinsights_skip_tracking":false,"_monsterinsights_sitenote_active":false,"_monsterinsights_sitenote_note":"","_monsterinsights_sitenote_category":0},"product_brand":[],"product_cat":[131,361],"product_tag":[],"class_list":{"0":"post-941902","1":"product","2":"type-product","3":"status-publish","4":"has-post-thumbnail","6":"product_cat-contes-per-infants-0-6-anys","7":"product_cat-cuentos-para-ninos-0-6-anos","9":"first","10":"instock","11":"taxable","12":"shipping-taxable","13":"purchasable","14":"product-type-simple"},"acf":{"autor":"AN\u00d3NIMO","codart":"842856871","libros-coleccion":"Adviento y Navidad","ediciones":"1","encuadernacion":"Carton\u00e9","fecha_de_publicacion":"17\/11\/2023","novedad":"1","paginas":"8","subtitulo":"\u00a1CON SOLAPAS!","orden":"0","portada":"0","idioma":"spa","editorial":[{"ID":6356,"post_author":"3","post_date":"2022-07-28 17:50:26","post_date_gmt":"2022-07-28 15:50:26","post_content":"","post_title":"SAN PABLO COMUNICACI\u00d3N","post_excerpt":"","post_status":"publish","comment_status":"closed","ping_status":"closed","post_password":"","post_name":"san-pablo-comunicacion","to_ping":"","pinged":"","post_modified":"2022-07-28 17:50:26","post_modified_gmt":"2022-07-28 15:50:26","post_content_filtered":"","post_parent":0,"guid":"http:\/\/dev.claret.cat\/editorial\/san-pablo-comunicacion\/","menu_order":0,"post_type":"editorial","post_mime_type":"","comment_count":"0","filter":"raw"}],"autores-libros":[{"ID":150745,"post_author":"3","post_date":"2022-10-14 14:35:24","post_date_gmt":"2022-10-14 12:35:24","post_content":"","post_title":"AN\u00d3NIMO","post_excerpt":"","post_status":"publish","comment_status":"closed","ping_status":"closed","post_password":"","post_name":"anonimo","to_ping":"","pinged":"","post_modified":"2022-10-14 14:35:24","post_modified_gmt":"2022-10-14 12:35:24","post_content_filtered":"","post_parent":0,"guid":"http:\/\/dev.claret.cat\/autor\/anonimo\/","menu_order":0,"post_type":"autor","post_mime_type":"","comment_count":"0","filter":"raw"}],"booktrailer":"","resenas":""},"aioseo_notices":[],"_links":{"self":[{"href":"https:\/\/www.claret.cat\/es\/wp-json\/wp\/v2\/product\/941902","targetHints":{"allow":["GET"]}}],"collection":[{"href":"https:\/\/www.claret.cat\/es\/wp-json\/wp\/v2\/product"}],"about":[{"href":"https:\/\/www.claret.cat\/es\/wp-json\/wp\/v2\/types\/product"}],"wp:featuredmedia":[{"embeddable":true,"href":"https:\/\/www.claret.cat\/es\/wp-json\/wp\/v2\/media\/941908"}],"wp:attachment":[{"href":"https:\/\/www.claret.cat\/es\/wp-json\/wp\/v2\/media?parent=941902"}],"wp:term":[{"taxonomy":"product_brand","embeddable":true,"href":"https:\/\/www.claret.cat\/es\/wp-json\/wp\/v2\/product_brand?post=941902"},{"taxonomy":"product_cat","embeddable":true,"href":"https:\/\/www.claret.cat\/es\/wp-json\/wp\/v2\/product_cat?post=941902"},{"taxonomy":"product_tag","embeddable":true,"href":"https:\/\/www.claret.cat\/es\/wp-json\/wp\/v2\/product_tag?post=941902"}],"curies":[{"name":"wp","href":"https:\/\/api.w.org\/{rel}","templated":true}]}}