{"id":941922,"date":"2023-11-17T16:55:23","date_gmt":"2023-11-17T15:55:23","guid":{"rendered":"https:\/\/www.claret.cat\/llibre\/que-protegemos-nuestro-medio-ambiente-9788419785626\/"},"modified":"2023-11-17T17:02:20","modified_gmt":"2023-11-17T16:02:20","slug":"que-protegemos-nuestro-medio-ambiente-9788419785626","status":"publish","type":"product","link":"https:\/\/www.claret.cat\/es\/libro\/que-protegemos-nuestro-medio-ambiente-9788419785626\/","title":{"rendered":"\u00bfQU\u00c9?&#8230; PROTEGEMOS NUESTRO MEDIO AMBIENTE"},"content":{"rendered":"<p>* Descubre el mundo de manera divertida a trav\u00e9s de las p\u00e1ginas de este libro, en el que podr\u00e1s encontrar respuestas a miles de preguntas sobre nuestro medio ambiente y c\u00f3mo protegerlo.<br \/> * \u00bfDe d\u00f3nde procede el agua? \u00bfPor qu\u00e9 separamos los residuos?<br \/> * \u00bfQu\u00e9 amenaza a nuestros animales? \u00bfPor qu\u00e9 es importante el medio ambiente?<\/p>\n<p> Un libro de conocimientos b\u00e1sicos para ni\u00f1os y ni\u00f1as, con numerosas solapas que permiten atisbar procesos, movimientos y secuencias, dibujos detallados con grandes descubrimientos y textos sencillos para explicar o leer.<\/p>\n","protected":false},"excerpt":{"rendered":"<p>KESSEL, CAROLA VON<\/p>\n","protected":false},"featured_media":941947,"template":"","meta":{"_acf_changed":false,"om_disable_all_campaigns":false,"rs_blank_template":"","rs_page_bg_color":"","slide_template_v7":"","inline_featured_image":false,"_monsterinsights_skip_tracking":false,"_monsterinsights_sitenote_active":false,"_monsterinsights_sitenote_note":"","_monsterinsights_sitenote_category":0},"product_brand":[],"product_cat":[133,132,362,363],"product_tag":[],"class_list":{"0":"post-941922","1":"product","2":"type-product","3":"status-publish","4":"has-post-thumbnail","6":"product_cat-lectures-per-adolescents-12-18-anys","7":"product_cat-lectures-per-preadolescents-6-12-anys","8":"product_cat-libros-preadolescentes-6-12-anos","9":"product_cat-lecturas-por-adolescentes-12-18-anos","11":"first","12":"instock","13":"taxable","14":"shipping-taxable","15":"purchasable","16":"product-type-simple"},"acf":{"autor":"KESSEL, CAROLA VON","codart":"841978562","libros-coleccion":"\u00bfQu\u00e9? \u00bfC\u00f3mo? ...","ediciones":"1","encuadernacion":"Carton\u00e9","fecha_de_publicacion":"01\/10\/2023","novedad":"1","paginas":"18","subtitulo":"","orden":"0","portada":"0","idioma":"spa","editorial":[{"ID":147554,"post_author":"3","post_date":"2022-10-14 11:51:27","post_date_gmt":"2022-10-14 09:51:27","post_content":"","post_title":"BLUME (Naturart)","post_excerpt":"","post_status":"publish","comment_status":"closed","ping_status":"closed","post_password":"","post_name":"blume-naturart","to_ping":"","pinged":"","post_modified":"2022-10-14 11:51:27","post_modified_gmt":"2022-10-14 09:51:27","post_content_filtered":"","post_parent":0,"guid":"http:\/\/dev.claret.cat\/editorial\/blume-naturart\/","menu_order":0,"post_type":"editorial","post_mime_type":"","comment_count":"0","filter":"raw"}],"autores-libros":[{"ID":941946,"post_author":"3","post_date":"2023-11-17 17:02:00","post_date_gmt":"2023-11-17 16:02:00","post_content":"","post_title":"CAROLA VON KESSEL","post_excerpt":"","post_status":"publish","comment_status":"closed","ping_status":"closed","post_password":"","post_name":"carola-von-kessel","to_ping":"","pinged":"","post_modified":"2023-11-17 17:02:00","post_modified_gmt":"2023-11-17 16:02:00","post_content_filtered":"","post_parent":0,"guid":"https:\/\/www.claret.cat\/autor\/carola-von-kessel\/","menu_order":0,"post_type":"autor","post_mime_type":"","comment_count":"0","filter":"raw"}]},"aioseo_notices":[],"_links":{"self":[{"href":"https:\/\/www.claret.cat\/es\/wp-json\/wp\/v2\/product\/941922","targetHints":{"allow":["GET"]}}],"collection":[{"href":"https:\/\/www.claret.cat\/es\/wp-json\/wp\/v2\/product"}],"about":[{"href":"https:\/\/www.claret.cat\/es\/wp-json\/wp\/v2\/types\/product"}],"wp:featuredmedia":[{"embeddable":true,"href":"https:\/\/www.claret.cat\/es\/wp-json\/wp\/v2\/media\/941947"}],"wp:attachment":[{"href":"https:\/\/www.claret.cat\/es\/wp-json\/wp\/v2\/media?parent=941922"}],"wp:term":[{"taxonomy":"product_brand","embeddable":true,"href":"https:\/\/www.claret.cat\/es\/wp-json\/wp\/v2\/product_brand?post=941922"},{"taxonomy":"product_cat","embeddable":true,"href":"https:\/\/www.claret.cat\/es\/wp-json\/wp\/v2\/product_cat?post=941922"},{"taxonomy":"product_tag","embeddable":true,"href":"https:\/\/www.claret.cat\/es\/wp-json\/wp\/v2\/product_tag?post=941922"}],"curies":[{"name":"wp","href":"https:\/\/api.w.org\/{rel}","templated":true}]}}