{"id":94197,"date":"2022-10-11T22:01:03","date_gmt":"2022-10-11T20:01:03","guid":{"rendered":"http:\/\/dev.claret.cat\/producte\/plastic-passat-present-i-futur\/"},"modified":"2023-01-28T03:57:00","modified_gmt":"2023-01-28T02:57:00","slug":"plastic-passat-present-i-futur-9788426146885","status":"publish","type":"product","link":"https:\/\/www.claret.cat\/es\/libro\/plastic-passat-present-i-futur-9788426146885\/","title":{"rendered":"PL\u00c0STIC. PASSAT, PRESENT I FUTUR"},"content":{"rendered":"<p>El m\u00f3n consumeix m\u00e9s de 300 milions de tones de pl\u00e0stic cada any. Per\u00f2, quan vam comen\u00e7ar a fer servir el pl\u00e0stic? I per qu\u00e8? On van a parar tots els nostres residus pl\u00e0stics? Al llarg del darrer segle, l&#8221;\u00fas del pl\u00e0stic s&#8221;ha expandit de tal manera que s&#8221;ha convertit en un enorme problema mediambiental. Qu\u00e8 hi podem fer, nosaltres? El 1992, un naufragi envia milers de joguines de bany de pl\u00e0stic a la deriva per l&#8221;oce\u00e0; curiosament, les joguines no es desintegren malgrat el seu &#8221;llarg i inusual viatge&#8221;. A partir d&#8221;aquesta introducci\u00f3, els lectors es llancen a un examen minuci\u00f3s del pl\u00e0stic: com va sorgir, com es fabrica i utilitza i com ha canviat el m\u00f3n, per b\u00e9 i per mal. El llibre presenta de forma objectiva les aportacions d&#8221;aquesta subst\u00e0ncia derivada del petroli a el camp de la medicina i a l&#8221;accessibilitat dels productes manufacturats, aix\u00ed com el seu creixent impacte en el medi ambient. &#8221;Si no podem evitar els pl\u00e0stics, hem de utilitzar-los de forma responsable, mitjan\u00e7ant la reutilitzaci\u00f3 i el reciclatge&#8221;, afirma Kim, destacant breument els aven\u00e7os cient\u00edfics i els esfor\u00e7os sistem\u00e0tics de reducci\u00f3 de residus a tot el m\u00f3n (i afirmant que &#8221;el reciclatge per si sol no pot resoldre el nostre problema amb el pl\u00e0stic&#8221;).  Una hist\u00f2ria completa sobre el pl\u00e0stic, plena d&#8221;informaci\u00f3 per a capacitar als nens per a prendre millors decisions que benefici\u00efn el seu futur.<\/p>\n","protected":false},"excerpt":{"rendered":"<p>KIM, EUNJU<\/p>\n","protected":false},"featured_media":94198,"template":"","meta":{"_acf_changed":false,"om_disable_all_campaigns":false,"rs_blank_template":"","rs_page_bg_color":"","slide_template_v7":"","inline_featured_image":false,"_monsterinsights_skip_tracking":false,"_monsterinsights_sitenote_active":false,"_monsterinsights_sitenote_note":"","_monsterinsights_sitenote_category":0},"product_brand":[],"product_cat":[131,135],"product_tag":[],"class_list":{"0":"post-94197","1":"product","2":"type-product","3":"status-publish","4":"has-post-thumbnail","6":"product_cat-contes-per-infants-0-6-anys","7":"product_cat-entreteniment","9":"first","10":"instock","11":"taxable","12":"shipping-taxable","13":"purchasable","14":"product-type-simple"},"acf":{"editorial":[{"ID":6226,"post_author":"3","post_date":"2022-07-28 17:47:36","post_date_gmt":"2022-07-28 15:47:36","post_content":"","post_title":"EDITORIAL JUVENTUD","post_excerpt":"","post_status":"publish","comment_status":"closed","ping_status":"closed","post_password":"","post_name":"editorial-juventud","to_ping":"","pinged":"","post_modified":"2022-07-28 17:47:36","post_modified_gmt":"2022-07-28 15:47:36","post_content_filtered":"","post_parent":0,"guid":"http:\/\/dev.claret.cat\/editorial\/editorial-juventud\/","menu_order":0,"post_type":"editorial","post_mime_type":"","comment_count":"0","filter":"raw"}],"autor":"KIM, EUNJU","codart":"842614688","libros-coleccion":"\u00c1lbumes ilustrados","ediciones":"1","encuadernacion":"Carton\u00e9","fecha_de_publicacion":"01\/02\/2021","novedad":"1","paginas":"45","subtitulo":"","orden":"0","portada":"0","idioma":"cat","autores-libros":[{"ID":155499,"post_author":"3","post_date":"2022-10-14 15:13:18","post_date_gmt":"2022-10-14 13:13:18","post_content":"","post_title":"EUNJU KIM","post_excerpt":"","post_status":"publish","comment_status":"closed","ping_status":"closed","post_password":"","post_name":"eunju-kim","to_ping":"","pinged":"","post_modified":"2022-10-14 15:13:18","post_modified_gmt":"2022-10-14 13:13:18","post_content_filtered":"","post_parent":0,"guid":"http:\/\/dev.claret.cat\/autor\/eunju-kim\/","menu_order":0,"post_type":"autor","post_mime_type":"","comment_count":"0","filter":"raw"}]},"aioseo_notices":[],"_links":{"self":[{"href":"https:\/\/www.claret.cat\/es\/wp-json\/wp\/v2\/product\/94197","targetHints":{"allow":["GET"]}}],"collection":[{"href":"https:\/\/www.claret.cat\/es\/wp-json\/wp\/v2\/product"}],"about":[{"href":"https:\/\/www.claret.cat\/es\/wp-json\/wp\/v2\/types\/product"}],"wp:featuredmedia":[{"embeddable":true,"href":"https:\/\/www.claret.cat\/es\/wp-json\/wp\/v2\/media\/94198"}],"wp:attachment":[{"href":"https:\/\/www.claret.cat\/es\/wp-json\/wp\/v2\/media?parent=94197"}],"wp:term":[{"taxonomy":"product_brand","embeddable":true,"href":"https:\/\/www.claret.cat\/es\/wp-json\/wp\/v2\/product_brand?post=94197"},{"taxonomy":"product_cat","embeddable":true,"href":"https:\/\/www.claret.cat\/es\/wp-json\/wp\/v2\/product_cat?post=94197"},{"taxonomy":"product_tag","embeddable":true,"href":"https:\/\/www.claret.cat\/es\/wp-json\/wp\/v2\/product_tag?post=94197"}],"curies":[{"name":"wp","href":"https:\/\/api.w.org\/{rel}","templated":true}]}}