{"id":941979,"date":"2023-11-17T17:55:02","date_gmt":"2023-11-17T16:55:02","guid":{"rendered":"https:\/\/www.claret.cat\/llibre\/llegendes-i-tradicions-de-lleida-explicades-a-la-canalla-9788419474308\/"},"modified":"2025-02-01T01:33:59","modified_gmt":"2025-02-01T00:33:59","slug":"llegendes-i-tradicions-de-lleida-explicades-a-la-canalla-9788419474308","status":"publish","type":"product","link":"https:\/\/www.claret.cat\/es\/libro\/llegendes-i-tradicions-de-lleida-explicades-a-la-canalla-9788419474308\/","title":{"rendered":"LLEGENDES I TRADICIONS DE LLEIDA EXPLICADES A LA CANALLA"},"content":{"rendered":"<p>Aquest \u00e9s un llibre de tradicions i llegendes. Un llibre perqu\u00e8 els nens i els joves (i els no tan joves) coneguin aspectes b\u00e0sics de la hist\u00f2ria i la cultura popular de la ciutat de Lleida, i aix\u00f2 faci que se l&#8221;estimin m\u00e9s.<br \/> Seguint l&#8221;ordre del cicle anual, comen\u00e7arem pels Reixos i acabarem amb llegendes per explicar en nits fosques d&#8221;hivern, i entremig farem carnaval, processons, catifes de flors, aplecs, balls, correfocs i traurem a passejar lo Marraco i els Marraquets. Ens hi acompanyes?<\/p>\n","protected":false},"excerpt":{"rendered":"<p>GELONCH VILADEGUT, ANTONI<\/p>\n","protected":false},"featured_media":942036,"template":"","meta":{"_acf_changed":false,"om_disable_all_campaigns":false,"rs_blank_template":"","rs_page_bg_color":"","slide_template_v7":"","inline_featured_image":false,"_monsterinsights_skip_tracking":false,"_monsterinsights_sitenote_active":false,"_monsterinsights_sitenote_note":"","_monsterinsights_sitenote_category":0},"product_brand":[],"product_cat":[132,362],"product_tag":[],"class_list":{"0":"post-941979","1":"product","2":"type-product","3":"status-publish","4":"has-post-thumbnail","6":"product_cat-lectures-per-preadolescents-6-12-anys","7":"product_cat-libros-preadolescentes-6-12-anos","9":"first","10":"instock","11":"taxable","12":"shipping-taxable","13":"purchasable","14":"product-type-simple"},"acf":{"autor":"GELONCH VILADEGUT, ANTONI","codart":"841947430","libros-coleccion":"FORA DE COL\u00b7LECCIO","ediciones":"1","encuadernacion":"Carpeta","fecha_de_publicacion":"01\/11\/2023","novedad":"1","paginas":"100","subtitulo":"","orden":"0","portada":"0","idioma":"cat","editorial":[{"ID":6392,"post_author":"3","post_date":"2022-07-28 17:51:10","post_date_gmt":"2022-07-28 15:51:10","post_content":"","post_title":"Viena","post_excerpt":"","post_status":"publish","comment_status":"closed","ping_status":"closed","post_password":"","post_name":"viena","to_ping":"","pinged":"","post_modified":"2022-07-28 17:51:10","post_modified_gmt":"2022-07-28 15:51:10","post_content_filtered":"","post_parent":0,"guid":"http:\/\/dev.claret.cat\/editorial\/viena\/","menu_order":0,"post_type":"editorial","post_mime_type":"","comment_count":"0","filter":"raw"}],"autores-libros":[{"ID":150820,"post_author":"3","post_date":"2022-10-14 14:36:00","post_date_gmt":"2022-10-14 12:36:00","post_content":"","post_title":"ANTONI GELONCH VILADEGUT","post_excerpt":"","post_status":"publish","comment_status":"closed","ping_status":"closed","post_password":"","post_name":"antoni-gelonch-viladegut","to_ping":"","pinged":"","post_modified":"2022-10-14 14:36:00","post_modified_gmt":"2022-10-14 12:36:00","post_content_filtered":"","post_parent":0,"guid":"http:\/\/dev.claret.cat\/autor\/antoni-gelonch-viladegut\/","menu_order":0,"post_type":"autor","post_mime_type":"","comment_count":"0","filter":"raw"}]},"aioseo_notices":[],"_links":{"self":[{"href":"https:\/\/www.claret.cat\/es\/wp-json\/wp\/v2\/product\/941979","targetHints":{"allow":["GET"]}}],"collection":[{"href":"https:\/\/www.claret.cat\/es\/wp-json\/wp\/v2\/product"}],"about":[{"href":"https:\/\/www.claret.cat\/es\/wp-json\/wp\/v2\/types\/product"}],"wp:featuredmedia":[{"embeddable":true,"href":"https:\/\/www.claret.cat\/es\/wp-json\/wp\/v2\/media\/942036"}],"wp:attachment":[{"href":"https:\/\/www.claret.cat\/es\/wp-json\/wp\/v2\/media?parent=941979"}],"wp:term":[{"taxonomy":"product_brand","embeddable":true,"href":"https:\/\/www.claret.cat\/es\/wp-json\/wp\/v2\/product_brand?post=941979"},{"taxonomy":"product_cat","embeddable":true,"href":"https:\/\/www.claret.cat\/es\/wp-json\/wp\/v2\/product_cat?post=941979"},{"taxonomy":"product_tag","embeddable":true,"href":"https:\/\/www.claret.cat\/es\/wp-json\/wp\/v2\/product_tag?post=941979"}],"curies":[{"name":"wp","href":"https:\/\/api.w.org\/{rel}","templated":true}]}}