{"id":94200,"date":"2022-10-11T22:01:06","date_gmt":"2022-10-11T20:01:06","guid":{"rendered":"http:\/\/dev.claret.cat\/producte\/plastico-pasado-presente-y-futuro\/"},"modified":"2023-07-21T16:15:32","modified_gmt":"2023-07-21T14:15:32","slug":"plastico-pasado-presente-y-futuro-9788426146878","status":"publish","type":"product","link":"https:\/\/www.claret.cat\/es\/libro\/plastico-pasado-presente-y-futuro-9788426146878\/","title":{"rendered":"PL\u00c1STICO. PASADO, PRESENTE Y FUTURO"},"content":{"rendered":"<p>El mundo consume m\u00e1s de 300 millones de toneladas de pl\u00e1stico cada a\u00f1o. \u00bfCu\u00e1ndo empezamos a usar el pl\u00e1stico? Y \u00bfpor qu\u00e9? \u00bfD\u00f3nde acaban todos los residuos pl\u00e1sticos? A lo largo del \u00faltimo siglo, el uso del pl\u00e1stico se ha expandido tanto que se ha convertido en un gigantesco problema medioambiental. \u00bfQu\u00e9 podemos hacer nosotros al respecto? En 1992, un naufragio env\u00eda miles de juguetes de ba\u00f1o de pl\u00e1stico a la deriva por el oc\u00e9ano; curiosamente, los juguetes no se desintegran a pesar de su &#8221;largo e inusual viaje&#8221;. A partir de esta introducci\u00f3n, los lectores se lanzan a un examen minucioso del pl\u00e1stico: c\u00f3mo surgi\u00f3, c\u00f3mo se fabrica y utiliza y c\u00f3mo ha cambiado el mundo, para bien y para mal. El libro presenta de forma objetiva las aportaciones de esta sustancia derivada del petr\u00f3leo al campo de la medicina y a la accesibilidad de los productos manufacturados, as\u00ed como su creciente impacto en el medio ambiente. &#8221;Si no podemos evitar los pl\u00e1sticos, debemos utilizarlos de forma responsable, mediante la reutilizaci\u00f3n y el reciclaje&#8221;, afirma Kim, destacando brevemente los avances cient\u00edficos y los esfuerzos sistem\u00e1ticos de reducci\u00f3n de residuos en todo el mundo (y afirmando que &#8221;el reciclaje por s\u00ed solo no puede resolver nuestro problema con el pl\u00e1stico&#8221;). Una historia completa sobre el pl\u00e1stico, llena de informaci\u00f3n para capacitar a los ni\u00f1os para tomar mejores decisiones que beneficien su futuro.<\/p>\n","protected":false},"excerpt":{"rendered":"<p>KIM, EUNJU<\/p>\n","protected":false},"featured_media":452939,"template":"","meta":{"_acf_changed":false,"om_disable_all_campaigns":false,"rs_blank_template":"","rs_page_bg_color":"","slide_template_v7":"","inline_featured_image":false,"_monsterinsights_skip_tracking":false,"_monsterinsights_sitenote_active":false,"_monsterinsights_sitenote_note":"","_monsterinsights_sitenote_category":0},"product_brand":[],"product_cat":[132,135,365,362],"product_tag":[],"class_list":{"0":"post-94200","1":"product","2":"type-product","3":"status-publish","4":"has-post-thumbnail","6":"product_cat-lectures-per-preadolescents-6-12-anys","7":"product_cat-entreteniment","8":"product_cat-entretenimientos","9":"product_cat-libros-preadolescentes-6-12-anos","11":"first","12":"instock","13":"taxable","14":"shipping-taxable","15":"purchasable","16":"product-type-simple"},"acf":{"editorial":[{"ID":6226,"post_author":"3","post_date":"2022-07-28 17:47:36","post_date_gmt":"2022-07-28 15:47:36","post_content":"","post_title":"EDITORIAL JUVENTUD","post_excerpt":"","post_status":"publish","comment_status":"closed","ping_status":"closed","post_password":"","post_name":"editorial-juventud","to_ping":"","pinged":"","post_modified":"2022-07-28 17:47:36","post_modified_gmt":"2022-07-28 15:47:36","post_content_filtered":"","post_parent":0,"guid":"http:\/\/dev.claret.cat\/editorial\/editorial-juventud\/","menu_order":0,"post_type":"editorial","post_mime_type":"","comment_count":"0","filter":"raw"}],"autor":"KIM, EUNJU","codart":"842614687","libros-coleccion":"\u00c1lbumes ilustrados","ediciones":"1","encuadernacion":"Carton\u00e9","fecha_de_publicacion":"01\/02\/2021","novedad":"1","paginas":"45","subtitulo":"","orden":"0","portada":"0","idioma":"spa","autores-libros":[{"ID":155499,"post_author":"3","post_date":"2022-10-14 15:13:18","post_date_gmt":"2022-10-14 13:13:18","post_content":"","post_title":"EUNJU KIM","post_excerpt":"","post_status":"publish","comment_status":"closed","ping_status":"closed","post_password":"","post_name":"eunju-kim","to_ping":"","pinged":"","post_modified":"2022-10-14 15:13:18","post_modified_gmt":"2022-10-14 13:13:18","post_content_filtered":"","post_parent":0,"guid":"http:\/\/dev.claret.cat\/autor\/eunju-kim\/","menu_order":0,"post_type":"autor","post_mime_type":"","comment_count":"0","filter":"raw"}]},"aioseo_notices":[],"_links":{"self":[{"href":"https:\/\/www.claret.cat\/es\/wp-json\/wp\/v2\/product\/94200","targetHints":{"allow":["GET"]}}],"collection":[{"href":"https:\/\/www.claret.cat\/es\/wp-json\/wp\/v2\/product"}],"about":[{"href":"https:\/\/www.claret.cat\/es\/wp-json\/wp\/v2\/types\/product"}],"wp:featuredmedia":[{"embeddable":true,"href":"https:\/\/www.claret.cat\/es\/wp-json\/wp\/v2\/media\/452939"}],"wp:attachment":[{"href":"https:\/\/www.claret.cat\/es\/wp-json\/wp\/v2\/media?parent=94200"}],"wp:term":[{"taxonomy":"product_brand","embeddable":true,"href":"https:\/\/www.claret.cat\/es\/wp-json\/wp\/v2\/product_brand?post=94200"},{"taxonomy":"product_cat","embeddable":true,"href":"https:\/\/www.claret.cat\/es\/wp-json\/wp\/v2\/product_cat?post=94200"},{"taxonomy":"product_tag","embeddable":true,"href":"https:\/\/www.claret.cat\/es\/wp-json\/wp\/v2\/product_tag?post=94200"}],"curies":[{"name":"wp","href":"https:\/\/api.w.org\/{rel}","templated":true}]}}