{"id":942089,"date":"2023-11-20T12:10:07","date_gmt":"2023-11-20T11:10:07","guid":{"rendered":"https:\/\/www.claret.cat\/llibre\/invisible-9788417605537\/"},"modified":"2023-11-20T12:10:27","modified_gmt":"2023-11-20T11:10:27","slug":"invisible-9788417605537","status":"publish","type":"product","link":"https:\/\/www.claret.cat\/es\/libro\/invisible-9788417605537\/","title":{"rendered":"INVISIBLE"},"content":{"rendered":"<p>Edici\u00f3n especial: incluye el cap\u00edtulo extra El Drag\u00f3n.  Emotiva, conmovedora, diferente&#8230; Invisible narra, a trav\u00e9s de los  ojos de un ni\u00f1o, una historia que podr\u00eda ser la de cualquiera de nosotros. \u00bfQui\u00e9n no ha deseado alguna vez ser invisible? \u00bfQui\u00e9n no ha deseado alguna vez dejar de serlo? El problema es que nunca he llegado a controlar bien ese poder: A veces, cuando m\u00e1s ganas ten\u00eda de ser invisible, era cuando m\u00e1s gente  me ve\u00eda, y en cambio, cuando deseaba que todos me vieran, era cuando a mi cuerpo le daba por desaparecer.<\/p>\n","protected":false},"excerpt":{"rendered":"<p>MORENO, ELOY<\/p>\n","protected":false},"featured_media":942090,"template":"","meta":{"_acf_changed":false,"om_disable_all_campaigns":false,"rs_blank_template":"","rs_page_bg_color":"","slide_template_v7":"","inline_featured_image":false,"_monsterinsights_skip_tracking":false,"_monsterinsights_sitenote_active":false,"_monsterinsights_sitenote_note":"","_monsterinsights_sitenote_category":0},"product_brand":[],"product_cat":[133,363],"product_tag":[],"class_list":{"0":"post-942089","1":"product","2":"type-product","3":"status-publish","4":"has-post-thumbnail","6":"product_cat-lectures-per-adolescents-12-18-anys","7":"product_cat-lecturas-por-adolescentes-12-18-anos","9":"first","10":"instock","11":"taxable","12":"shipping-taxable","13":"purchasable","14":"product-type-simple"},"acf":{"autor":"MORENO, ELOY","codart":"841760553","libros-coleccion":"NUBE DE TINTA","ediciones":"1","encuadernacion":"Carton\u00e9","fecha_de_publicacion":"01\/11\/2020","novedad":"0","paginas":"320","subtitulo":"","orden":"0","portada":"0","idioma":"spa","editorial":[{"ID":148591,"post_author":"3","post_date":"2022-10-14 11:59:26","post_date_gmt":"2022-10-14 09:59:26","post_content":"","post_title":"NUBE DE TINTA","post_excerpt":"","post_status":"publish","comment_status":"closed","ping_status":"closed","post_password":"","post_name":"nube-de-tinta","to_ping":"","pinged":"","post_modified":"2022-10-14 11:59:26","post_modified_gmt":"2022-10-14 09:59:26","post_content_filtered":"","post_parent":0,"guid":"http:\/\/dev.claret.cat\/editorial\/nube-de-tinta\/","menu_order":0,"post_type":"editorial","post_mime_type":"","comment_count":"0","filter":"raw"}],"autores-libros":[{"ID":154908,"post_author":"3","post_date":"2022-10-14 15:08:37","post_date_gmt":"2022-10-14 13:08:37","post_content":"","post_title":"ELOY MORENO","post_excerpt":"","post_status":"publish","comment_status":"closed","ping_status":"closed","post_password":"","post_name":"eloy-moreno","to_ping":"","pinged":"","post_modified":"2022-10-14 15:08:37","post_modified_gmt":"2022-10-14 13:08:37","post_content_filtered":"","post_parent":0,"guid":"http:\/\/dev.claret.cat\/autor\/eloy-moreno\/","menu_order":0,"post_type":"autor","post_mime_type":"","comment_count":"0","filter":"raw"}]},"aioseo_notices":[],"_links":{"self":[{"href":"https:\/\/www.claret.cat\/es\/wp-json\/wp\/v2\/product\/942089","targetHints":{"allow":["GET"]}}],"collection":[{"href":"https:\/\/www.claret.cat\/es\/wp-json\/wp\/v2\/product"}],"about":[{"href":"https:\/\/www.claret.cat\/es\/wp-json\/wp\/v2\/types\/product"}],"wp:featuredmedia":[{"embeddable":true,"href":"https:\/\/www.claret.cat\/es\/wp-json\/wp\/v2\/media\/942090"}],"wp:attachment":[{"href":"https:\/\/www.claret.cat\/es\/wp-json\/wp\/v2\/media?parent=942089"}],"wp:term":[{"taxonomy":"product_brand","embeddable":true,"href":"https:\/\/www.claret.cat\/es\/wp-json\/wp\/v2\/product_brand?post=942089"},{"taxonomy":"product_cat","embeddable":true,"href":"https:\/\/www.claret.cat\/es\/wp-json\/wp\/v2\/product_cat?post=942089"},{"taxonomy":"product_tag","embeddable":true,"href":"https:\/\/www.claret.cat\/es\/wp-json\/wp\/v2\/product_tag?post=942089"}],"curies":[{"name":"wp","href":"https:\/\/api.w.org\/{rel}","templated":true}]}}