{"id":942112,"date":"2023-11-20T13:30:21","date_gmt":"2023-11-20T12:30:21","guid":{"rendered":"https:\/\/www.claret.cat\/llibre\/colgados-de-un-hilo-9788411318976\/"},"modified":"2023-11-20T16:00:24","modified_gmt":"2023-11-20T15:00:24","slug":"colgados-de-un-hilo-9788411318976","status":"publish","type":"product","link":"https:\/\/www.claret.cat\/es\/libro\/colgados-de-un-hilo-9788411318976\/","title":{"rendered":"COLGADOS DE UN HILO"},"content":{"rendered":"<p>El creador de la c\u00e9lebre inspectora Carmen Puerto, Salvador Guti\u00e9rrez Sol\u00eds, es @gutisolis en las redes sociales, donde se ha hecho universalmente c\u00e9lebre por sus hilos de suspense. Buena parte de estas historias se han convertido en virales, superando en ocasiones los diez millones de visitas por lectores de todo el mundo.<\/p>\n<p> &#8216;Colgados de un hilo&#8217; es una original e innovadora propuesta que recoge los hilos m\u00e1s destacados y de mayor repercusi\u00f3n difundidos por Guti\u00e9rrez Sol\u00eds en las redes. Historias que con frecuencia se sumergen en el thriller, en lo paranormal o misterioso, partiendo de lo cotidiano hasta alcanzar lo ins\u00f3lito. Tramas con su peculiar firma, que se caracterizan por sus inesperados giros y por finales que nunca dejan indiferente al lector.<br \/> Guti\u00e9rrez Sol\u00eds ha remozado los textos aqu\u00ed recopilados, varios cuentan con finales distintos a los originales y tambi\u00e9n hay hilos in\u00e9ditos, que el autor nunca public\u00f3 y que el lector solo podr\u00e1 encontrar aqu\u00ed. Todos est\u00e1n acompa\u00f1ados de una selecci\u00f3n de canciones con la que hacer la experiencia lectora m\u00e1s atractiva y enriquecedora. @gutisolis ha creado un libro repleto de suspense e intriga, que el lector, tanto el ya seguidor de sus hilos como el que a\u00fan no lo es, devorar\u00e1 por lo absorbente de sus intrigas y el magnetismo de su escritura.<\/p>\n<p> Salvador Guti\u00e9rrez Sol\u00eds es tambi\u00e9n conocido por ser el creador de la trilog\u00eda protagonizada por Carmen Puerto (Los amantes an\u00f3nimos, El lenguaje de las mareas y Solo vive quien muere), considerada como una de las obras cumbres de la novela negra hispana y tambi\u00e9n publicada, como Colgados de un hilo, por Almuzara.<\/p>\n<p> Los lectores de @gutisolis han comentado:<br \/> &#8216;Un genio del suspense y de la intriga&#8217;.<br \/> &#8216;Una mezcla entre Cort\u00e1zar y Hitchcock&#8217;.<br \/> &#8216;Nadie es capaz de contar tanto en tan poco espacio. El rey de los hilos de suspense&#8217;.<\/p>\n","protected":false},"excerpt":{"rendered":"<p>SALVADOR GUTI\u00c9RREZ SOL\u00cdS<\/p>\n","protected":false},"featured_media":942176,"template":"","meta":{"_acf_changed":false,"om_disable_all_campaigns":false,"rs_blank_template":"","rs_page_bg_color":"","slide_template_v7":"","inline_featured_image":false,"_monsterinsights_skip_tracking":false,"_monsterinsights_sitenote_active":false,"_monsterinsights_sitenote_note":"","_monsterinsights_sitenote_category":0},"product_brand":[],"product_cat":[90,540],"product_tag":[],"class_list":{"0":"post-942112","1":"product","2":"type-product","3":"status-publish","4":"has-post-thumbnail","6":"product_cat-altres","7":"product_cat-otros","9":"first","10":"instock","11":"taxable","12":"shipping-taxable","13":"purchasable","14":"product-type-simple"},"acf":{"autor":"SALVADOR GUTI\u00c9RREZ SOL\u00cdS","codart":"841131897","libros-coleccion":"FORA DE COL.LECCI\u00d3","ediciones":"1","encuadernacion":"R\u00fastica","fecha_de_publicacion":"01\/11\/2023","novedad":"1","paginas":"240","subtitulo":"LAS VIRALES TRAMAS DE @GUTISOLIS EN LAS REDES SOCIALES","orden":"0","portada":"0","idioma":"spa","editorial":[{"ID":6120,"post_author":"3","post_date":"2022-07-28 17:45:19","post_date_gmt":"2022-07-28 15:45:19","post_content":"","post_title":"ALMUZARA","post_excerpt":"","post_status":"publish","comment_status":"closed","ping_status":"closed","post_password":"","post_name":"almuzara","to_ping":"","pinged":"","post_modified":"2022-07-28 17:45:19","post_modified_gmt":"2022-07-28 15:45:19","post_content_filtered":"","post_parent":0,"guid":"http:\/\/dev.claret.cat\/editorial\/almuzara\/","menu_order":0,"post_type":"editorial","post_mime_type":"","comment_count":"0","filter":"raw"}],"autores-libros":[{"ID":168856,"post_author":"3","post_date":"2022-10-14 22:22:30","post_date_gmt":"2022-10-14 20:22:30","post_content":"","post_title":"SALVADOR GUTI\u00c9RREZ SOL\u00cdS","post_excerpt":"","post_status":"publish","comment_status":"closed","ping_status":"closed","post_password":"","post_name":"salvador-gutierrez-solis","to_ping":"","pinged":"","post_modified":"2022-10-14 22:22:30","post_modified_gmt":"2022-10-14 20:22:30","post_content_filtered":"","post_parent":0,"guid":"http:\/\/dev.claret.cat\/autor\/salvador-gutierrez-solis\/","menu_order":0,"post_type":"autor","post_mime_type":"","comment_count":"0","filter":"raw"}]},"aioseo_notices":[],"_links":{"self":[{"href":"https:\/\/www.claret.cat\/es\/wp-json\/wp\/v2\/product\/942112","targetHints":{"allow":["GET"]}}],"collection":[{"href":"https:\/\/www.claret.cat\/es\/wp-json\/wp\/v2\/product"}],"about":[{"href":"https:\/\/www.claret.cat\/es\/wp-json\/wp\/v2\/types\/product"}],"wp:featuredmedia":[{"embeddable":true,"href":"https:\/\/www.claret.cat\/es\/wp-json\/wp\/v2\/media\/942176"}],"wp:attachment":[{"href":"https:\/\/www.claret.cat\/es\/wp-json\/wp\/v2\/media?parent=942112"}],"wp:term":[{"taxonomy":"product_brand","embeddable":true,"href":"https:\/\/www.claret.cat\/es\/wp-json\/wp\/v2\/product_brand?post=942112"},{"taxonomy":"product_cat","embeddable":true,"href":"https:\/\/www.claret.cat\/es\/wp-json\/wp\/v2\/product_cat?post=942112"},{"taxonomy":"product_tag","embeddable":true,"href":"https:\/\/www.claret.cat\/es\/wp-json\/wp\/v2\/product_tag?post=942112"}],"curies":[{"name":"wp","href":"https:\/\/api.w.org\/{rel}","templated":true}]}}