{"id":942150,"date":"2023-11-20T13:55:02","date_gmt":"2023-11-20T12:55:02","guid":{"rendered":"https:\/\/www.claret.cat\/llibre\/la-ley-del-espejo-deluxe-9788419590664\/"},"modified":"2025-04-25T19:40:36","modified_gmt":"2025-04-25T17:40:36","slug":"la-ley-del-espejo-deluxe-9788419590664","status":"publish","type":"product","link":"https:\/\/www.claret.cat\/es\/libro\/la-ley-del-espejo-deluxe-9788419590664\/","title":{"rendered":"LA LEY DEL ESPEJO (DELUXE)"},"content":{"rendered":"<p>A Eiko le preocupa que los compa\u00f1eros de colegio de su hijo Yuta lo maltraten, y se siente impotente y sola ante un problema que no sabe c\u00f3mo resolver. Sin embargo, el enigm\u00e1tico Yaguchi le facilita un m\u00e9todo sorprendente gracias al cual superar\u00e1 con \u00e9xito la situaci\u00f3n m\u00e1s dif\u00edcil de todas: enfrentarse a sus fantasmas y seguir adelante con esp\u00edritu renovado. A partir de una historia sencilla y emotiva, el maestro japon\u00e9s Yoshinori Noguchi, coach de referencia y escritor superventas, nos deslumbra con una lecci\u00f3n que ha vendido m\u00e1s de un mill\u00f3n de libros en todo el mundo. <\/p>\n<p> Una f\u00e1bula inolvidable sobre el perd\u00f3n, la familia y todo aquello que nos hace mejores.<\/p>\n","protected":false},"excerpt":{"rendered":"<p>NOGUCHI, YOSHINORI<\/p>\n","protected":false},"featured_media":942151,"template":"","meta":{"_acf_changed":false,"om_disable_all_campaigns":false,"rs_blank_template":"","rs_page_bg_color":"","slide_template_v7":"","inline_featured_image":false,"_monsterinsights_skip_tracking":false,"_monsterinsights_sitenote_active":false,"_monsterinsights_sitenote_note":"","_monsterinsights_sitenote_category":0},"product_brand":[],"product_cat":[179,377,127,357],"product_tag":[],"class_list":{"0":"post-942150","1":"product","2":"type-product","3":"status-publish","4":"has-post-thumbnail","6":"product_cat-autoajuda-i-salut-mental","7":"product_cat-autoayuda-y-salud-mental","8":"product_cat-novella-contemporania","9":"product_cat-novela-contemporanea","11":"first","12":"instock","13":"taxable","14":"shipping-taxable","15":"purchasable","16":"product-type-simple"},"acf":{"autor":"NOGUCHI, YOSHINORI","codart":"841959066","libros-coleccion":"Emociones","ediciones":"1","encuadernacion":"Carton\u00e9","fecha_de_publicacion":"01\/11\/2023","novedad":"1","paginas":"136","subtitulo":"","orden":"0","portada":"0","idioma":"spa","editorial":[{"ID":6222,"post_author":"3","post_date":"2022-07-28 17:47:31","post_date_gmt":"2022-07-28 15:47:31","post_content":"","post_title":"Editorial Comanegra","post_excerpt":"","post_status":"publish","comment_status":"closed","ping_status":"closed","post_password":"","post_name":"editorial-comanegra","to_ping":"","pinged":"","post_modified":"2022-07-28 17:47:31","post_modified_gmt":"2022-07-28 15:47:31","post_content_filtered":"","post_parent":0,"guid":"http:\/\/dev.claret.cat\/editorial\/editorial-comanegra\/","menu_order":0,"post_type":"editorial","post_mime_type":"","comment_count":"0","filter":"raw"}],"autores-libros":[{"ID":171607,"post_author":"3","post_date":"2022-10-14 22:44:46","post_date_gmt":"2022-10-14 20:44:46","post_content":"","post_title":"YOSHINORI NOGUCHI","post_excerpt":"","post_status":"publish","comment_status":"closed","ping_status":"closed","post_password":"","post_name":"yoshinori-noguchi","to_ping":"","pinged":"","post_modified":"2022-10-14 22:44:46","post_modified_gmt":"2022-10-14 20:44:46","post_content_filtered":"","post_parent":0,"guid":"http:\/\/dev.claret.cat\/autor\/yoshinori-noguchi\/","menu_order":0,"post_type":"autor","post_mime_type":"","comment_count":"0","filter":"raw"}],"booktrailer":"","resenas":""},"aioseo_notices":[],"_links":{"self":[{"href":"https:\/\/www.claret.cat\/es\/wp-json\/wp\/v2\/product\/942150","targetHints":{"allow":["GET"]}}],"collection":[{"href":"https:\/\/www.claret.cat\/es\/wp-json\/wp\/v2\/product"}],"about":[{"href":"https:\/\/www.claret.cat\/es\/wp-json\/wp\/v2\/types\/product"}],"wp:featuredmedia":[{"embeddable":true,"href":"https:\/\/www.claret.cat\/es\/wp-json\/wp\/v2\/media\/942151"}],"wp:attachment":[{"href":"https:\/\/www.claret.cat\/es\/wp-json\/wp\/v2\/media?parent=942150"}],"wp:term":[{"taxonomy":"product_brand","embeddable":true,"href":"https:\/\/www.claret.cat\/es\/wp-json\/wp\/v2\/product_brand?post=942150"},{"taxonomy":"product_cat","embeddable":true,"href":"https:\/\/www.claret.cat\/es\/wp-json\/wp\/v2\/product_cat?post=942150"},{"taxonomy":"product_tag","embeddable":true,"href":"https:\/\/www.claret.cat\/es\/wp-json\/wp\/v2\/product_tag?post=942150"}],"curies":[{"name":"wp","href":"https:\/\/api.w.org\/{rel}","templated":true}]}}