{"id":942188,"date":"2023-11-20T16:05:49","date_gmt":"2023-11-20T15:05:49","guid":{"rendered":"https:\/\/www.claret.cat\/llibre\/un-rey-sin-amigos-9788469640166\/"},"modified":"2024-05-13T17:50:24","modified_gmt":"2024-05-13T15:50:24","slug":"un-rey-sin-amigos-9788469640166","status":"publish","type":"product","link":"https:\/\/www.claret.cat\/es\/libro\/un-rey-sin-amigos-9788469640166\/","title":{"rendered":"UN REY SIN AMIGOS"},"content":{"rendered":"<p>Un \u00e1lbum para valorar la importancia de la amistad. De la autora del superventas \u00d1ac-\u00f1ac, el monstruo comelibros:El rey le\u00f3n quer\u00eda tener amigos. Pero todos los habitantes de su reino le ten\u00edan miedo y sal\u00edan corriendo nada m\u00e1s verlo. Siempre solo, cada noche el rey rug\u00eda y rug\u00eda de tristeza. Hasta que un d\u00eda una ni\u00f1a lo oy\u00f3 y, en vez de huir, hizo algo muy valiente&#8230;<\/p>\n","protected":false},"excerpt":{"rendered":"<p>YARLETT, EMMA<\/p>\n","protected":false},"featured_media":942189,"template":"","meta":{"_acf_changed":false,"om_disable_all_campaigns":false,"rs_blank_template":"","rs_page_bg_color":"","slide_template_v7":"","inline_featured_image":false,"_monsterinsights_skip_tracking":false,"_monsterinsights_sitenote_active":false,"_monsterinsights_sitenote_note":"","_monsterinsights_sitenote_category":0},"product_brand":[],"product_cat":[131,361],"product_tag":[],"class_list":{"0":"post-942188","1":"product","2":"type-product","3":"status-publish","4":"has-post-thumbnail","6":"product_cat-contes-per-infants-0-6-anys","7":"product_cat-cuentos-para-ninos-0-6-anos","9":"first","10":"instock","11":"taxable","12":"shipping-taxable","13":"purchasable","14":"product-type-simple"},"acf":{"autor":"YARLETT, EMMA","codart":"846964016","libros-coleccion":"Castellano - A Partir De 3 A\u00f1os - \u00c1lbume","ediciones":"1","encuadernacion":"Carton\u00e9","fecha_de_publicacion":"01\/11\/2023","novedad":"1","paginas":"45","subtitulo":"","orden":"0","portada":"0","idioma":"spa","editorial":[{"ID":147936,"post_author":"3","post_date":"2022-10-14 11:54:22","post_date_gmt":"2022-10-14 09:54:22","post_content":"","post_title":"Editorial Bru\u00f1o","post_excerpt":"","post_status":"publish","comment_status":"closed","ping_status":"closed","post_password":"","post_name":"editorial-bruno","to_ping":"","pinged":"","post_modified":"2022-10-14 11:54:22","post_modified_gmt":"2022-10-14 09:54:22","post_content_filtered":"","post_parent":0,"guid":"http:\/\/dev.claret.cat\/editorial\/editorial-bruno\/","menu_order":0,"post_type":"editorial","post_mime_type":"","comment_count":"0","filter":"raw"}],"autores-libros":[{"ID":155042,"post_author":"3","post_date":"2022-10-14 15:09:42","post_date_gmt":"2022-10-14 13:09:42","post_content":"","post_title":"EMMA YARLETT","post_excerpt":"","post_status":"publish","comment_status":"closed","ping_status":"closed","post_password":"","post_name":"emma-yarlett","to_ping":"","pinged":"","post_modified":"2022-10-14 15:09:42","post_modified_gmt":"2022-10-14 13:09:42","post_content_filtered":"","post_parent":0,"guid":"http:\/\/dev.claret.cat\/autor\/emma-yarlett\/","menu_order":0,"post_type":"autor","post_mime_type":"","comment_count":"0","filter":"raw"}]},"aioseo_notices":[],"_links":{"self":[{"href":"https:\/\/www.claret.cat\/es\/wp-json\/wp\/v2\/product\/942188","targetHints":{"allow":["GET"]}}],"collection":[{"href":"https:\/\/www.claret.cat\/es\/wp-json\/wp\/v2\/product"}],"about":[{"href":"https:\/\/www.claret.cat\/es\/wp-json\/wp\/v2\/types\/product"}],"wp:featuredmedia":[{"embeddable":true,"href":"https:\/\/www.claret.cat\/es\/wp-json\/wp\/v2\/media\/942189"}],"wp:attachment":[{"href":"https:\/\/www.claret.cat\/es\/wp-json\/wp\/v2\/media?parent=942188"}],"wp:term":[{"taxonomy":"product_brand","embeddable":true,"href":"https:\/\/www.claret.cat\/es\/wp-json\/wp\/v2\/product_brand?post=942188"},{"taxonomy":"product_cat","embeddable":true,"href":"https:\/\/www.claret.cat\/es\/wp-json\/wp\/v2\/product_cat?post=942188"},{"taxonomy":"product_tag","embeddable":true,"href":"https:\/\/www.claret.cat\/es\/wp-json\/wp\/v2\/product_tag?post=942188"}],"curies":[{"name":"wp","href":"https:\/\/api.w.org\/{rel}","templated":true}]}}