{"id":942195,"date":"2023-11-20T16:30:03","date_gmt":"2023-11-20T15:30:03","guid":{"rendered":"https:\/\/www.claret.cat\/llibre\/les-vuit-muntanyes-edicio-pellicula-9788419394217\/"},"modified":"2025-04-24T12:26:01","modified_gmt":"2025-04-24T10:26:01","slug":"les-vuit-muntanyes-edicio-pellicula-9788419394217","status":"publish","type":"product","link":"https:\/\/www.claret.cat\/es\/libro\/les-vuit-muntanyes-edicio-pellicula-9788419394217\/","title":{"rendered":"LES VUIT MUNTANYES (EDICI\u00d3 PEL\u00b7L\u00cdCULA)"},"content":{"rendered":"<p>Amb un llenguatge pur i po\u00e8tic, Paolo Cognetti tra\u00e7a un viatge vital, \u00edntim i universal en una novel\u00b7la magn\u00e8tica que explora les relacions d&#8217;amistat i entre pares i fills.  La seva adaptaci\u00f3 cinematogr\u00e0fica ha resultat guanyadora del Premi del Jurat al Festival de Cannes 2022. Quan els pares d&#8217;en Pietro descobreixen l&#8217;encantador poble de Grana, als Alps italians, decideixen que d&#8217;ara endavant hi passaran tots els estius. En aquest lloc id\u00edl\u00b7lic en Pietro travar\u00e0 amistat amb en Bruno, un noi de la zona que es dedica a la pastura. Encara que ja a onze anys pertanyen a mons diferents, l&#8217;exploraci\u00f3 i el descobriment de la naturalesa els unir\u00e0. Per aquella mateixa \u00e8poca, en Pietro comen\u00e7ar\u00e0 a caminar per les senderes alpines amb el seu pare, qui, d&#8217;aquesta manera, li brindar\u00e0 alguna cosa semblant a una educaci\u00f3 en silenci. I \u00e9s que la muntanya proporciona un saber, una manera de respirar, i fins i tot acaba convertint-se en un llegat. Anys m\u00e9s tard, la for\u00e7a \u00edntima del paisatge portar\u00e0 al retrobament d&#8217;en Pietro i en Bruno.La cr\u00edtica ha dit:<br \/>\u00abLes grans hist\u00f2ries, com aquesta, s\u00f3n, precisament, aquelles que semblen m\u00e9s senzilles i quotidianes\u00bb.<br \/>Llegir.cat \u00abLa prosa de Cognetti flueix com les aig\u00fces d&#8217;un riu\u00bb.<br \/>Llegir.cat \u00abLa veu de Pietro explica fins al final tota la hist\u00f2ria en un amable to convencional que, inevitablement, porta el ress\u00f2 de London, Conrad i companyia\u00bb.<br \/>El Peri\u00f3dico\u00abAmb l&#8217;al\u00e8 d&#8217;un cl\u00e0ssic, un meteorit que arriba d&#8217;un altre temps\u00bb.<br \/>La Repubblica  \u00abUna ploma s\u00f2bria, elegant i precisa. Tra\u00e7a un solc literari que et provoca el desig de seguir\u00bb.<br \/>La Vie<\/p>\n","protected":false},"excerpt":{"rendered":"<p>COGNETTI, PAOLO<\/p>\n","protected":false},"featured_media":942280,"template":"","meta":{"_acf_changed":false,"om_disable_all_campaigns":false,"rs_blank_template":"","rs_page_bg_color":"","slide_template_v7":"","inline_featured_image":false,"_monsterinsights_skip_tracking":false,"_monsterinsights_sitenote_active":false,"_monsterinsights_sitenote_note":"","_monsterinsights_sitenote_category":0},"product_brand":[],"product_cat":[127,357],"product_tag":[],"class_list":{"0":"post-942195","1":"product","2":"type-product","3":"status-publish","4":"has-post-thumbnail","6":"product_cat-novella-contemporania","7":"product_cat-novela-contemporanea","9":"first","10":"instock","11":"taxable","12":"shipping-taxable","13":"purchasable","14":"product-type-simple"},"acf":{"autor":"COGNETTI, PAOLO","codart":"841939421","libros-coleccion":"Narrativa","ediciones":"1","encuadernacion":"R\u00fastica","fecha_de_publicacion":"01\/03\/2023","novedad":"1","paginas":"225","subtitulo":"","orden":"0","portada":"0","idioma":"cat","editorial":[{"ID":147699,"post_author":"3","post_date":"2022-10-14 11:52:34","post_date_gmt":"2022-10-14 09:52:34","post_content":"","post_title":"Debutxaca","post_excerpt":"","post_status":"publish","comment_status":"closed","ping_status":"closed","post_password":"","post_name":"debutxaca","to_ping":"","pinged":"","post_modified":"2022-10-14 11:52:34","post_modified_gmt":"2022-10-14 09:52:34","post_content_filtered":"","post_parent":0,"guid":"http:\/\/dev.claret.cat\/editorial\/debutxaca\/","menu_order":0,"post_type":"editorial","post_mime_type":"","comment_count":"0","filter":"raw"}],"autores-libros":[{"ID":166546,"post_author":"3","post_date":"2022-10-14 18:04:08","post_date_gmt":"2022-10-14 16:04:08","post_content":"","post_title":"PAOLO  COGNETTI","post_excerpt":"","post_status":"publish","comment_status":"closed","ping_status":"closed","post_password":"","post_name":"paolo-cognetti","to_ping":"","pinged":"","post_modified":"2022-10-14 18:04:08","post_modified_gmt":"2022-10-14 16:04:08","post_content_filtered":"","post_parent":0,"guid":"http:\/\/dev.claret.cat\/autor\/paolo-cognetti\/","menu_order":0,"post_type":"autor","post_mime_type":"","comment_count":"0","filter":"raw"}],"booktrailer":"","resenas":""},"aioseo_notices":[],"_links":{"self":[{"href":"https:\/\/www.claret.cat\/es\/wp-json\/wp\/v2\/product\/942195","targetHints":{"allow":["GET"]}}],"collection":[{"href":"https:\/\/www.claret.cat\/es\/wp-json\/wp\/v2\/product"}],"about":[{"href":"https:\/\/www.claret.cat\/es\/wp-json\/wp\/v2\/types\/product"}],"wp:featuredmedia":[{"embeddable":true,"href":"https:\/\/www.claret.cat\/es\/wp-json\/wp\/v2\/media\/942280"}],"wp:attachment":[{"href":"https:\/\/www.claret.cat\/es\/wp-json\/wp\/v2\/media?parent=942195"}],"wp:term":[{"taxonomy":"product_brand","embeddable":true,"href":"https:\/\/www.claret.cat\/es\/wp-json\/wp\/v2\/product_brand?post=942195"},{"taxonomy":"product_cat","embeddable":true,"href":"https:\/\/www.claret.cat\/es\/wp-json\/wp\/v2\/product_cat?post=942195"},{"taxonomy":"product_tag","embeddable":true,"href":"https:\/\/www.claret.cat\/es\/wp-json\/wp\/v2\/product_tag?post=942195"}],"curies":[{"name":"wp","href":"https:\/\/api.w.org\/{rel}","templated":true}]}}