{"id":942205,"date":"2023-11-20T16:30:53","date_gmt":"2023-11-20T15:30:53","guid":{"rendered":"https:\/\/www.claret.cat\/llibre\/es-diu-vulva-9788419511119\/"},"modified":"2024-12-05T19:55:38","modified_gmt":"2024-12-05T18:55:38","slug":"es-diu-vulva-9788419511119","status":"publish","type":"product","link":"https:\/\/www.claret.cat\/es\/libro\/es-diu-vulva-9788419511119\/","title":{"rendered":"ES DIU VULVA!"},"content":{"rendered":"<p>Menstruita Mini, la nova col\u00b7lecci\u00f3 d&#8217;educaci\u00f3 sexual pels m\u00e9s petits de les autores de La regla mola Els nens i les nenes tenen moltes preguntes sobre la vulva: Per qu\u00e8 t\u00e9 tants noms? Totes les vulves s\u00f3n iguals? Per a qu\u00e8 serveix? Les vaques i altres animals tamb\u00e9 tenen vulva? Com es cuida? Descobreix totes les respostes en aquest llibre imprescindible perqu\u00e8 els m\u00e9s petits coneguin el cos hum\u00e0 sense complexos.La col\u00b7lecci\u00f3 infantil Menstruita Mini, creada per la psic\u00f2loga especialitzada en educaci\u00f3 sexual Anna Salvia i per la il\u00b7lustradora i realitzadora multim\u00e8dia Cristina Torr\u00f3n, arriba despr\u00e9s del fenomen editorial La regla mola (si saps com funciona) per ajudar-te a parlar de sexualitat d&#8217;una manera directa, senzilla i divertida. Inclou una guia per a fam\u00edlies i educadors!<\/p>\n","protected":false},"excerpt":{"rendered":"<p>TORR\u00d3N (MENSTRUITA), CRISTINA \/ SALVIA, ANNA<\/p>\n","protected":false},"featured_media":942206,"template":"","meta":{"_acf_changed":false,"om_disable_all_campaigns":false,"rs_blank_template":"","rs_page_bg_color":"","slide_template_v7":"","inline_featured_image":false,"_monsterinsights_skip_tracking":false,"_monsterinsights_sitenote_active":false,"_monsterinsights_sitenote_note":"","_monsterinsights_sitenote_category":0},"product_brand":[],"product_cat":[131,132,361,362],"product_tag":[],"class_list":{"0":"post-942205","1":"product","2":"type-product","3":"status-publish","4":"has-post-thumbnail","6":"product_cat-contes-per-infants-0-6-anys","7":"product_cat-lectures-per-preadolescents-6-12-anys","8":"product_cat-cuentos-para-ninos-0-6-anos","9":"product_cat-libros-preadolescentes-6-12-anos","11":"first","12":"instock","13":"taxable","14":"shipping-taxable","15":"purchasable","16":"product-type-simple"},"acf":{"autor":"TORR\u00d3N (MENSTRUITA), CRISTINA \/ SALVIA, ANNA","codart":"841951111","libros-coleccion":"FORA DE COL.LECCI\u00d3","ediciones":"1","encuadernacion":"Carton\u00e9","fecha_de_publicacion":"01\/03\/2023","novedad":"1","paginas":"32","subtitulo":"EL MEU PRIMER LLIBRE D'EDUCACI\u00d3 SEXUAL","orden":"0","portada":"0","idioma":"cat","editorial":[{"ID":148657,"post_author":"3","post_date":"2022-10-14 11:59:58","post_date_gmt":"2022-10-14 09:59:58","post_content":"","post_title":"Penguin Kids","post_excerpt":"","post_status":"publish","comment_status":"closed","ping_status":"closed","post_password":"","post_name":"penguin-kids","to_ping":"","pinged":"","post_modified":"2022-10-14 11:59:58","post_modified_gmt":"2022-10-14 09:59:58","post_content_filtered":"","post_parent":0,"guid":"http:\/\/dev.claret.cat\/editorial\/penguin-kids\/","menu_order":0,"post_type":"editorial","post_mime_type":"","comment_count":"0","filter":"raw"}],"autores-libros":[{"ID":150647,"post_author":"3","post_date":"2022-10-14 14:34:38","post_date_gmt":"2022-10-14 12:34:38","post_content":"","post_title":"ANNA SALVIA","post_excerpt":"","post_status":"publish","comment_status":"closed","ping_status":"closed","post_password":"","post_name":"anna-salvia","to_ping":"","pinged":"","post_modified":"2022-10-14 14:34:38","post_modified_gmt":"2022-10-14 12:34:38","post_content_filtered":"","post_parent":0,"guid":"http:\/\/dev.claret.cat\/autor\/anna-salvia\/","menu_order":0,"post_type":"autor","post_mime_type":"","comment_count":"0","filter":"raw"},{"ID":153403,"post_author":"3","post_date":"2022-10-14 14:56:29","post_date_gmt":"2022-10-14 12:56:29","post_content":"","post_title":"CRISTINA TORR\u00d3N (MENSTRUITA)","post_excerpt":"","post_status":"publish","comment_status":"closed","ping_status":"closed","post_password":"","post_name":"cristina-torron-menstruita","to_ping":"","pinged":"","post_modified":"2022-10-14 14:56:29","post_modified_gmt":"2022-10-14 12:56:29","post_content_filtered":"","post_parent":0,"guid":"http:\/\/dev.claret.cat\/autor\/cristina-torron-menstruita\/","menu_order":0,"post_type":"autor","post_mime_type":"","comment_count":"0","filter":"raw"}]},"aioseo_notices":[],"_links":{"self":[{"href":"https:\/\/www.claret.cat\/es\/wp-json\/wp\/v2\/product\/942205","targetHints":{"allow":["GET"]}}],"collection":[{"href":"https:\/\/www.claret.cat\/es\/wp-json\/wp\/v2\/product"}],"about":[{"href":"https:\/\/www.claret.cat\/es\/wp-json\/wp\/v2\/types\/product"}],"wp:featuredmedia":[{"embeddable":true,"href":"https:\/\/www.claret.cat\/es\/wp-json\/wp\/v2\/media\/942206"}],"wp:attachment":[{"href":"https:\/\/www.claret.cat\/es\/wp-json\/wp\/v2\/media?parent=942205"}],"wp:term":[{"taxonomy":"product_brand","embeddable":true,"href":"https:\/\/www.claret.cat\/es\/wp-json\/wp\/v2\/product_brand?post=942205"},{"taxonomy":"product_cat","embeddable":true,"href":"https:\/\/www.claret.cat\/es\/wp-json\/wp\/v2\/product_cat?post=942205"},{"taxonomy":"product_tag","embeddable":true,"href":"https:\/\/www.claret.cat\/es\/wp-json\/wp\/v2\/product_tag?post=942205"}],"curies":[{"name":"wp","href":"https:\/\/api.w.org\/{rel}","templated":true}]}}