{"id":942208,"date":"2023-11-20T16:31:17","date_gmt":"2023-11-20T15:31:17","guid":{"rendered":"https:\/\/www.claret.cat\/llibre\/unicornia-7-un-palacio-de-hielo-9788419650733\/"},"modified":"2025-04-22T20:06:08","modified_gmt":"2025-04-22T18:06:08","slug":"unicornia-7-un-palacio-de-hielo-9788419650733","status":"publish","type":"product","link":"https:\/\/www.claret.cat\/es\/libro\/unicornia-7-un-palacio-de-hielo-9788419650733\/","title":{"rendered":"UNICORNIA 7 &#8211; UN PALACIO DE HIELO"},"content":{"rendered":"<p>UNICORNIA, AVENTURAS CON BRILLI-BRILLI Hoy vamos de excursi\u00f3n al lugar m\u00e1s fr\u00edo e incre\u00edble del universo: \u00a1el Palacio de Hielo de Unicornia! Aqu\u00ed las paredes son de hielo, hay un mont\u00f3n de ping\u00fcinos y puedes volar con unicornios, \u00a1o con renos! Sin duda, este palacio es mejor que el de cualquier princesa. Pero, un momento&#8230; \u00bfd\u00f3nde est\u00e1 todo el mundo? \u00a1Oh, no! \u00a1Nos hemos perdido!\u00bfConseguiremos salir de este l\u00edo? ________________________________________ Escuela, amistad y unicornios en una serie de primeras lecturas llena de magia: -Preciosas y divertidas ilustraciones que acompa\u00f1an la historia en cada p\u00e1gina.-Texto sencillo y entretenido, f\u00e1cil de leer y entender. -Con purpurina (\u00a1s\u00ed, brilli-brilli!) en la cubierta. -Para j\u00f3venes lectores a quienes gusten los unicornios o quieran flotar entre nubes de az\u00facar.-De la autora bestseller Ana Punset, que tambi\u00e9n sue\u00f1a con volar con unicornios. \u00a1Bienvenidos a Unicornia!<\/p>\n","protected":false},"excerpt":{"rendered":"<p>PUNSET, ANA<\/p>\n","protected":false},"featured_media":942209,"template":"","meta":{"_acf_changed":false,"om_disable_all_campaigns":false,"rs_blank_template":"","rs_page_bg_color":"","slide_template_v7":"","inline_featured_image":false,"_monsterinsights_skip_tracking":false,"_monsterinsights_sitenote_active":false,"_monsterinsights_sitenote_note":"","_monsterinsights_sitenote_category":0},"product_brand":[],"product_cat":[132,362],"product_tag":[],"class_list":{"0":"post-942208","1":"product","2":"type-product","3":"status-publish","4":"has-post-thumbnail","6":"product_cat-lectures-per-preadolescents-6-12-anys","7":"product_cat-libros-preadolescentes-6-12-anos","9":"first","10":"instock","11":"taxable","12":"shipping-taxable","13":"purchasable","14":"product-type-simple"},"acf":{"autor":"PUNSET, ANA","codart":"841965073","libros-coleccion":"","ediciones":"1","encuadernacion":"R\u00fastica","fecha_de_publicacion":"01\/11\/2023","novedad":"1","paginas":"116","subtitulo":"","orden":"0","portada":"0","idioma":"spa","editorial":[{"ID":6310,"post_author":"3","post_date":"2022-07-28 17:49:26","post_date_gmt":"2022-07-28 15:49:26","post_content":"","post_title":"MONTENA","post_excerpt":"","post_status":"publish","comment_status":"closed","ping_status":"closed","post_password":"","post_name":"montena","to_ping":"","pinged":"","post_modified":"2022-07-28 17:49:26","post_modified_gmt":"2022-07-28 15:49:26","post_content_filtered":"","post_parent":0,"guid":"http:\/\/dev.claret.cat\/editorial\/montena\/","menu_order":0,"post_type":"editorial","post_mime_type":"","comment_count":"0","filter":"raw"}],"autores-libros":[{"ID":5236,"post_author":"3","post_date":"2022-07-28 17:19:45","post_date_gmt":"2022-07-28 15:19:45","post_content":"","post_title":"ANA PUNSET","post_excerpt":"","post_status":"publish","comment_status":"closed","ping_status":"closed","post_password":"","post_name":"ana-punset","to_ping":"","pinged":"","post_modified":"2022-07-28 17:19:45","post_modified_gmt":"2022-07-28 15:19:45","post_content_filtered":"","post_parent":0,"guid":"http:\/\/dev.claret.cat\/autor\/ana-punset\/","menu_order":0,"post_type":"autor","post_mime_type":"","comment_count":"0","filter":"raw"}],"booktrailer":"","resenas":""},"aioseo_notices":[],"_links":{"self":[{"href":"https:\/\/www.claret.cat\/es\/wp-json\/wp\/v2\/product\/942208","targetHints":{"allow":["GET"]}}],"collection":[{"href":"https:\/\/www.claret.cat\/es\/wp-json\/wp\/v2\/product"}],"about":[{"href":"https:\/\/www.claret.cat\/es\/wp-json\/wp\/v2\/types\/product"}],"wp:featuredmedia":[{"embeddable":true,"href":"https:\/\/www.claret.cat\/es\/wp-json\/wp\/v2\/media\/942209"}],"wp:attachment":[{"href":"https:\/\/www.claret.cat\/es\/wp-json\/wp\/v2\/media?parent=942208"}],"wp:term":[{"taxonomy":"product_brand","embeddable":true,"href":"https:\/\/www.claret.cat\/es\/wp-json\/wp\/v2\/product_brand?post=942208"},{"taxonomy":"product_cat","embeddable":true,"href":"https:\/\/www.claret.cat\/es\/wp-json\/wp\/v2\/product_cat?post=942208"},{"taxonomy":"product_tag","embeddable":true,"href":"https:\/\/www.claret.cat\/es\/wp-json\/wp\/v2\/product_tag?post=942208"}],"curies":[{"name":"wp","href":"https:\/\/api.w.org\/{rel}","templated":true}]}}