{"id":94221,"date":"2022-10-11T22:01:24","date_gmt":"2022-10-11T20:01:24","guid":{"rendered":"http:\/\/dev.claret.cat\/producte\/llicons-del-professor-poca-solta-llico-1-bones-maneres-cata\/"},"modified":"2023-01-28T20:03:08","modified_gmt":"2023-01-28T19:03:08","slug":"llicons-del-professor-poca-solta-llico-1-bones-maneres-cata-9788426146946","status":"publish","type":"product","link":"https:\/\/www.claret.cat\/es\/libro\/llicons-del-professor-poca-solta-llico-1-bones-maneres-cata-9788426146946\/","title":{"rendered":"LLICONS DEL PROFESSOR POCA SOLTA LLICO 1 BONES MANERES CATA"},"content":{"rendered":"<p>Est\u00e0s a punt de rebre la primera lli\u00e7\u00f3 per graduar-te en Totologia. El professor Poca-solta i el seu assistent N\u00famero 13 es disposen a ensenyar-te BONES MANERES.<\/p>\n<p>Gr\u00e0cies al peculiar m\u00e8tode del professor Poca-solta aprendr\u00e0s a comportar-te en societat de la manera m\u00e9s divertida. Per\u00f2 t\u2019advertim que els seus consells i demostracions no s\u00f3n els m\u00e9s apropiats\u2026<\/p>\n<p>El professor Poca-solta t\u00e9 una manera d\u2019ensenyar bastant poc formal. Es dirigeix als seus alumnes com a \u201cesp\u00e8cie de cucs verds i fastigosos\u201d i, per a ensenyar-los bones maneres, els dona consells com, per exemple: per ser distingit cal netejar-se la boca amb la m\u00e0niga de qui tinguem al costat a taula a l\u2019hora de menjar; sempre hem d\u2019assenyalar amb el dit a tot aquell que sigui diferent a nosaltres; o, si volem que ens facin un favor el m\u00e9s r\u00e0pid possible, la millor manera \u00e9s repetir el que volem sense parar fins que l\u2019altre perdi la paci\u00e8ncia.<br \/>El seu discurs \u00e9s tan pol\u00edticament incorrecte que actua com una psicologia inversa terriblement efectiva i divertida per als nens. Per\u00f2 perqu\u00e8 tingui efecte, \u00e9s necessari que els lectors s\u00e0piguen captar la ironia que hi ha rere les paraules del professor, pel que recomanem aquest llibre per a nens de m\u00e9s de 6 anys.<\/p>\n","protected":false},"excerpt":{"rendered":"<p>GRAVEL,ELISE<\/p>\n","protected":false},"featured_media":94222,"template":"","meta":{"_acf_changed":false,"om_disable_all_campaigns":false,"rs_blank_template":"","rs_page_bg_color":"","slide_template_v7":"","inline_featured_image":false,"_monsterinsights_skip_tracking":false,"_monsterinsights_sitenote_active":false,"_monsterinsights_sitenote_note":"","_monsterinsights_sitenote_category":0},"product_brand":[],"product_cat":[132],"product_tag":[],"class_list":{"0":"post-94221","1":"product","2":"type-product","3":"status-publish","4":"has-post-thumbnail","6":"product_cat-lectures-per-preadolescents-6-12-anys","8":"first","9":"instock","10":"taxable","11":"shipping-taxable","12":"purchasable","13":"product-type-simple"},"acf":{"editorial":[{"ID":6226,"post_author":"3","post_date":"2022-07-28 17:47:36","post_date_gmt":"2022-07-28 15:47:36","post_content":"","post_title":"EDITORIAL JUVENTUD","post_excerpt":"","post_status":"publish","comment_status":"closed","ping_status":"closed","post_password":"","post_name":"editorial-juventud","to_ping":"","pinged":"","post_modified":"2022-07-28 17:47:36","post_modified_gmt":"2022-07-28 15:47:36","post_content_filtered":"","post_parent":0,"guid":"http:\/\/dev.claret.cat\/editorial\/editorial-juventud\/","menu_order":0,"post_type":"editorial","post_mime_type":"","comment_count":"0","filter":"raw"}],"autor":"GRAVEL,ELISE","codart":"842614694","libros-coleccion":"Juventud","ediciones":"1","encuadernacion":"Carpeta","fecha_de_publicacion":"01\/03\/2021","novedad":"1","paginas":"0","subtitulo":"","orden":"0","portada":"0","idioma":"cat","autores-libros":[{"ID":154834,"post_author":"3","post_date":"2022-10-14 15:08:01","post_date_gmt":"2022-10-14 13:08:01","post_content":"","post_title":"ELISE GRAVEL","post_excerpt":"","post_status":"publish","comment_status":"closed","ping_status":"closed","post_password":"","post_name":"elise-gravel","to_ping":"","pinged":"","post_modified":"2022-10-14 15:08:01","post_modified_gmt":"2022-10-14 13:08:01","post_content_filtered":"","post_parent":0,"guid":"http:\/\/dev.claret.cat\/autor\/elise-gravel\/","menu_order":0,"post_type":"autor","post_mime_type":"","comment_count":"0","filter":"raw"}]},"aioseo_notices":[],"_links":{"self":[{"href":"https:\/\/www.claret.cat\/es\/wp-json\/wp\/v2\/product\/94221","targetHints":{"allow":["GET"]}}],"collection":[{"href":"https:\/\/www.claret.cat\/es\/wp-json\/wp\/v2\/product"}],"about":[{"href":"https:\/\/www.claret.cat\/es\/wp-json\/wp\/v2\/types\/product"}],"wp:featuredmedia":[{"embeddable":true,"href":"https:\/\/www.claret.cat\/es\/wp-json\/wp\/v2\/media\/94222"}],"wp:attachment":[{"href":"https:\/\/www.claret.cat\/es\/wp-json\/wp\/v2\/media?parent=94221"}],"wp:term":[{"taxonomy":"product_brand","embeddable":true,"href":"https:\/\/www.claret.cat\/es\/wp-json\/wp\/v2\/product_brand?post=94221"},{"taxonomy":"product_cat","embeddable":true,"href":"https:\/\/www.claret.cat\/es\/wp-json\/wp\/v2\/product_cat?post=94221"},{"taxonomy":"product_tag","embeddable":true,"href":"https:\/\/www.claret.cat\/es\/wp-json\/wp\/v2\/product_tag?post=94221"}],"curies":[{"name":"wp","href":"https:\/\/api.w.org\/{rel}","templated":true}]}}