{"id":942217,"date":"2023-11-20T16:32:32","date_gmt":"2023-11-20T15:32:32","guid":{"rendered":"https:\/\/www.claret.cat\/llibre\/el-cas-alaska-sanders-edicio-limitada-9788419394262\/"},"modified":"2026-04-01T14:58:05","modified_gmt":"2026-04-01T12:58:05","slug":"el-cas-alaska-sanders-edicio-limitada-9788419394262","status":"publish","type":"product","link":"https:\/\/www.claret.cat\/es\/libro\/el-cas-alaska-sanders-edicio-limitada-9788419394262\/","title":{"rendered":"EL CAS ALASKA SANDERS (EDICI\u00d3 LIMITADA)"},"content":{"rendered":"<p>Torna l&#8217;addicci\u00f3 liter\u00e0ria m\u00e9s potent esperada per m\u00e9s de 15 milions de lectors: l&#8217;apassionant nova investigaci\u00f3 de Marcus Goldman i el sergent Perry Gahalowood, amb el retorn de Harry Quebert.  \u00abUn tsunami de girs i de cops de volant, un Him\u00e0lia de suspens, un Everest d&#8217;emoci\u00f3\u00bb. RTL \u00abNo hi ha manera de deixar anar l&#8217;\u00faltim t\u00edtol de Jo\u00ebl Dicker (&#8230;). Una aventura apassionant\u00bb. Le Parisien \u00abS\u00e9 qu\u00e8 has fet\u00bb. Aquest missatge, trobat a la butxaca dels pantalons d&#8217;Alaska Sanders, el cad\u00e0ver de la qual va apar\u00e8ixer el 3 d&#8217;abril de 1999 a la vora del llac de Mount Pleasant, una petita localitat de New Hampshire, \u00e9s la clau de la nova i apassionant investigaci\u00f3 que, onze anys despr\u00e9s de posar entre reixes els seus presumptes culpables, torna a reunir l&#8217;escriptor Marcus Goldman i el sergent Perry Gahalowood.A mesura que aniran descobrint qui era realment Alaska Sanders, ressorgiran els fantasmes del passat, i entre ells, especialment, el de Harry Quebert. Una nova intriga liter\u00e0riament addictiva, amb la inconfusible estructura de temps diversos, amb girs de volant imprvistos i un ritme trepidant que s\u00f3n el segell de Jo\u00ebl Dicker, \u00abun fenomen planetari\u00bb (Babelia).La cr\u00edtica n&#8217;ha dit:<br \/>\u00abAl centre de la teranyina, teixida per un Dicker en estat de gr\u00e0cia, aquesta novel\u00b7la demostra que l&#8221;escriptor est\u00e0 m\u00e9s avesat que mai en l&#8217;art de construir un suspens excel\u00b7lent. [&#8230;] Un estil potent que mant\u00e9 un ritme excepcional.\u00bb<br \/>Jean-R\u00e9mi Barland, La Provence \u00abTenim best-seller a la vista\u00bb.<br \/>Lib\u00e9rationNits curtes, despertades dif\u00edcils; no digueu que no us hem avisat: \u00e9s impossible no continuar llegint la nova novel\u00b7la de Dicker. [&#8230;] Amb el mateix talent de sempre, ens retrobem amb els fantasmes del passat i caiem rendits davant una aventura emocionant i gens predictible\u00bb.<br \/>Le Parisien \u00abUna novel\u00b7la meravellosa que ens torna a submergir en l&#8217;univers deHarry Quebert. Una narraci\u00f3 minuciosa i una atmosfera \u00fanica que far\u00e0 les del\u00edcies de tots els lectors\u00bb.<br \/>La Fringale Culturelle \u00abUn thriller que demostra una vegada m\u00e9s que Dicker domina a la perfecci\u00f3 l&#8217;art del suspens. [&#8230;] Amb un estil simple, efectiu i una narraci\u00f3 impecable, aconsegueix mantenir embruixat el lector al llarg de gaireb\u00e9 sis-centes p\u00e0gines. Nou \u00e8xit a la vista!\u00bb.<br \/>A. M., Version Femina \u00abLa llista de premis literaris est\u00e0 ben atenta i amb una actitud expectant la darrera obra de Dicker\u00bb.<br \/>Louis-Henri de La Rochefoucauld, L&#8217;Express \u00abDicker sap de qu\u00e8 parla, i nosaltres, com a lectors, volem tornar a bressolar-nos en aquesta can\u00e7\u00f3 de la qual ja coneixem la tornada. Ens deixem portar amb avidesa fins al cor d&#8217;una investigaci\u00f3 on, molt r\u00e0pidament, no nom\u00e9s cauen les m\u00e0scares, sin\u00f3 que es desvetllen els secrets de cadasc\u00fa, com en una nina russa\u00bb.<br \/>Nathalie Depuis, Elle \u00abArriba el fenomen Dicker. El successor de Stieg Larsson i E. L. James: entreteniment en vena\u00bb.<br \/>Antonio Lozano, La Vanguardia<\/p>\n","protected":false},"excerpt":{"rendered":"<p>DICKER, JO\u00cbL<\/p>\n","protected":false},"featured_media":942284,"template":"","meta":{"_acf_changed":false,"om_disable_all_campaigns":false,"rs_blank_template":"","rs_page_bg_color":"","slide_template_v7":"","inline_featured_image":false,"_monsterinsights_skip_tracking":false,"_monsterinsights_sitenote_active":false,"_monsterinsights_sitenote_note":"","_monsterinsights_sitenote_category":0},"product_brand":[],"product_cat":[127,357],"product_tag":[],"class_list":{"0":"post-942217","1":"product","2":"type-product","3":"status-publish","4":"has-post-thumbnail","6":"product_cat-novella-contemporania","7":"product_cat-novela-contemporanea","9":"first","10":"instock","11":"taxable","12":"shipping-taxable","13":"purchasable","14":"product-type-simple"},"acf":{"autor":"DICKER, JO\u00cbL","codart":"841939426","libros-coleccion":"Narrativa","ediciones":"1","encuadernacion":"R\u00fastica","fecha_de_publicacion":"01\/06\/2023","novedad":"1","paginas":"588","subtitulo":"","orden":"0","portada":"0","idioma":"spa","editorial":[{"ID":147699,"post_author":"3","post_date":"2022-10-14 11:52:34","post_date_gmt":"2022-10-14 09:52:34","post_content":"","post_title":"Debutxaca","post_excerpt":"","post_status":"publish","comment_status":"closed","ping_status":"closed","post_password":"","post_name":"debutxaca","to_ping":"","pinged":"","post_modified":"2022-10-14 11:52:34","post_modified_gmt":"2022-10-14 09:52:34","post_content_filtered":"","post_parent":0,"guid":"http:\/\/dev.claret.cat\/editorial\/debutxaca\/","menu_order":0,"post_type":"editorial","post_mime_type":"","comment_count":"0","filter":"raw"}],"autores-libros":[{"ID":5606,"post_author":"3","post_date":"2022-07-28 17:27:36","post_date_gmt":"2022-07-28 15:27:36","post_content":"","post_title":"JO\u00cbL DICKER","post_excerpt":"","post_status":"publish","comment_status":"closed","ping_status":"closed","post_password":"","post_name":"joel-dicker","to_ping":"","pinged":"","post_modified":"2022-07-28 17:27:36","post_modified_gmt":"2022-07-28 15:27:36","post_content_filtered":"","post_parent":0,"guid":"http:\/\/dev.claret.cat\/autor\/joel-dicker\/","menu_order":0,"post_type":"autor","post_mime_type":"","comment_count":"0","filter":"raw"}],"booktrailer":"","resenas":""},"aioseo_notices":[],"_links":{"self":[{"href":"https:\/\/www.claret.cat\/es\/wp-json\/wp\/v2\/product\/942217","targetHints":{"allow":["GET"]}}],"collection":[{"href":"https:\/\/www.claret.cat\/es\/wp-json\/wp\/v2\/product"}],"about":[{"href":"https:\/\/www.claret.cat\/es\/wp-json\/wp\/v2\/types\/product"}],"wp:featuredmedia":[{"embeddable":true,"href":"https:\/\/www.claret.cat\/es\/wp-json\/wp\/v2\/media\/942284"}],"wp:attachment":[{"href":"https:\/\/www.claret.cat\/es\/wp-json\/wp\/v2\/media?parent=942217"}],"wp:term":[{"taxonomy":"product_brand","embeddable":true,"href":"https:\/\/www.claret.cat\/es\/wp-json\/wp\/v2\/product_brand?post=942217"},{"taxonomy":"product_cat","embeddable":true,"href":"https:\/\/www.claret.cat\/es\/wp-json\/wp\/v2\/product_cat?post=942217"},{"taxonomy":"product_tag","embeddable":true,"href":"https:\/\/www.claret.cat\/es\/wp-json\/wp\/v2\/product_tag?post=942217"}],"curies":[{"name":"wp","href":"https:\/\/api.w.org\/{rel}","templated":true}]}}