{"id":942220,"date":"2023-11-20T16:35:02","date_gmt":"2023-11-20T15:35:02","guid":{"rendered":"https:\/\/www.claret.cat\/llibre\/roma-soc-jo-serie-juli-cesar-1-9788418196768\/"},"modified":"2023-12-19T13:10:23","modified_gmt":"2023-12-19T12:10:23","slug":"roma-soc-jo-serie-juli-cesar-1-9788418196768","status":"publish","type":"product","link":"https:\/\/www.claret.cat\/es\/libro\/roma-soc-jo-serie-juli-cesar-1-9788418196768\/","title":{"rendered":"ROMA SOC JO (S\u00c8RIE JULI C\u00c8SAR 1)"},"content":{"rendered":"<p>DESPR\u00c9S DE JULI C\u00c8SAR, EL M\u00d3N MAI VA TORNAR A SER EL MATEIX.  Si mai hi va haver un home nascut per canviar el curs de la Hist\u00f2ria, aquest va ser Juli C\u00e8sar. La seva llegenda, al cap de vint segles, continua m\u00e9s viva que mai. Roma, any 77 a.C. El cruel senador Dolabel\u00b7la ser\u00e0 jutjat per corrupci\u00f3, per\u00f2 ha contractat els millors advocats, ha comprat el jurat i, a m\u00e9s, \u00e9s conegut per fer servir la viol\u00e8ncia contra tots aquells que s&#8221;hi enfronten. Ning\u00fa s&#8221;atreveix a ser el fiscal, fins que tot d&#8221;una, contra tot pron\u00f2stic, un jove patrici de tan sols vint -i-tres anys accepta portar l&#8221;acusaci\u00f3, defensar el poble de Roma i desafiar el poder de les elits. El nom del desconegut advocat \u00e9s Gai Juli C\u00e8sar. Combinant amb mestratge un exhaustiu rigor hist\u00f2ric i una capacitat narrativa extraordin\u00e0ria, Santiago Posteguillo aconsegueix submergir el lector en el fragor de les batalles i ens mostra la relaci\u00f3 de Juli C\u00e8sar amb el seu oncle Gai Mari, set vegades c\u00f2nsol, el qual el forjar\u00e0 des de petit com a gran estratega militar. A m\u00e9s, reviu l&#8221;apassionada hist\u00f2ria d&#8221;amor de Juli C\u00e8sar amb Corn\u00e8lia, la seva primera esposa, i fa entendre, en definitiva, com van ser els or\u00edgens de l&#8221;home despr\u00e9s del mite. Hi ha personatges que canvien la hist\u00f2ria del m\u00f3n, per\u00f2 tamb\u00e9 hi ha moments que canvien la vida d&#8221;aquests personatges. Roma soc jo \u00e9s el relat dels extraordinaris successos que van marcar el dest\u00ed de C\u00e8sar.<\/p>\n","protected":false},"excerpt":{"rendered":"<p>POSTEGUILLO, SANTIAGO<\/p>\n","protected":false},"featured_media":942221,"template":"","meta":{"_acf_changed":false,"om_disable_all_campaigns":false,"rs_blank_template":"","rs_page_bg_color":"","slide_template_v7":"","inline_featured_image":false,"_monsterinsights_skip_tracking":false,"_monsterinsights_sitenote_active":false,"_monsterinsights_sitenote_note":"","_monsterinsights_sitenote_category":0},"product_brand":[],"product_cat":[130,360],"product_tag":[],"class_list":{"0":"post-942220","1":"product","2":"type-product","3":"status-publish","4":"has-post-thumbnail","6":"product_cat-novella-historica-i-ficcio","7":"product_cat-novela-historica-y-ficcion","9":"first","10":"instock","11":"taxable","12":"shipping-taxable","13":"purchasable","14":"product-type-simple"},"acf":{"autor":"POSTEGUILLO, SANTIAGO","codart":"841819676","libros-coleccion":"","ediciones":"1","encuadernacion":"R\u00fastica","fecha_de_publicacion":"01\/03\/2023","novedad":"1","paginas":"734","subtitulo":"LA VERITABLE HIST\u00d2RIA DE JULI C\u00c8SAR","orden":"0","portada":"0","idioma":"cat","editorial":[{"ID":147699,"post_author":"3","post_date":"2022-10-14 11:52:34","post_date_gmt":"2022-10-14 09:52:34","post_content":"","post_title":"Debutxaca","post_excerpt":"","post_status":"publish","comment_status":"closed","ping_status":"closed","post_password":"","post_name":"debutxaca","to_ping":"","pinged":"","post_modified":"2022-10-14 11:52:34","post_modified_gmt":"2022-10-14 09:52:34","post_content_filtered":"","post_parent":0,"guid":"http:\/\/dev.claret.cat\/editorial\/debutxaca\/","menu_order":0,"post_type":"editorial","post_mime_type":"","comment_count":"0","filter":"raw"}],"autores-libros":[{"ID":6019,"post_author":"3","post_date":"2022-07-28 17:36:26","post_date_gmt":"2022-07-28 15:36:26","post_content":"","post_title":"SANTIAGO POSTEGUILLO","post_excerpt":"","post_status":"publish","comment_status":"closed","ping_status":"closed","post_password":"","post_name":"santiago-posteguillo","to_ping":"","pinged":"","post_modified":"2022-07-28 17:36:26","post_modified_gmt":"2022-07-28 15:36:26","post_content_filtered":"","post_parent":0,"guid":"http:\/\/dev.claret.cat\/autor\/santiago-posteguillo\/","menu_order":0,"post_type":"autor","post_mime_type":"","comment_count":"0","filter":"raw"}]},"aioseo_notices":[],"_links":{"self":[{"href":"https:\/\/www.claret.cat\/es\/wp-json\/wp\/v2\/product\/942220","targetHints":{"allow":["GET"]}}],"collection":[{"href":"https:\/\/www.claret.cat\/es\/wp-json\/wp\/v2\/product"}],"about":[{"href":"https:\/\/www.claret.cat\/es\/wp-json\/wp\/v2\/types\/product"}],"wp:featuredmedia":[{"embeddable":true,"href":"https:\/\/www.claret.cat\/es\/wp-json\/wp\/v2\/media\/942221"}],"wp:attachment":[{"href":"https:\/\/www.claret.cat\/es\/wp-json\/wp\/v2\/media?parent=942220"}],"wp:term":[{"taxonomy":"product_brand","embeddable":true,"href":"https:\/\/www.claret.cat\/es\/wp-json\/wp\/v2\/product_brand?post=942220"},{"taxonomy":"product_cat","embeddable":true,"href":"https:\/\/www.claret.cat\/es\/wp-json\/wp\/v2\/product_cat?post=942220"},{"taxonomy":"product_tag","embeddable":true,"href":"https:\/\/www.claret.cat\/es\/wp-json\/wp\/v2\/product_tag?post=942220"}],"curies":[{"name":"wp","href":"https:\/\/api.w.org\/{rel}","templated":true}]}}