{"id":942232,"date":"2023-11-20T16:40:18","date_gmt":"2023-11-20T15:40:18","guid":{"rendered":"https:\/\/www.claret.cat\/llibre\/mujer-vida-libertad-9788419437495\/"},"modified":"2023-11-20T18:45:28","modified_gmt":"2023-11-20T17:45:28","slug":"mujer-vida-libertad-9788419437495","status":"publish","type":"product","link":"https:\/\/www.claret.cat\/es\/libro\/mujer-vida-libertad-9788419437495\/","title":{"rendered":"MUJER VIDA LIBERTAD"},"content":{"rendered":"<p>Vuelve Marjane Satrapi, con un volumen colectivo de no ficci\u00f3n gr\u00e1fica que conmemora el inicio de la revoluci\u00f3n del velo en Ir\u00e1n. JOANN SFAR . COCO . MANA NEYESTANI<br \/>CATEL . PASCAL RABAT\u00c9 . PATRICIA BOLA\u00d1OS<br \/>PACOROCA . BAHAREH AKRAMI . HIPPOLYTE<br \/>SHABNAM ADIBAN . LEWIS TRONDHEIM . DELOUPY<br \/>TOUKA NEYESTANI . BEE . WINSHLUSS<br \/>NICOLAS WILD . HAMOUN El 16 de septiembre de 2022, en Ir\u00e1n, Mahsa Amini sucumbi\u00f3 ante los golpes propinados por la polic\u00eda de la moral por no llevar bien el velo. Su muerte levant\u00f3 una ola de protestas por todo el pa\u00eds que se ha convertido en un movimiento feminista sin precedentes. Con el fin de narrar este acontecimiento fundamental para Ir\u00e1n y para todas nosotras y todos nosotros, Marjane Satrapi ha reunido a tres especialistas: el polit\u00f3logo Farid Vahid, el reportero Jean-Pierre Perrin y el historiador Abbas Milani, a los que se suman diecisiete de los mejores talentos del c\u00f3mic.La cr\u00edtica ha dicho:<br \/>\u00abUna obra did\u00e1ctica, editada con sumo cuidado y que sabe conmover\u00bb.<br \/>L&#8221;Obs \u00abUn libro que pone de relieve a las personas corrientes que heroicamente construyen la historia de una revoluci\u00f3n\u00bb.<br \/>Elle \u00abLa revuelta iran\u00ed en dibujos\u00bb.<br \/>Le MondeSobre Marjane Satrapi se ha dicho:<br \/>\u00abSatrapi se ha convertido en un s\u00edmbolo de la lucha contra las injusticias y las barbaries del integrismo isl\u00e1mico\u00bb.<br \/>Qu\u00e9 leer \u00abSu esp\u00edritu atrevido e innovador es el motor de la actual renovaci\u00f3n del c\u00f3mic\u00bb.<br \/>El Pa\u00eds Satrapi retrata con elocuencia la bancarrota moral de cualquier dogma pol\u00edtico o religioso; nos ense\u00f1a c\u00f3mo acosa, c\u00f3mo asesina y c\u00f3mo debe ser ridiculizado por rebeliones individuales del esp\u00edritu y el intelecto\u00bb.<br \/>Zadie Smith \u00abNo puedo dejar de ensalzarla\u00bb.<br \/>Joe Sacco \u00abSatrapi sigue ampliando las fronteras de su obra. [&#8230;] Es la Colette iran\u00ed\u00bb.<br \/>San Francisco Chronicle \u00abLos dibujos de Satrapi, enga\u00f1osamente simples y destacadamente poderosos, son la compa\u00f1\u00eda perfecta para su prosa precisa pero flexible, que a su vez sirve para encarnar sus variados papeles en esta obra: educadora, folklorista y nieta.\u00bb.<br \/>The New Yorker \u00abLeer a Satrapi es una sorpresa y un gozo, nos trae la ilusi\u00f3n por descubrir una voz [&#8230;] con la sabidur\u00eda de los viejos maestros\u00bb.<br \/>The Washington Post<\/p>\n","protected":false},"excerpt":{"rendered":"<p>SATRAPI, MARJANE<\/p>\n","protected":false},"featured_media":942294,"template":"","meta":{"_acf_changed":false,"om_disable_all_campaigns":false,"rs_blank_template":"","rs_page_bg_color":"","slide_template_v7":"","inline_featured_image":false,"_monsterinsights_skip_tracking":false,"_monsterinsights_sitenote_active":false,"_monsterinsights_sitenote_note":"","_monsterinsights_sitenote_category":0},"product_brand":[],"product_cat":[108,558],"product_tag":[],"class_list":{"0":"post-942232","1":"product","2":"type-product","3":"status-publish","4":"has-post-thumbnail","6":"product_cat-comic","7":"product_cat-comic-3_infantil-juvenil-spa-spa","9":"first","10":"instock","11":"taxable","12":"shipping-taxable","13":"purchasable","14":"product-type-simple"},"acf":{"autor":"SATRAPI, MARJANE","codart":"841943749","libros-coleccion":"RESERVOIR GR\u00c1FICA","ediciones":"1","encuadernacion":"Carton\u00e9","fecha_de_publicacion":"01\/11\/2023","novedad":"1","paginas":"271","subtitulo":"","orden":"0","portada":"0","idioma":"spa","editorial":[{"ID":148749,"post_author":"3","post_date":"2022-10-14 12:00:41","post_date_gmt":"2022-10-14 10:00:41","post_content":"","post_title":"RESERVOIR BOOKS","post_excerpt":"","post_status":"publish","comment_status":"closed","ping_status":"closed","post_password":"","post_name":"reservoir-books","to_ping":"","pinged":"","post_modified":"2022-10-14 12:00:41","post_modified_gmt":"2022-10-14 10:00:41","post_content_filtered":"","post_parent":0,"guid":"http:\/\/dev.claret.cat\/editorial\/reservoir-books\/","menu_order":0,"post_type":"editorial","post_mime_type":"","comment_count":"0","filter":"raw"}],"autores-libros":[{"ID":164054,"post_author":"3","post_date":"2022-10-14 17:43:59","post_date_gmt":"2022-10-14 15:43:59","post_content":"","post_title":"MARJANE SATRAPI","post_excerpt":"","post_status":"publish","comment_status":"closed","ping_status":"closed","post_password":"","post_name":"marjane-satrapi","to_ping":"","pinged":"","post_modified":"2022-10-14 17:43:59","post_modified_gmt":"2022-10-14 15:43:59","post_content_filtered":"","post_parent":0,"guid":"http:\/\/dev.claret.cat\/autor\/marjane-satrapi\/","menu_order":0,"post_type":"autor","post_mime_type":"","comment_count":"0","filter":"raw"}]},"aioseo_notices":[],"_links":{"self":[{"href":"https:\/\/www.claret.cat\/es\/wp-json\/wp\/v2\/product\/942232","targetHints":{"allow":["GET"]}}],"collection":[{"href":"https:\/\/www.claret.cat\/es\/wp-json\/wp\/v2\/product"}],"about":[{"href":"https:\/\/www.claret.cat\/es\/wp-json\/wp\/v2\/types\/product"}],"wp:featuredmedia":[{"embeddable":true,"href":"https:\/\/www.claret.cat\/es\/wp-json\/wp\/v2\/media\/942294"}],"wp:attachment":[{"href":"https:\/\/www.claret.cat\/es\/wp-json\/wp\/v2\/media?parent=942232"}],"wp:term":[{"taxonomy":"product_brand","embeddable":true,"href":"https:\/\/www.claret.cat\/es\/wp-json\/wp\/v2\/product_brand?post=942232"},{"taxonomy":"product_cat","embeddable":true,"href":"https:\/\/www.claret.cat\/es\/wp-json\/wp\/v2\/product_cat?post=942232"},{"taxonomy":"product_tag","embeddable":true,"href":"https:\/\/www.claret.cat\/es\/wp-json\/wp\/v2\/product_tag?post=942232"}],"curies":[{"name":"wp","href":"https:\/\/api.w.org\/{rel}","templated":true}]}}