{"id":94224,"date":"2022-10-11T22:01:26","date_gmt":"2022-10-11T20:01:26","guid":{"rendered":"http:\/\/dev.claret.cat\/producte\/lecciones-del-profesor-tarambana-1-modales\/"},"modified":"2023-07-21T16:16:58","modified_gmt":"2023-07-21T14:16:58","slug":"lecciones-del-profesor-tarambana-1-modales-9788426146939","status":"publish","type":"product","link":"https:\/\/www.claret.cat\/es\/libro\/lecciones-del-profesor-tarambana-1-modales-9788426146939\/","title":{"rendered":"LECCIONES DEL PROFESOR TARAMBANA 1 MODALES"},"content":{"rendered":"<p>Est\u00e1s a punto de recibir la primera lecci\u00f3n para graduarte en Todolog\u00eda. El profesor Tarambana y su asistente N\u00famero 13 se disponen a ense\u00f1arte BUENOS MODALES.<\/p>\n<p>\u00a1Gracias al peculiar m\u00e9todo de aprendizaje del profesor Tarambana aprender\u00e1s a comportarte en sociedad de la manera m\u00e1s divertida! Pero te advertimos que sus consejos y demostraciones no son los m\u00e1s apropiados\u2026<\/p>\n<p>El profesor Tarambana tiene una manera de ense\u00f1ar bastante poco formal. Se dirige a sus alumnos como \u201cespecie de gusanos verdes y asquerosos\u201d y, para ense\u00f1arles modales, les da consejos como, por ejemplo: es un s\u00edmbolo de distinci\u00f3n limpiarse la boca con la manga de quien tengamos al lado en la mesa a la hora de comer; siempre debemos se\u00f1alar con el dedo a todo aquel que sea diferente a nosotros; o, si queremos que nos hagan un favor lo m\u00e1s r\u00e1pido posible, la mejor manera es repetir lo que queremos sin parar hasta que el otro pierda la paciencia\u2026<br \/>Su discurso es tan pol\u00edticamente incorrecto que act\u00faa como una psicolog\u00eda inversa terriblemente efectiva y divertida para los ni\u00f1os. Pero para que funcione, es necesario que los lectores sepan captar la iron\u00eda tras las palabras del profesor, por lo que recomendamos este libro para ni\u00f1os de m\u00e1s de 6 a\u00f1os.<\/p>\n","protected":false},"excerpt":{"rendered":"<p>GRAVEL,ELISE<\/p>\n","protected":false},"featured_media":452945,"template":"","meta":{"_acf_changed":false,"om_disable_all_campaigns":false,"rs_blank_template":"","rs_page_bg_color":"","slide_template_v7":"","inline_featured_image":false,"_monsterinsights_skip_tracking":false,"_monsterinsights_sitenote_active":false,"_monsterinsights_sitenote_note":"","_monsterinsights_sitenote_category":0},"product_brand":[],"product_cat":[132,362],"product_tag":[],"class_list":{"0":"post-94224","1":"product","2":"type-product","3":"status-publish","4":"has-post-thumbnail","6":"product_cat-lectures-per-preadolescents-6-12-anys","7":"product_cat-libros-preadolescentes-6-12-anos","9":"first","10":"instock","11":"taxable","12":"shipping-taxable","13":"purchasable","14":"product-type-simple"},"acf":{"editorial":[{"ID":6226,"post_author":"3","post_date":"2022-07-28 17:47:36","post_date_gmt":"2022-07-28 15:47:36","post_content":"","post_title":"EDITORIAL JUVENTUD","post_excerpt":"","post_status":"publish","comment_status":"closed","ping_status":"closed","post_password":"","post_name":"editorial-juventud","to_ping":"","pinged":"","post_modified":"2022-07-28 17:47:36","post_modified_gmt":"2022-07-28 15:47:36","post_content_filtered":"","post_parent":0,"guid":"http:\/\/dev.claret.cat\/editorial\/editorial-juventud\/","menu_order":0,"post_type":"editorial","post_mime_type":"","comment_count":"0","filter":"raw"}],"autor":"GRAVEL,ELISE","codart":"842614693","libros-coleccion":"Juventud","ediciones":"1","encuadernacion":"Carpeta","fecha_de_publicacion":"01\/02\/2021","novedad":"1","paginas":"0","subtitulo":"","orden":"0","portada":"0","idioma":"spa","autores-libros":[{"ID":154834,"post_author":"3","post_date":"2022-10-14 15:08:01","post_date_gmt":"2022-10-14 13:08:01","post_content":"","post_title":"ELISE GRAVEL","post_excerpt":"","post_status":"publish","comment_status":"closed","ping_status":"closed","post_password":"","post_name":"elise-gravel","to_ping":"","pinged":"","post_modified":"2022-10-14 15:08:01","post_modified_gmt":"2022-10-14 13:08:01","post_content_filtered":"","post_parent":0,"guid":"http:\/\/dev.claret.cat\/autor\/elise-gravel\/","menu_order":0,"post_type":"autor","post_mime_type":"","comment_count":"0","filter":"raw"}]},"aioseo_notices":[],"_links":{"self":[{"href":"https:\/\/www.claret.cat\/es\/wp-json\/wp\/v2\/product\/94224","targetHints":{"allow":["GET"]}}],"collection":[{"href":"https:\/\/www.claret.cat\/es\/wp-json\/wp\/v2\/product"}],"about":[{"href":"https:\/\/www.claret.cat\/es\/wp-json\/wp\/v2\/types\/product"}],"wp:featuredmedia":[{"embeddable":true,"href":"https:\/\/www.claret.cat\/es\/wp-json\/wp\/v2\/media\/452945"}],"wp:attachment":[{"href":"https:\/\/www.claret.cat\/es\/wp-json\/wp\/v2\/media?parent=94224"}],"wp:term":[{"taxonomy":"product_brand","embeddable":true,"href":"https:\/\/www.claret.cat\/es\/wp-json\/wp\/v2\/product_brand?post=94224"},{"taxonomy":"product_cat","embeddable":true,"href":"https:\/\/www.claret.cat\/es\/wp-json\/wp\/v2\/product_cat?post=94224"},{"taxonomy":"product_tag","embeddable":true,"href":"https:\/\/www.claret.cat\/es\/wp-json\/wp\/v2\/product_tag?post=94224"}],"curies":[{"name":"wp","href":"https:\/\/api.w.org\/{rel}","templated":true}]}}