{"id":942253,"date":"2023-11-20T16:46:21","date_gmt":"2023-11-20T15:46:21","guid":{"rendered":"https:\/\/www.claret.cat\/llibre\/my-little-pony-recopilatorio-de-cuentos-cuentos-de-5-minutos-para-antes-de-do-9788448867232\/"},"modified":"2023-11-30T11:20:47","modified_gmt":"2023-11-30T10:20:47","slug":"my-little-pony-recopilatorio-de-cuentos-cuentos-de-5-minutos-para-antes-de-do-9788448867232","status":"publish","type":"product","link":"https:\/\/www.claret.cat\/es\/libro\/my-little-pony-recopilatorio-de-cuentos-cuentos-de-5-minutos-para-antes-de-do-9788448867232\/","title":{"rendered":"MY LITTLE PONY. RECOPILATORIO DE CUENTOS &#8211; CUENTOS DE 5 MINUTOS PARA ANTES DE DO"},"content":{"rendered":"<p>\u00a1Cuentos de 5 minutos! Un recopilatorio de 7 cuentos de tus ponis favoritos de MY LITTLE PONY. Cuentos llenos de magia y aventura para leer en voz alta antes de ir a dormir. \u00a1La lectura perfecta para el final del d\u00eda! Con esta selecci\u00f3n de cuentos para leer en cinco minutos, protagonizados por Sunny, Izzy, Zipp, Hitch y muchos m\u00e1s personajes del universo My Little Pony, podemos decir que s\u00ed y leer uno m\u00e1s siempre que nos lo pidan porque estos cuentos EST\u00c1N PENSADOS PARA SER LE\u00cdDOS EN VOZ ALTA EN TAN SOLO 5 MINUTOS. Sietes historias para vivir m\u00e1gicas aventuras en Bah\u00eda Yeguamar con tus ponis favoritos. Los cuentos breves de la colecci\u00f3n \u00abMy Little Pony. Recopilatorio de cuentos\u00bb son la mejor opci\u00f3n para leer en familia, y no hay mejor compa\u00f1\u00eda para hacerlo que con los ponis de My Little Pony, la serie que triunfa en Netflix.<\/p>\n","protected":false},"excerpt":{"rendered":"<p>HASBRO<\/p>\n","protected":false},"featured_media":942261,"template":"","meta":{"_acf_changed":false,"om_disable_all_campaigns":false,"rs_blank_template":"","rs_page_bg_color":"","slide_template_v7":"","inline_featured_image":false,"_monsterinsights_skip_tracking":false,"_monsterinsights_sitenote_active":false,"_monsterinsights_sitenote_note":"","_monsterinsights_sitenote_category":0},"product_brand":[],"product_cat":[132,362],"product_tag":[],"class_list":{"0":"post-942253","1":"product","2":"type-product","3":"status-publish","4":"has-post-thumbnail","6":"product_cat-lectures-per-preadolescents-6-12-anys","7":"product_cat-libros-preadolescentes-6-12-anos","9":"first","10":"instock","11":"taxable","12":"shipping-taxable","13":"purchasable","14":"product-type-simple"},"acf":{"autor":"HASBRO","codart":"844886723","libros-coleccion":"","ediciones":"1","encuadernacion":"Carton\u00e9","fecha_de_publicacion":"01\/11\/2023","novedad":"1","paginas":"67","subtitulo":"","orden":"0","portada":"0","idioma":"spa","editorial":[{"ID":6141,"post_author":"3","post_date":"2022-07-28 17:45:46","post_date_gmt":"2022-07-28 15:45:46","post_content":"","post_title":"BEASCOA","post_excerpt":"","post_status":"publish","comment_status":"closed","ping_status":"closed","post_password":"","post_name":"beascoa","to_ping":"","pinged":"","post_modified":"2022-07-28 17:45:46","post_modified_gmt":"2022-07-28 15:45:46","post_content_filtered":"","post_parent":0,"guid":"http:\/\/dev.claret.cat\/editorial\/beascoa\/","menu_order":0,"post_type":"editorial","post_mime_type":"","comment_count":"0","filter":"raw"}],"autores-libros":[{"ID":410657,"post_author":"3","post_date":"2023-03-06 19:41:16","post_date_gmt":"2023-03-06 18:41:16","post_content":"","post_title":"HASBRO","post_excerpt":"","post_status":"publish","comment_status":"closed","ping_status":"closed","post_password":"","post_name":"hasbro-2","to_ping":"","pinged":"","post_modified":"2023-03-06 19:41:16","post_modified_gmt":"2023-03-06 18:41:16","post_content_filtered":"","post_parent":0,"guid":"https:\/\/www.claret.cat\/autor\/hasbro-2\/","menu_order":0,"post_type":"autor","post_mime_type":"","comment_count":"0","filter":"raw"}]},"aioseo_notices":[],"_links":{"self":[{"href":"https:\/\/www.claret.cat\/es\/wp-json\/wp\/v2\/product\/942253","targetHints":{"allow":["GET"]}}],"collection":[{"href":"https:\/\/www.claret.cat\/es\/wp-json\/wp\/v2\/product"}],"about":[{"href":"https:\/\/www.claret.cat\/es\/wp-json\/wp\/v2\/types\/product"}],"wp:featuredmedia":[{"embeddable":true,"href":"https:\/\/www.claret.cat\/es\/wp-json\/wp\/v2\/media\/942261"}],"wp:attachment":[{"href":"https:\/\/www.claret.cat\/es\/wp-json\/wp\/v2\/media?parent=942253"}],"wp:term":[{"taxonomy":"product_brand","embeddable":true,"href":"https:\/\/www.claret.cat\/es\/wp-json\/wp\/v2\/product_brand?post=942253"},{"taxonomy":"product_cat","embeddable":true,"href":"https:\/\/www.claret.cat\/es\/wp-json\/wp\/v2\/product_cat?post=942253"},{"taxonomy":"product_tag","embeddable":true,"href":"https:\/\/www.claret.cat\/es\/wp-json\/wp\/v2\/product_tag?post=942253"}],"curies":[{"name":"wp","href":"https:\/\/api.w.org\/{rel}","templated":true}]}}