{"id":942336,"date":"2023-11-21T12:35:14","date_gmt":"2023-11-21T11:35:14","guid":{"rendered":"https:\/\/www.claret.cat\/llibre\/acontece-que-no-es-poco-9788413847108\/"},"modified":"2023-11-21T12:35:49","modified_gmt":"2023-11-21T11:35:49","slug":"acontece-que-no-es-poco-9788413847108","status":"publish","type":"product","link":"https:\/\/www.claret.cat\/es\/libro\/acontece-que-no-es-poco-9788413847108\/","title":{"rendered":"ACONTECE QUE NO ES POCO"},"content":{"rendered":"<p>Papas que ya no se mueren como dios manda, reyes que se cre\u00edan ranas, pr\u00edncipes de inc\u00f3gnito por Madrid, cocineros desesperados, monjas farsantes, diputados espiritistas? De todo hay en este nuevo compendio de aconteceres narrados con el punto de vista \u00fanico y divertid\u00edsimo de Nieves Concostrina, desde un premio Nobel de rebote, a un marqu\u00e9s desenterrado o una invasi\u00f3n de v\u00edrgenes. Porque la Historia, adem\u00e1s de amena, se puede contar con mucho mucho humor.<\/p>\n","protected":false},"excerpt":{"rendered":"<p>CONCOSTRINA, NIEVES<\/p>\n","protected":false},"featured_media":942337,"template":"","meta":{"_acf_changed":false,"om_disable_all_campaigns":false,"rs_blank_template":"","rs_page_bg_color":"","slide_template_v7":"","inline_featured_image":false,"_monsterinsights_skip_tracking":false,"_monsterinsights_sitenote_active":false,"_monsterinsights_sitenote_note":"","_monsterinsights_sitenote_category":0},"product_brand":[],"product_cat":[157,370],"product_tag":[],"class_list":{"0":"post-942336","1":"product","2":"type-product","3":"status-publish","4":"has-post-thumbnail","6":"product_cat-investigacio-i-corrents","7":"product_cat-investigacion-y-corrientes","9":"first","10":"instock","11":"taxable","12":"shipping-taxable","13":"purchasable","14":"product-type-simple"},"acf":{"autor":"CONCOSTRINA, NIEVES","codart":"841384710","libros-coleccion":"Historia","ediciones":"1","encuadernacion":"R\u00fastica","fecha_de_publicacion":"01\/11\/2023","novedad":"1","paginas":"395","subtitulo":"","orden":"0","portada":"0","idioma":"spa","editorial":[{"ID":6277,"post_author":"3","post_date":"2022-07-28 17:48:44","post_date_gmt":"2022-07-28 15:48:44","post_content":"","post_title":"LA ESFERA DE LOS LIBROS","post_excerpt":"","post_status":"publish","comment_status":"closed","ping_status":"closed","post_password":"","post_name":"la-esfera-de-los-libros","to_ping":"","pinged":"","post_modified":"2022-07-28 17:48:44","post_modified_gmt":"2022-07-28 15:48:44","post_content_filtered":"","post_parent":0,"guid":"http:\/\/dev.claret.cat\/editorial\/la-esfera-de-los-libros\/","menu_order":0,"post_type":"editorial","post_mime_type":"","comment_count":"0","filter":"raw"}],"autores-libros":[{"ID":165859,"post_author":"3","post_date":"2022-10-14 17:58:30","post_date_gmt":"2022-10-14 15:58:30","post_content":"","post_title":"NIEVES CONCOSTRINA","post_excerpt":"","post_status":"publish","comment_status":"closed","ping_status":"closed","post_password":"","post_name":"nieves-concostrina","to_ping":"","pinged":"","post_modified":"2022-10-14 17:58:30","post_modified_gmt":"2022-10-14 15:58:30","post_content_filtered":"","post_parent":0,"guid":"http:\/\/dev.claret.cat\/autor\/nieves-concostrina\/","menu_order":0,"post_type":"autor","post_mime_type":"","comment_count":"0","filter":"raw"}]},"aioseo_notices":[],"_links":{"self":[{"href":"https:\/\/www.claret.cat\/es\/wp-json\/wp\/v2\/product\/942336","targetHints":{"allow":["GET"]}}],"collection":[{"href":"https:\/\/www.claret.cat\/es\/wp-json\/wp\/v2\/product"}],"about":[{"href":"https:\/\/www.claret.cat\/es\/wp-json\/wp\/v2\/types\/product"}],"wp:featuredmedia":[{"embeddable":true,"href":"https:\/\/www.claret.cat\/es\/wp-json\/wp\/v2\/media\/942337"}],"wp:attachment":[{"href":"https:\/\/www.claret.cat\/es\/wp-json\/wp\/v2\/media?parent=942336"}],"wp:term":[{"taxonomy":"product_brand","embeddable":true,"href":"https:\/\/www.claret.cat\/es\/wp-json\/wp\/v2\/product_brand?post=942336"},{"taxonomy":"product_cat","embeddable":true,"href":"https:\/\/www.claret.cat\/es\/wp-json\/wp\/v2\/product_cat?post=942336"},{"taxonomy":"product_tag","embeddable":true,"href":"https:\/\/www.claret.cat\/es\/wp-json\/wp\/v2\/product_tag?post=942336"}],"curies":[{"name":"wp","href":"https:\/\/api.w.org\/{rel}","templated":true}]}}