{"id":942340,"date":"2023-11-21T12:50:03","date_gmt":"2023-11-21T11:50:03","guid":{"rendered":"https:\/\/www.claret.cat\/llibre\/dona-vida-llibertat-9788419523129\/"},"modified":"2024-01-03T18:15:17","modified_gmt":"2024-01-03T17:15:17","slug":"dona-vida-llibertat-9788419523129","status":"publish","type":"product","link":"https:\/\/www.claret.cat\/es\/libro\/dona-vida-llibertat-9788419523129\/","title":{"rendered":"DONA VIDA LLIBERTAT"},"content":{"rendered":"<p>Mahsa Jina Amini va n\u00e9ixer l&#8217;any 2000 a Saqqez, a la prov\u00edncia del Kurdistan, al nord de l&#8217;Iran. En el transcurs d&#8217;un viatge a Teheran amb el seu germ\u00e0 per visitar uns familiars, va ser detinguda per la policia de la moral per no dur \u00abb\u00e9\u00bb el vel. Mahsa Amini va rebre cops al cap amb tanta for\u00e7a que va entrar en coma i tres dies despr\u00e9s va morir a l&#8217;hospital. Era 16 de setembre del 2022 i la seva mort va ser el tret d&#8217;inici d&#8217;una onada de protestes arreu del pa\u00eds que ha esdevingut una revoluci\u00f3 feminista sense precedents. Aquest \u00e9s un dels cap\u00edtols d&#8217;una obra col\u00b7lectiva que fa un recorregut per la hist\u00f2ria recent d&#8217;Iran. Sota la direcci\u00f3 de la reconegud\u00edssima Marjane Satrapi, els autors i autores d&#8217;aquest compendi ens acompanyen, a trav\u00e9s de les seves historietes, a fixar la mirada en els diversos interrogants d&#8221;aquesta revoluci\u00f3 contempor\u00e0nia. Qui mana a l&#8217;Iran? Com opera la censura? Qu\u00e8 implica manifestar-se en contra del r\u00e8gim en l&#8217;actualitat? Quina \u00e9s la realitat a la pres\u00f3 d&#8217;Evin, que congrega manifestants, artistes i presoners pol\u00edtics? Com actua la di\u00e0spora iraniana? Qu\u00e8 implica aquesta revoluci\u00f3? Per qu\u00e8 segueix vigent avui dia el crit Dona Vida Llibertat?<\/p>\n","protected":false},"excerpt":{"rendered":"<p>SATRAPI, MARJANE<\/p>\n","protected":false},"featured_media":942341,"template":"","meta":{"_acf_changed":false,"om_disable_all_campaigns":false,"rs_blank_template":"","rs_page_bg_color":"","slide_template_v7":"","inline_featured_image":false,"_monsterinsights_skip_tracking":false,"_monsterinsights_sitenote_active":false,"_monsterinsights_sitenote_note":"","_monsterinsights_sitenote_category":0},"product_brand":[],"product_cat":[108,558],"product_tag":[],"class_list":{"0":"post-942340","1":"product","2":"type-product","3":"status-publish","4":"has-post-thumbnail","6":"product_cat-comic","7":"product_cat-comic-3_infantil-juvenil-spa-spa","9":"first","10":"instock","11":"taxable","12":"shipping-taxable","13":"purchasable","14":"product-type-simple"},"acf":{"autor":"SATRAPI, MARJANE","codart":"841952312","libros-coleccion":"","ediciones":"1","encuadernacion":"R\u00fastica","fecha_de_publicacion":"01\/11\/2023","novedad":"1","paginas":"278","subtitulo":"","orden":"0","portada":"0","idioma":"cat","editorial":[{"ID":147976,"post_author":"3","post_date":"2022-10-14 11:54:41","post_date_gmt":"2022-10-14 09:54:41","post_content":"","post_title":"Editorial Finestres","post_excerpt":"","post_status":"publish","comment_status":"closed","ping_status":"closed","post_password":"","post_name":"editorial-finestres","to_ping":"","pinged":"","post_modified":"2022-10-14 11:54:41","post_modified_gmt":"2022-10-14 09:54:41","post_content_filtered":"","post_parent":0,"guid":"http:\/\/dev.claret.cat\/editorial\/editorial-finestres\/","menu_order":0,"post_type":"editorial","post_mime_type":"","comment_count":"0","filter":"raw"}],"autores-libros":[{"ID":164054,"post_author":"3","post_date":"2022-10-14 17:43:59","post_date_gmt":"2022-10-14 15:43:59","post_content":"","post_title":"MARJANE SATRAPI","post_excerpt":"","post_status":"publish","comment_status":"closed","ping_status":"closed","post_password":"","post_name":"marjane-satrapi","to_ping":"","pinged":"","post_modified":"2022-10-14 17:43:59","post_modified_gmt":"2022-10-14 15:43:59","post_content_filtered":"","post_parent":0,"guid":"http:\/\/dev.claret.cat\/autor\/marjane-satrapi\/","menu_order":0,"post_type":"autor","post_mime_type":"","comment_count":"0","filter":"raw"}]},"aioseo_notices":[],"_links":{"self":[{"href":"https:\/\/www.claret.cat\/es\/wp-json\/wp\/v2\/product\/942340","targetHints":{"allow":["GET"]}}],"collection":[{"href":"https:\/\/www.claret.cat\/es\/wp-json\/wp\/v2\/product"}],"about":[{"href":"https:\/\/www.claret.cat\/es\/wp-json\/wp\/v2\/types\/product"}],"wp:featuredmedia":[{"embeddable":true,"href":"https:\/\/www.claret.cat\/es\/wp-json\/wp\/v2\/media\/942341"}],"wp:attachment":[{"href":"https:\/\/www.claret.cat\/es\/wp-json\/wp\/v2\/media?parent=942340"}],"wp:term":[{"taxonomy":"product_brand","embeddable":true,"href":"https:\/\/www.claret.cat\/es\/wp-json\/wp\/v2\/product_brand?post=942340"},{"taxonomy":"product_cat","embeddable":true,"href":"https:\/\/www.claret.cat\/es\/wp-json\/wp\/v2\/product_cat?post=942340"},{"taxonomy":"product_tag","embeddable":true,"href":"https:\/\/www.claret.cat\/es\/wp-json\/wp\/v2\/product_tag?post=942340"}],"curies":[{"name":"wp","href":"https:\/\/api.w.org\/{rel}","templated":true}]}}