{"id":942474,"date":"2023-11-21T16:50:17","date_gmt":"2023-11-21T15:50:17","guid":{"rendered":"https:\/\/www.claret.cat\/llibre\/los-once-6-el-penalti-fantasma-9788408275510\/"},"modified":"2025-04-23T18:10:18","modified_gmt":"2025-04-23T16:10:18","slug":"los-once-6-el-penalti-fantasma-9788408275510","status":"publish","type":"product","link":"https:\/\/www.claret.cat\/es\/libro\/los-once-6-el-penalti-fantasma-9788408275510\/","title":{"rendered":"LOS ONCE 6. EL PENALTI FANTASMA"},"content":{"rendered":"<p>De d\u00eda juegan al f\u00fatbol, de noche son superh\u00e9roesLa rivalidad entre los pueblos de Nakatomi, Par\u00eds y U\u00f1a los lleva a disputar el Torneo de las Mascotas, un campeonato de f\u00fatbol muy especial \u00a1en el que cada equipo participa con un animal en el campo!<br \/> Mientras, una plaga de mapaches azota la regi\u00f3n. Y Ruth, la m\u00e1xima goleadora del Estrella Polar, \u00a1de pronto es incapaz de marcar!<br \/> \u00bfQu\u00e9 est\u00e1 ocurriendo? \u00bfC\u00f3mo frenar esta plaga? Y \u00bfc\u00f3mo meterle un gol al nuevo portero rival, que parece imbatible?<br \/> La Leyenda del Penalti Fantasma podr\u00eda tener todas las respuestas.<br \/> \u00bfPor qu\u00e9 leer Los Once?<\/p>\n<p> Historias que divierten y enganchan.<br \/> Superh\u00e9roes, futbol, humor, aventura y amistad.<br \/> Una narrativa que forma en valores.<br \/> Historias autoconclusivas.<br \/> Posibilidad de seguir leyendo las otras colecciones de Superh\u00e9roes.<\/p>\n<p> Una serie perfecta para los fans de:<\/p>\n<p> Los Gamers Piratas<br \/> Las Princesas Rebeldes <br \/> Escuadr\u00f3n K<\/p>\n<p> G\u00e9neros<\/p>\n<p> Acci\u00f3n y aventura<br \/> Misterios y superh\u00e9roes<br \/> Empoderamiento y c\u00f3mic<br \/> Humor y diversi\u00f3n<br \/> Deporte<\/p>\n<p> Descubre el universo de Superh\u00e9roes de Roberto Santiago<\/p>\n","protected":false},"excerpt":{"rendered":"<p>SANTIAGO, ROBERTO \/ SANTOS MOLINA, EDUARDO DE LOS<\/p>\n","protected":false},"featured_media":942475,"template":"","meta":{"_acf_changed":false,"om_disable_all_campaigns":false,"rs_blank_template":"","rs_page_bg_color":"","slide_template_v7":"","inline_featured_image":false,"_monsterinsights_skip_tracking":false,"_monsterinsights_sitenote_active":false,"_monsterinsights_sitenote_note":"","_monsterinsights_sitenote_category":0},"product_brand":[],"product_cat":[132,362],"product_tag":[],"class_list":{"0":"post-942474","1":"product","2":"type-product","3":"status-publish","4":"has-post-thumbnail","6":"product_cat-lectures-per-preadolescents-6-12-anys","7":"product_cat-libros-preadolescentes-6-12-anos","9":"first","10":"instock","11":"taxable","12":"shipping-taxable","13":"purchasable","14":"product-type-simple"},"acf":{"autor":"SANTIAGO, ROBERTO \/ SANTOS MOLINA, EDUARDO DE LOS","codart":"840827551","libros-coleccion":"FORA DE COL.LECCI\u00d3","ediciones":"1","encuadernacion":"R\u00fastica","fecha_de_publicacion":"01\/11\/2023","novedad":"1","paginas":"340","subtitulo":"","orden":"0","portada":"0","idioma":"cat","editorial":[{"ID":6233,"post_author":"3","post_date":"2022-07-28 17:47:48","post_date_gmt":"2022-07-28 15:47:48","post_content":"","post_title":"EDITORIAL PLANETA","post_excerpt":"","post_status":"publish","comment_status":"closed","ping_status":"closed","post_password":"","post_name":"editorial-planeta","to_ping":"","pinged":"","post_modified":"2022-07-28 17:47:48","post_modified_gmt":"2022-07-28 15:47:48","post_content_filtered":"","post_parent":0,"guid":"http:\/\/dev.claret.cat\/editorial\/editorial-planeta\/","menu_order":0,"post_type":"editorial","post_mime_type":"","comment_count":"0","filter":"raw"}],"autores-libros":[{"ID":5425,"post_author":"3","post_date":"2022-07-28 17:23:40","post_date_gmt":"2022-07-28 15:23:40","post_content":"","post_title":"EDUARDO DE LOS SANTOS MOLINA","post_excerpt":"","post_status":"publish","comment_status":"closed","ping_status":"closed","post_password":"","post_name":"eduardo-de-los-santos-molina","to_ping":"","pinged":"","post_modified":"2022-07-28 17:23:40","post_modified_gmt":"2022-07-28 15:23:40","post_content_filtered":"","post_parent":0,"guid":"http:\/\/dev.claret.cat\/autor\/eduardo-de-los-santos-molina\/","menu_order":0,"post_type":"autor","post_mime_type":"","comment_count":"0","filter":"raw"},{"ID":5984,"post_author":"3","post_date":"2022-07-28 17:35:41","post_date_gmt":"2022-07-28 15:35:41","post_content":"","post_title":"ROBERTO SANTIAGO","post_excerpt":"","post_status":"publish","comment_status":"closed","ping_status":"closed","post_password":"","post_name":"roberto-santiago","to_ping":"","pinged":"","post_modified":"2022-07-28 17:35:41","post_modified_gmt":"2022-07-28 15:35:41","post_content_filtered":"","post_parent":0,"guid":"http:\/\/dev.claret.cat\/autor\/roberto-santiago\/","menu_order":0,"post_type":"autor","post_mime_type":"","comment_count":"0","filter":"raw"}],"booktrailer":"","resenas":""},"aioseo_notices":[],"_links":{"self":[{"href":"https:\/\/www.claret.cat\/es\/wp-json\/wp\/v2\/product\/942474","targetHints":{"allow":["GET"]}}],"collection":[{"href":"https:\/\/www.claret.cat\/es\/wp-json\/wp\/v2\/product"}],"about":[{"href":"https:\/\/www.claret.cat\/es\/wp-json\/wp\/v2\/types\/product"}],"wp:featuredmedia":[{"embeddable":true,"href":"https:\/\/www.claret.cat\/es\/wp-json\/wp\/v2\/media\/942475"}],"wp:attachment":[{"href":"https:\/\/www.claret.cat\/es\/wp-json\/wp\/v2\/media?parent=942474"}],"wp:term":[{"taxonomy":"product_brand","embeddable":true,"href":"https:\/\/www.claret.cat\/es\/wp-json\/wp\/v2\/product_brand?post=942474"},{"taxonomy":"product_cat","embeddable":true,"href":"https:\/\/www.claret.cat\/es\/wp-json\/wp\/v2\/product_cat?post=942474"},{"taxonomy":"product_tag","embeddable":true,"href":"https:\/\/www.claret.cat\/es\/wp-json\/wp\/v2\/product_tag?post=942474"}],"curies":[{"name":"wp","href":"https:\/\/api.w.org\/{rel}","templated":true}]}}