{"id":942534,"date":"2023-11-21T17:46:03","date_gmt":"2023-11-21T16:46:03","guid":{"rendered":"https:\/\/www.claret.cat\/llibre\/estuche-las-estaciones-de-lucia-mi-pediatra-9788408279419\/"},"modified":"2023-11-21T18:01:00","modified_gmt":"2023-11-21T17:01:00","slug":"estuche-las-estaciones-de-lucia-mi-pediatra-9788408279419","status":"publish","type":"product","link":"https:\/\/www.claret.cat\/es\/libro\/estuche-las-estaciones-de-lucia-mi-pediatra-9788408279419\/","title":{"rendered":"ESTUCHE LAS ESTACIONES DE LUC\u00cdA, MI PEDIATRA"},"content":{"rendered":"<p>Disfruta de un a\u00f1o de cuentos con este pack de la pediatra m\u00e1s medi\u00e1tica de nuestro pa\u00eds.Desde la experiencia de su profesio\u00b4n y la sensibilidad de su maternidad, la autora y pediatra Luci\u00b4a Gala\u00b4n Bertrand ha creado un recopilatorio de cuatro cuentos para acompan~ar a los ma\u00b4s pequen~os en su desarrollo que podr\u00e9is leer en cada estaci\u00f3n del a\u00f1o. <br \/> Un estuche en el que encontrar\u00e1s los 4 libros estacionales de Luc\u00eda, mi pediatra:<br \/> &#8211; Cuentos de invierno de Luc\u00eda, mi pediatra<br \/> &#8211; Cuentos de primavera de Luc\u00eda, mi pediatra<br \/> &#8211; Cuentos de verano de Luc\u00eda, mi pediatra<br \/> &#8211; Cuentos de oto\u00f1o de Luc\u00eda, mi pediatra<br \/> En invierno, los resfriados y la bronquitis son muy comunes, as\u00ed que aprender\u00e1n muchas cosas sobre los virus y sobre c\u00f3mo cuidarse. Durante la primavera, la naturaleza florece y suelen aparecer muchas alergias. Por eso, tambi\u00e9n es un buen momento para visitar a la alerg\u00f3loga. En oto\u00f1o, las hojas de los \u00e1rboles comienzan a caer y\u2026 \u00a1tambi\u00e9n empieza la escuela! Lola conocer\u00e1 a un ni\u00f1o de su clase con una enfermedad que le har\u00e1 aprender que \u00abtodos somos extraordinarios\u00bb. En verano, Lola y Toni ir\u00e1n de vacaciones a la playa con su familia y deber\u00e1n estar atentos a los efectos del sol\u2026 \u00a1y de las medusas!<br \/> Entre enfermedades y visitas al m\u00e9dico, Luc\u00eda mi pediatra se pone en la piel de los m\u00e1s peque\u00f1os, haci\u00e9ndoles entender de una manera directa y sencilla aquello que les pasa tanto f\u00edsicamente como emocionalmente. <br \/> Adem\u00e1s de los cuentos que se encuentran en cada libro, hay dos secciones muy interesantes: una con preguntas para que los peque\u00f1os consoliden aquello que han aprendido en las historias y la otra para las familias, con consejos sobre c\u00f3mo dirigirse a sus criaturas y ense\u00f1arles a gestionar lo que les pasa.<br \/> \u00a1Un kit de primeros auxilios sobre educaci\u00f3n emocional y de salud imprescindible para familias!<\/p>\n","protected":false},"excerpt":{"rendered":"<p>GAL\u00c1N BERTRAND, LUC\u00cdA<\/p>\n","protected":false},"featured_media":942535,"template":"","meta":{"_acf_changed":false,"om_disable_all_campaigns":false,"rs_blank_template":"","rs_page_bg_color":"","slide_template_v7":"","inline_featured_image":false,"_monsterinsights_skip_tracking":false,"_monsterinsights_sitenote_active":false,"_monsterinsights_sitenote_note":"","_monsterinsights_sitenote_category":0},"product_brand":[],"product_cat":[131,361],"product_tag":[],"class_list":{"0":"post-942534","1":"product","2":"type-product","3":"status-publish","4":"has-post-thumbnail","6":"product_cat-contes-per-infants-0-6-anys","7":"product_cat-cuentos-para-ninos-0-6-anos","9":"first","10":"instock","11":"taxable","12":"shipping-taxable","13":"purchasable","14":"product-type-simple"},"acf":{"autor":"GAL\u00c1N BERTRAND, LUC\u00cdA","codart":"840827941","libros-coleccion":"FORA DE COL.LECCI\u00d3","ediciones":"1","encuadernacion":"R\u00fastica","fecha_de_publicacion":"01\/11\/2023","novedad":"1","paginas":"320","subtitulo":"","orden":"0","portada":"0","idioma":"spa","editorial":[{"ID":6233,"post_author":"3","post_date":"2022-07-28 17:47:48","post_date_gmt":"2022-07-28 15:47:48","post_content":"","post_title":"EDITORIAL PLANETA","post_excerpt":"","post_status":"publish","comment_status":"closed","ping_status":"closed","post_password":"","post_name":"editorial-planeta","to_ping":"","pinged":"","post_modified":"2022-07-28 17:47:48","post_modified_gmt":"2022-07-28 15:47:48","post_content_filtered":"","post_parent":0,"guid":"http:\/\/dev.claret.cat\/editorial\/editorial-planeta\/","menu_order":0,"post_type":"editorial","post_mime_type":"","comment_count":"0","filter":"raw"}],"autores-libros":[{"ID":5745,"post_author":"3","post_date":"2022-07-28 17:30:33","post_date_gmt":"2022-07-28 15:30:33","post_content":"","post_title":"LUC\u00cdA GAL\u00c1N BERTRAND","post_excerpt":"","post_status":"publish","comment_status":"closed","ping_status":"closed","post_password":"","post_name":"lucia-galan-bertrand","to_ping":"","pinged":"","post_modified":"2022-07-28 17:30:33","post_modified_gmt":"2022-07-28 15:30:33","post_content_filtered":"","post_parent":0,"guid":"http:\/\/dev.claret.cat\/autor\/lucia-galan-bertrand\/","menu_order":0,"post_type":"autor","post_mime_type":"","comment_count":"0","filter":"raw"}]},"aioseo_notices":[],"_links":{"self":[{"href":"https:\/\/www.claret.cat\/es\/wp-json\/wp\/v2\/product\/942534","targetHints":{"allow":["GET"]}}],"collection":[{"href":"https:\/\/www.claret.cat\/es\/wp-json\/wp\/v2\/product"}],"about":[{"href":"https:\/\/www.claret.cat\/es\/wp-json\/wp\/v2\/types\/product"}],"wp:featuredmedia":[{"embeddable":true,"href":"https:\/\/www.claret.cat\/es\/wp-json\/wp\/v2\/media\/942535"}],"wp:attachment":[{"href":"https:\/\/www.claret.cat\/es\/wp-json\/wp\/v2\/media?parent=942534"}],"wp:term":[{"taxonomy":"product_brand","embeddable":true,"href":"https:\/\/www.claret.cat\/es\/wp-json\/wp\/v2\/product_brand?post=942534"},{"taxonomy":"product_cat","embeddable":true,"href":"https:\/\/www.claret.cat\/es\/wp-json\/wp\/v2\/product_cat?post=942534"},{"taxonomy":"product_tag","embeddable":true,"href":"https:\/\/www.claret.cat\/es\/wp-json\/wp\/v2\/product_tag?post=942534"}],"curies":[{"name":"wp","href":"https:\/\/api.w.org\/{rel}","templated":true}]}}