{"id":942675,"date":"2023-11-22T11:25:02","date_gmt":"2023-11-22T10:25:02","guid":{"rendered":"https:\/\/www.claret.cat\/llibre\/el-informe-penkse-9788419583383\/"},"modified":"2023-11-22T17:55:38","modified_gmt":"2023-11-22T16:55:38","slug":"el-informe-penkse-9788419583383","status":"publish","type":"product","link":"https:\/\/www.claret.cat\/es\/libro\/el-informe-penkse-9788419583383\/","title":{"rendered":"EL INFORME PENKSE"},"content":{"rendered":"<p>El protagonista de esta novela es un empleado ejemplar: solo llega quince minutos tarde al trabajo \u2014no por falta de tiempo, sino de ganas\u2014 y se sabe el nombre de casi todos sus compa\u00f1eros, a cuyos correos incluso contesta a veces. Ejemplares son tambi\u00e9n sus aspiraciones: movido por el deseo de hacer carrera, se decide a participar en un duro proceso de selecci\u00f3n en otra empresa. Tras superar una disparatada y sangrienta prueba de grupo y una exigente entrevista con un gato, para incorporarse a su nuevo puesto solo tendr\u00e1 que notificar la baja voluntaria a Recursos Humanos y terminar de redactar el informe Penkse, una tarea de apenas una tarde que lleva posponiendo casi un a\u00f1o. Sin embargo, pasan las tardes y las semanas, el informe sigue abierto y el redactor no es capaz de abandonar una oficina en la que las reuniones duran meses y los viajes de empresa se hacen con sherpas.<br \/> Entre lo kafkiano y el absurdo, Rubio Hancock escribe una novela desternillante acerca del trabajo y los sinsentidos de la servidumbre laboral. En la empresa de \u00abEl informe Penkse\u00bb conviven historias y personajes construidos con un pulso c\u00f3mico quir\u00fargico que, siguiendo la tradici\u00f3n de Eduardo Mendoza o Miguel Gila, destaca a Rubio como uno de los mayores expertos en humor de nuestro pa\u00eds.<\/p>\n","protected":false},"excerpt":{"rendered":"<p>RUBIO HANCOCK, JAIME<\/p>\n","protected":false},"featured_media":942847,"template":"","meta":{"_acf_changed":false,"om_disable_all_campaigns":false,"rs_blank_template":"","rs_page_bg_color":"","slide_template_v7":"","inline_featured_image":false,"_monsterinsights_skip_tracking":false,"_monsterinsights_sitenote_active":false,"_monsterinsights_sitenote_note":"","_monsterinsights_sitenote_category":0},"product_brand":[],"product_cat":[127,357],"product_tag":[],"class_list":{"0":"post-942675","1":"product","2":"type-product","3":"status-publish","4":"has-post-thumbnail","6":"product_cat-novella-contemporania","7":"product_cat-novela-contemporanea","9":"first","10":"instock","11":"taxable","12":"shipping-taxable","13":"purchasable","14":"product-type-simple"},"acf":{"autor":"RUBIO HANCOCK, JAIME","codart":"841958338","libros-coleccion":"FORA DE COL.LECCI\u00d3","ediciones":"1","encuadernacion":"R\u00fastica","fecha_de_publicacion":"01\/11\/2023","novedad":"1","paginas":"241","subtitulo":"","orden":"0","portada":"0","idioma":"spa","editorial":[{"ID":147415,"post_author":"3","post_date":"2022-10-14 11:50:24","post_date_gmt":"2022-10-14 09:50:24","post_content":"","post_title":"Altamarea Ediciones","post_excerpt":"","post_status":"publish","comment_status":"closed","ping_status":"closed","post_password":"","post_name":"altamarea-ediciones","to_ping":"","pinged":"","post_modified":"2022-10-14 11:50:24","post_modified_gmt":"2022-10-14 09:50:24","post_content_filtered":"","post_parent":0,"guid":"http:\/\/dev.claret.cat\/editorial\/altamarea-ediciones\/","menu_order":0,"post_type":"editorial","post_mime_type":"","comment_count":"0","filter":"raw"}],"autores-libros":[{"ID":158366,"post_author":"3","post_date":"2022-10-14 15:36:16","post_date_gmt":"2022-10-14 13:36:16","post_content":"","post_title":"JAIME RUBIO HANCOCK","post_excerpt":"","post_status":"publish","comment_status":"closed","ping_status":"closed","post_password":"","post_name":"jaime-rubio-hancock","to_ping":"","pinged":"","post_modified":"2022-10-14 15:36:16","post_modified_gmt":"2022-10-14 13:36:16","post_content_filtered":"","post_parent":0,"guid":"http:\/\/dev.claret.cat\/autor\/jaime-rubio-hancock\/","menu_order":0,"post_type":"autor","post_mime_type":"","comment_count":"0","filter":"raw"}]},"aioseo_notices":[],"_links":{"self":[{"href":"https:\/\/www.claret.cat\/es\/wp-json\/wp\/v2\/product\/942675","targetHints":{"allow":["GET"]}}],"collection":[{"href":"https:\/\/www.claret.cat\/es\/wp-json\/wp\/v2\/product"}],"about":[{"href":"https:\/\/www.claret.cat\/es\/wp-json\/wp\/v2\/types\/product"}],"wp:featuredmedia":[{"embeddable":true,"href":"https:\/\/www.claret.cat\/es\/wp-json\/wp\/v2\/media\/942847"}],"wp:attachment":[{"href":"https:\/\/www.claret.cat\/es\/wp-json\/wp\/v2\/media?parent=942675"}],"wp:term":[{"taxonomy":"product_brand","embeddable":true,"href":"https:\/\/www.claret.cat\/es\/wp-json\/wp\/v2\/product_brand?post=942675"},{"taxonomy":"product_cat","embeddable":true,"href":"https:\/\/www.claret.cat\/es\/wp-json\/wp\/v2\/product_cat?post=942675"},{"taxonomy":"product_tag","embeddable":true,"href":"https:\/\/www.claret.cat\/es\/wp-json\/wp\/v2\/product_tag?post=942675"}],"curies":[{"name":"wp","href":"https:\/\/api.w.org\/{rel}","templated":true}]}}