{"id":942702,"date":"2023-11-22T13:05:01","date_gmt":"2023-11-22T12:05:01","guid":{"rendered":"https:\/\/www.claret.cat\/llibre\/en-coixi-dherba-9788419657374\/"},"modified":"2024-01-31T20:53:14","modified_gmt":"2024-01-31T19:53:14","slug":"en-coixi-dherba-9788419657374","status":"publish","type":"product","link":"https:\/\/www.claret.cat\/es\/libro\/en-coixi-dherba-9788419657374\/","title":{"rendered":"EN COIX\u00cd D&#8217;HERBA"},"content":{"rendered":"<p>Miquel Desclot ens porta l&#8217;antologia m\u00e9s gran de l\u00edrica cl\u00e0ssica japonesaAquest \u00e9s el llibre de poesia m\u00e9s recent de Miquel Desclot. I tamb\u00e9 la gran antologia de l\u00edrica cl\u00e0ssica japonesa que trobarem en catal\u00e0: cent setanta autors, des del segle iv fins a l&#8217;actualitat, amb haik\u00fas i tankes triats i versionats \u2014o \u00abanostrats\u00bb en la tradici\u00f3 de Mari\u00e0 Manent i les seves \u00abinterpretacions\u00bb de poesia xinesa\u2014 pel poeta Miquel Desclot. A partir d&#8217;una primera antologia publicada el 1995, Per tot coix\u00ed les herbes, Desclot ha m\u00e9s que duplicat la quantitat d&#8217;autors i poemes, alhora que n&#8217;ha revisat aquells que ja hi eren presents. El volum va acompanyat de pr\u00f2legs d&#8217;\u00c1ngel Crespo i Jordi Mas L\u00f3pez, que tamb\u00e9 constitueixen una excel\u00b7lent introducci\u00f3 a la l\u00edrica japonesa i completen un volum de poesia \u00fanic, un llibre excepcional de poesia japonesa escrita en catal\u00e0.<\/p>\n","protected":false},"excerpt":{"rendered":"<p>DESCLOT, MIQUEL<\/p>\n","protected":false},"featured_media":942730,"template":"","meta":{"_acf_changed":false,"om_disable_all_campaigns":false,"rs_blank_template":"","rs_page_bg_color":"","slide_template_v7":"","inline_featured_image":false,"_monsterinsights_skip_tracking":false,"_monsterinsights_sitenote_active":false,"_monsterinsights_sitenote_note":"","_monsterinsights_sitenote_category":0},"product_brand":[],"product_cat":[121,340,358,128],"product_tag":[],"class_list":{"0":"post-942702","1":"product","2":"type-product","3":"status-publish","4":"has-post-thumbnail","6":"product_cat-poesia","7":"product_cat-poesia-5_otras","8":"product_cat-poesia-contemporanea","9":"product_cat-poesia-contemporania","11":"first","12":"instock","13":"taxable","14":"shipping-taxable","15":"purchasable","16":"product-type-simple"},"acf":{"autor":"DESCLOT, MIQUEL","codart":"841965737","libros-coleccion":"OSSA MENOR","ediciones":"1","encuadernacion":"Carton\u00e9","fecha_de_publicacion":"01\/11\/2023","novedad":"1","paginas":"360","subtitulo":"DE LA L\u00cdRICA CL\u00c0SSICA JAPONESA","orden":"0","portada":"0","idioma":"cat","editorial":[{"ID":6336,"post_author":"3","post_date":"2022-07-28 17:50:00","post_date_gmt":"2022-07-28 15:50:00","post_content":"","post_title":"Proa","post_excerpt":"","post_status":"publish","comment_status":"closed","ping_status":"closed","post_password":"","post_name":"proa","to_ping":"","pinged":"","post_modified":"2022-07-28 17:50:00","post_modified_gmt":"2022-07-28 15:50:00","post_content_filtered":"","post_parent":0,"guid":"http:\/\/dev.claret.cat\/editorial\/proa\/","menu_order":0,"post_type":"editorial","post_mime_type":"","comment_count":"0","filter":"raw"}],"autores-libros":[{"ID":165148,"post_author":"3","post_date":"2022-10-14 17:52:48","post_date_gmt":"2022-10-14 15:52:48","post_content":"","post_title":"MIQUEL DESCLOT","post_excerpt":"","post_status":"publish","comment_status":"closed","ping_status":"closed","post_password":"","post_name":"miquel-desclot","to_ping":"","pinged":"","post_modified":"2022-10-14 17:52:48","post_modified_gmt":"2022-10-14 15:52:48","post_content_filtered":"","post_parent":0,"guid":"http:\/\/dev.claret.cat\/autor\/miquel-desclot\/","menu_order":0,"post_type":"autor","post_mime_type":"","comment_count":"0","filter":"raw"}]},"aioseo_notices":[],"_links":{"self":[{"href":"https:\/\/www.claret.cat\/es\/wp-json\/wp\/v2\/product\/942702","targetHints":{"allow":["GET"]}}],"collection":[{"href":"https:\/\/www.claret.cat\/es\/wp-json\/wp\/v2\/product"}],"about":[{"href":"https:\/\/www.claret.cat\/es\/wp-json\/wp\/v2\/types\/product"}],"wp:featuredmedia":[{"embeddable":true,"href":"https:\/\/www.claret.cat\/es\/wp-json\/wp\/v2\/media\/942730"}],"wp:attachment":[{"href":"https:\/\/www.claret.cat\/es\/wp-json\/wp\/v2\/media?parent=942702"}],"wp:term":[{"taxonomy":"product_brand","embeddable":true,"href":"https:\/\/www.claret.cat\/es\/wp-json\/wp\/v2\/product_brand?post=942702"},{"taxonomy":"product_cat","embeddable":true,"href":"https:\/\/www.claret.cat\/es\/wp-json\/wp\/v2\/product_cat?post=942702"},{"taxonomy":"product_tag","embeddable":true,"href":"https:\/\/www.claret.cat\/es\/wp-json\/wp\/v2\/product_tag?post=942702"}],"curies":[{"name":"wp","href":"https:\/\/api.w.org\/{rel}","templated":true}]}}